{"id":25791,"date":"2023-09-01T14:03:30","date_gmt":"2023-09-01T14:03:30","guid":{"rendered":"https:\/\/taggrs.io\/server-side-tracking-checkliste-starten-sie-sst-noch-heute\/"},"modified":"2026-01-02T13:14:43","modified_gmt":"2026-01-02T13:14:43","slug":"checklist","status":"publish","type":"page","link":"https:\/\/taggrs.io\/de\/server-side-tracking\/checklist\/","title":{"rendered":"Server Side Tracking Checkliste: Starten Sie SST noch heute"},"content":{"rendered":"\n<p>Mit dieser Server Side Tracking-Checkliste haben wir \u00fcber 10000 Unternehmen geholfen, mehr Konversionen und Einnahmen zu erzielen.  <\/p>\n\n\n\n<figure class=\"wp-block-image size-large\"><img decoding=\"async\" width=\"1024\" height=\"428\" src=\"https:\/\/taggrs.io\/wp-content\/uploads\/2024\/11\/taggrs-analytics-1024x428.png\" alt=\"taggrs-analytics\" class=\"wp-image-54569\" title=\"\"><\/figure>\n\n\n\n<p><\/p>\n\n\n\n<div class=\"wp-block-group blokje\"><div class=\"wp-block-group__inner-container is-layout-constrained wp-block-group-is-layout-constrained\">\n<h2 class=\"wp-block-heading\" id=\"\ud83d\udd11-belangrijkste-punten\">\ud83d\udd11 Wichtige Punkte<\/h2>\n\n\n\n<ol class=\"wp-block-list\">\n<li><strong>Umfassende Checkliste:<\/strong> Die TAGGRS Server Side Tracking (SST) Checkliste enth\u00e4lt 28 sorgf\u00e4ltig ausgew\u00e4hlte Aufgaben f\u00fcr eine optimale SST-Einrichtung, die sowohl f\u00fcr Anf\u00e4nger als auch f\u00fcr erfahrene Benutzer geeignet sind.<\/li>\n\n\n\n<li><strong>Erste Schritte:<\/strong> Die Checkliste hilft Ihnen dabei, ein GA4-Konto einzurichten, Ihre Subdomain zu validieren und die Daten\u00fcbermittlung an Ihren Server-Container einzuleiten.<\/li>\n\n\n\n<li><strong>Erweiterte Tools:<\/strong> Neben den grundlegenden Tracking-Funktionen bietet TAGGRS zus\u00e4tzliche Tools wie Data Enrichment und GDPR Mode zur weiteren Optimierung.<\/li>\n\n\n\n<li>Consent Mode A<strong>VG und Datenschutz:<\/strong> Die Checkliste enth\u00e4lt auch eine Anleitung zur Einhaltung von AVG durch Hinzuf\u00fcgen des Server-Containers. <\/li>\n<\/ol>\n<\/div><\/div>\n\n\n\n<p>Sie haben wahrscheinlich schon davon geh\u00f6rt, wissen aber nicht, wo Sie anfangen sollen: Server Side Tracking ist ein wichtiger Aspekt in der heutigen digitalen Welt. Es ist verst\u00e4ndlich, wenn Ihnen die Terminologie und die Komplexit\u00e4t anfangs \u00fcberw\u00e4ltigend erscheinen. Deshalb haben wir eine umfassende Checkliste zusammengestellt, die Sie bei der Einrichtung Ihres Server Side Tracking unterst\u00fctzt.  <\/p>\n\n\n\n<p>Diese Liste enth\u00e4lt 28 sorgf\u00e4ltig ausgew\u00e4hlte Aufgaben, die f\u00fcr eine optimale SST-Einrichtung unerl\u00e4sslich sind. Egal, ob Sie gerade erst anfangen und versuchen, sich mit den Grundlagen vertraut zu machen, oder ob Sie ein erfahrener Benutzer sind, der nach fortgeschrittenen Tools und Techniken sucht, diese Checkliste wird Ihnen als allumfassender Bezugspunkt f\u00fcr Server Side Tracking dienen. <\/p>\n\n\n\n<p>M\u00f6chten Sie die Checkliste lieber als Tabellenkalkulation haben? Sehen Sie sich die <a href=\"https:\/\/docs.google.com\/spreadsheets\/d\/1mZuHWhwZSO-bsDRqTOynj4i6ZV1aVbVj59ATDTiiA_M\/edit#gid=1413688472\" target=\"_blank\" rel=\"noopener\">Spreadsheet-Version<\/a> an.<\/p>\n\n\n\n<p><strong><em>Tipp: <a style=\"font-weight: bold;\" href=\"https:\/\/app.taggrs.io\/register\">Erstellen Sie ein kostenloses TAGGRS-Konto<\/a> (keine Kreditkarte erforderlich), damit Sie die Schritte in diesem Leitfaden nachvollziehen k\u00f6nnen<\/em>.<\/strong><\/p>\n\n\n\n<h2 class=\"wp-block-heading\" id=\"hoe-moet-je-deze-server-side-tracking-checklist-gebruiken\">Wie sollten Sie diese Checkliste zum Server Side Tracking verwenden?<\/h2>\n\n\n\n<p>Wir haben diese Checkliste in Abschnitte unterteilt, die die wichtigsten Problembereiche beim Server Side Tracking abdecken:<\/p>\n\n\n\n<ul class=\"wp-block-list\">\n<li>Bevor Sie beginnen<\/li>\n\n\n\n<li>Grundlegende Einrichtung  <\/li>\n\n\n\n<li>Bonus<\/li>\n<\/ul>\n\n\n\n<h2 class=\"wp-block-heading\" id=\"voordat-je-start-met-deze-sst-checklist\">Bevor Sie mit dieser SST-Checkliste beginnen<\/h2>\n\n\n\n<p>Bevor Sie das Server Side Tracking starten k\u00f6nnen, m\u00fcssen einige Punkte festgelegt werden:<\/p>\n\n\n\n<ul class=\"wp-block-list\">\n<li><a href=\"https:\/\/support.google.com\/analytics\/answer\/9304153?hl=en\" target=\"_blank\" rel=\"noopener\">GA4-Konto erstellt<\/a><\/li>\n\n\n\n<li>Web-Container (Client-Seite) Google Tag Manager einrichten<\/li>\n\n\n\n<li>Webshop? F\u00fcgen Sie einen <a href=\"https:\/\/support.google.com\/google-ads\/answer\/13262500?hl=en\" target=\"_blank\" rel=\"noopener\">GA4 Datalayer<\/a> zu Ihrer Website hinzu <\/li>\n<\/ul>\n\n\n\n<p><strong>Option<\/strong>: <a href=\"https:\/\/support.google.com\/google-ads\/answer\/13262500?hl=en\" target=\"_blank\" rel=\"noopener\">Erweiterte Konvertierungsdaten<\/a> in der Datenebene hinzuf\u00fcgen (kaufen).  <\/p>\n\n\n\n<h2 class=\"wp-block-heading\" id=\"server-side-tracking-basis-checklist\">Server Side Tracking Grundlegende Checkliste<\/h2>\n\n\n\n<p>Wenn Sie gerade erst mit Server Side Tracking beginnen, ist es wichtig, eine solide Grundlage zu schaffen. Dieser Abschnitt der Checkliste soll Ihnen speziell bei den ersten, entscheidenden Schritten zur Einrichtung von Server Side Tracking \u00fcber TAGGRS und Google Tag Manager helfen. Hier geht es um die Erstellung eines TAGGRS-Kontos und eines Containers, die Validierung Ihrer Subdomain und die \u00dcbermittlung von Daten an Ihren Server-Container. Betrachten Sie diesen Abschnitt als Ihren Bezugspunkt f\u00fcr die grundlegenden Elemente, die f\u00fcr einen erfolgreichen Start mit Server Side Tracking erforderlich sind.   <\/p>\n\n\n\n<h3 class=\"wp-block-heading\" id=\"1-maak-een-account-container-op-taggrs\">1. Erstellen Sie ein Konto + Container auf TAGGRS<\/h3>\n\n\n\n<p>Wenn Sie mit Server Side Tracking beginnen m\u00f6chten, ben\u00f6tigen Sie einen <strong>Server Side Tracking-Hosting-Anbieter<\/strong> f\u00fcr Server Side Tracking. Die durch Server Side Tracking gesammelten Daten m\u00fcssen irgendwo gespeichert und verarbeitet werden. Dies geschieht auf einem Server. Ein Hosting-Anbieter stellt Ihnen den Platz auf einem Server zur Verf\u00fcgung, um diese Daten zu speichern und zu verarbeiten.   <\/p>\n\n\n\n<p>In dem folgenden Video zeigen wir Ihnen, wie Sie einen Container auf TAGGRS (SST-Hosting-Anbieter) erstellen.<\/p>\n\n\n\n<figure class=\"wp-block-embed is-type-video is-provider-youtube wp-block-embed-youtube wp-embed-aspect-16-9 wp-has-aspect-ratio\"><div class=\"wp-block-embed__wrapper\">\n<iframe title=\"How to Create a Container on TAGGRS to Start Server Side Tracking\" width=\"500\" height=\"281\" src=\"https:\/\/www.youtube.com\/embed\/fekT2fC2DHE?feature=oembed\" frameborder=\"0\" allow=\"accelerometer; autoplay; clipboard-write; encrypted-media; gyroscope; picture-in-picture; web-share\" referrerpolicy=\"strict-origin-when-cross-origin\" allowfullscreen><\/iframe>\n<\/div><\/figure>\n\n\n\n<p><strong>Noch kein Konto?<\/strong> <a style=\"font-weight: bold;\" href=\"https:\/\/app.taggrs.io\/register\">Erstellen Sie ein kostenloses TAGGRS-Konto<\/a> (keine Kreditkarte erforderlich), damit Sie mit Server Side Tracking beginnen k\u00f6nnen.<\/p>\n\n\n\n<p><strong>Stellen Sie sicher, dass die folgenden Aufgaben abgehakt sind:<\/strong><\/p>\n\n\n\n<ul class=\"wp-block-list\">\n<li>Einen Server-Container in GTM erstellen<\/li>\n\n\n\n<li>Erstellen Sie eine Subdomain und validieren Sie sie auf TAGGRS  <\/li>\n<\/ul>\n\n\n\n<h3 class=\"wp-block-heading\" id=\"2-verstuur-data-naar-de-server-container\">2. Daten an den Server Container senden<\/h3>\n\n\n\n<p>Nachdem Sie ein <strong>Konto + Container<\/strong> erstellt und sichergestellt haben, dass Ihre Subdomain validiert ist, ist es an der Zeit, die Daten aus dem Web-Container an den Server-Container zu senden, damit Sie Daten von der Website zur Verarbeitung und Analyse an den Server senden k\u00f6nnen. Dazu f\u00fcgen Sie Ihre erstellte Subdomain zu Ihrem <strong>Google Tag<\/strong> hinzu. Sehen Sie sich das Video unten an, um den Google Tag einzurichten. Haben Sie den Google Tag bereits eingerichtet und m\u00f6chten nur die Daten an den Server weiterleiten? Dann f\u00fcgen Sie unter Konfigurationsparameter Folgendes hinzu:    <\/p>\n\n\n\n<ul class=\"wp-block-list\">\n<li><strong>Parameter:<\/strong> server_container_url  <\/li>\n\n\n\n<li>[Tagging server URL]W<strong>ert:<\/strong> https:\/\/ \/<\/li>\n<\/ul>\n\n\n\n<figure class=\"wp-block-video\"><video controls src=\"https:\/\/taggrs.io\/wp-content\/uploads\/2024\/01\/Send_data_to_server_container_Google_Tag_Manager-1.mov\"><\/video><\/figure>\n\n\n\n<p><strong>Die Grundlagen sind geschaffen, jetzt k\u00f6nnen Sie mit dem Server Side Tracking beginnen!  <\/strong><\/p>\n\n\n\n<h3 class=\"wp-block-heading\" id=\"3-tags-implementeren\">3. Implementierung von Tags<\/h3>\n\n\n\n<p>Nun, da die Grundlagen geschaffen sind, besteht der n\u00e4chste Schritt darin, die Tags einzurichten. Um Tags \u00fcber <a href=\"\" target=\"\" rel=\"\">server side tagging<\/a> einzurichten, verwenden wir <strong>zwei Container<\/strong> in Google Tag Manager. Einen Web-Container (client-seitig) (das ist der Containertyp, den Sie jetzt wahrscheinlich schon verwenden) und einen Server-Container (server-seitig), den Sie gerade erstellt haben.  <\/p>\n\n\n\n<h4 class=\"wp-block-heading\" id=\"welke-tags-zijn-er\">Welche Tags gibt es?<\/h4>\n\n\n\n<p>Nicht jede Software hat eine serverseitige L\u00f6sung.&gt; Um herauszufinden, ob Ihre Software eine serverseitige L\u00f6sung bietet, gehen Sie zum Server Container -- Tags. Von dort aus klicken Sie auf <strong>'neu<\/strong>'. Sie sehen dann eine Standardliste von Google-Tags. Alle diese Tags sind verf\u00fcgbar.      <\/p>\n\n\n\n<h4 class=\"wp-block-heading\" id=\"implementatie\">Implementierung<\/h4>\n\n\n\n<p>Wir haben f\u00fcr die von den meisten Unternehmen verwendeten Tags Blogs geschrieben, in denen wir Schritt f\u00fcr Schritt erkl\u00e4ren, wie sie serverseitig eingerichtet werden:  <\/p>\n\n\n\n<figure class=\"wp-block-image size-large\"><img decoding=\"async\" width=\"1024\" height=\"572\" src=\"https:\/\/taggrs.io\/wp-content\/uploads\/2023\/09\/taggrs-dashboard-implement-your-tags-1024x572.png\" alt=\"taggrs-dashboard-implementiere-deine-tags\" class=\"wp-image-34005\" title=\"\"><\/figure>\n\n\n\n<p>Wir versuchen, es unseren Kunden so einfach wie m\u00f6glich zu machen, deshalb haben wir eine <a href=\"\/de\/?p=34977\"><strong>TAGGRS Template Gallery<\/strong><\/a>in der Sie voreingestellte GTM-Vorlagen von unseren Experten herunterladen k\u00f6nnen. Sie finden diese Vorlagen in Ihrem TAGGRS Dashboard. Au\u00dferdem bieten wir eine kostenlose <a href=\"\/de\/?p=21033\" target=\"_blank\" rel=\"noreferrer noopener\">GTM Copy Paste-Erweiterung <\/a>f\u00fcr das einfache Kopieren und Einf\u00fcgen von GTM-Elementen.  <\/p>\n\n\n\n<h3 class=\"wp-block-heading\" id=\"4-check-of-de-event-i-ds-matchen\">4. Pr\u00fcfen Sie, ob die Ereignis-IDs \u00fcbereinstimmen<\/h3>\n\n\n\n<p>\u00dcberpr\u00fcfen Sie, ob die <strong>Ereignis-ID<\/strong> in den Client-Container-Ereignissen mit der in den Server-Ereignissen \u00fcbereinstimmt. Verwenden Sie dazu den Debug-Modus von Google Tag Manager.   <\/p>\n\n\n\n<p><strong><em>Dies ist nur f\u00fcr Tags erforderlich, die eine Ereignis-Deduplizierung erfordern, wie z.B. bei Facebook. Wir geben in unseren Handb\u00fcchern immer an, ob Sie dies anwenden m\u00fcssen.   <\/em><\/strong><\/p>\n\n\n\n<p>Im Google Tag Manager wechseln Sie sowohl in den clientseitigen als auch in den serverseitigen <strong>Vorschaumodus<\/strong>.  <\/p>\n\n\n\n<ul class=\"wp-block-list\">\n<li><strong>Client-Seite:<\/strong> zum geladenen Container gehen<\/li>\n\n\n\n<li><strong>Serverseite:<\/strong> Zum Seitenaufruf gehen<\/li>\n<\/ul>\n\n\n\n<p>Pr\u00fcfen Sie hier, ob die <strong>Ereignis-ID<\/strong> auf der Client-Seite mit der auf der Server-Seite \u00fcbereinstimmt. Sehen Sie sich das Video unten f\u00fcr weitere Erkl\u00e4rungen an.   <\/p>\n\n\n\n<figure class=\"wp-block-embed is-type-video is-provider-youtube wp-block-embed-youtube wp-embed-aspect-4-3 wp-has-aspect-ratio\"><div class=\"wp-block-embed__wrapper\">\n<iframe title=\"Check if the Event ID in the Web Container events matches those in the Server Events\" width=\"500\" height=\"375\" src=\"https:\/\/www.youtube.com\/embed\/7h9Ne10zp9g?feature=oembed\" frameborder=\"0\" allow=\"accelerometer; autoplay; clipboard-write; encrypted-media; gyroscope; picture-in-picture; web-share\" referrerpolicy=\"strict-origin-when-cross-origin\" allowfullscreen><\/iframe>\n<\/div><\/figure>\n\n\n\n<p><em>Manchmal funktioniert der Vorschaumodus nicht richtig. In diesem Fall sollten Sie sich die <strong>Initialisierung<\/strong> auf der <strong>Client-Seite<\/strong> ansehen, anstatt den <strong>Container zu laden<\/strong>.<\/em><\/p>\n\n\n\n<h3 class=\"wp-block-heading\" id=\"5-console-foutmeldingen\">5. Fehlermeldungen der Konsole<\/h3>\n\n\n\n<p>Vergewissern Sie sich in der Konsole der Website, dass Sie keine Fehlermeldungen erhalten. <a href=\"\/de\/?p=36431\">Testen Sie Ihre Server Side Tracking-Einrichtung<\/a>. Beim Debuggen in GTM m\u00fcssen Sie sowohl den Vorschaumodus im Web-Container als auch im Server-Container \u00f6ffnen. Wenn Sie im Server-Container auf den Vorschaumodus klicken, wird m\u00f6glicherweise die folgende Meldung angezeigt:  <\/p>\n\n\n\n<figure class=\"wp-block-image size-large\"><img decoding=\"async\" width=\"1024\" height=\"403\" src=\"https:\/\/taggrs.io\/wp-content\/uploads\/2023\/09\/notice-You-cannot-preview-this-container-1024x403.png\" alt=\"notice-you-cannot-preview-this-container\" class=\"wp-image-34039\" title=\"\"><\/figure>\n\n\n\n<p>Sie k\u00f6nnen diese Meldung beheben, indem Sie zu Container-Einstellungen bearbeiten gehen. F\u00fcgen Sie unter Server-Container-URLs Ihre Subdomain einschlie\u00dflich https:\/\/ hinzu. Sobald Sie dies getan haben, k\u00f6nnen Sie den Vorschaumodus verwenden.  <\/p>\n\n\n\n<figure class=\"wp-block-image size-large\"><img decoding=\"async\" width=\"1024\" height=\"562\" src=\"https:\/\/taggrs.io\/wp-content\/uploads\/2023\/09\/add-Server-container-URL-to-container-gtm-1024x562.png\" alt=\"add-Server-Container-URL-zu-Container-gtm\" class=\"wp-image-34044\" title=\"\"><\/figure>\n\n\n\n<h3 class=\"wp-block-heading\" id=\"6-testmodus\">6. Testmodus  <\/h3>\n\n\n\n<p>Verwenden Sie den Testmodus von GA4\/META, um zu pr\u00fcfen, ob die Daten korrekt \u00fcbertragen werden und, im Falle von META, ob sie dedupliziert sind.<\/p>\n\n\n\n<figure class=\"wp-block-image size-large\"><img decoding=\"async\" width=\"1024\" height=\"746\" src=\"https:\/\/taggrs.io\/wp-content\/uploads\/2023\/04\/facebook-conversion-api-vs-browser-events-events-manager-1024x746.png\" alt=\"facebook-konvertierung-api-vs-browser-events-events-manager\" class=\"wp-image-28750\" title=\"\"><\/figure>\n\n\n\n<h2 class=\"wp-block-heading\" id=\"bonus\">Bonus<\/h2>\n\n\n\n<p>Mit der <a href=\"https:\/\/taggrs.io\/de\/gtm-server-side-tagging-hosting\/\">GTM Server Side Tracking-L\u00f6sung<\/a> von <strong>TAGGRS<\/strong> k\u00f6nnen Sie viel mehr tun, als nur Ihre Daten serverseitig zu verfolgen. Wir haben viele Tools und L\u00f6sungen entwickelt, um Ihr Tracking weiter zu optimieren und mehr Konversionen zu generieren. <\/p>\n\n\n\n<h3 class=\"wp-block-heading\" id=\"de-impact-meten-van-server-side-tracking\">Messung der Auswirkungen von Server Side Tracking<\/h3>\n\n\n\n<p>Dies ist eine der am h\u00e4ufigsten gestellten Fragen: <strong>Wie wirkt sich Server Side Tracking auf mein Gesch\u00e4ft aus?<\/strong><\/p>\n\n\n\n<p>Wir bei TAGGRS wissen, wie wichtig diese Frage ist. Deshalb haben wir das <a href=\"\/de\/?p=21091\">TAGGRS SST-Analysetool<\/a> entwickelt, das genau dies messen kann. Die Einrichtung dieses Tools ist einfach und kann durch Hinzuf\u00fcgen von zwei Tracking-Tags erfolgen. F\u00fcgen Sie das erste Tag dem <strong>Web-Container (Client-Seite)<\/strong> und das zweite Tag dem <strong>Server-Container (Server-Seite)<\/strong> hinzu. Wenn Sie diese Tags hinzuf\u00fcgen, beginnt das Tool automatisch mit der Sammlung und Analyse von Daten und gibt Ihnen einen klaren und detaillierten Einblick in die Auswirkungen von Server Side Tracking.     <\/p>\n\n\n\n<figure class=\"wp-block-image size-full is-resized\"><img decoding=\"async\" width=\"1020\" height=\"1020\" src=\"https:\/\/taggrs.io\/wp-content\/uploads\/2023\/09\/taggrs-analytics-dashboard.png\" alt=\"taggrs-analytics-dashboard\" class=\"wp-image-56849\" style=\"width:457px;height:auto\" title=\"\"><\/figure>\n\n\n\n<h3 class=\"wp-block-heading\" id=\"gebruik-het-taggrs-enhanced-tracking-script\">Verwenden Sie das TAGGRS Enhanced Tracking Script<\/h3>\n\n\n\n<p>Haben Sie Probleme mit dem Tracking aufgrund von Ad-Blockern? Das <a href=\"\">TAGGRS Enhanced Tracking Script<\/a> ist die L\u00f6sung f\u00fcr ein genaueres Server Side Tracking. <\/p>\n\n\n\n<p><strong>Wichtige Punkte:<\/strong><\/p>\n\n\n\n<ul class=\"wp-block-list\">\n<li><strong>Umgehen Sie Werbeblocker<\/strong>: \u00c4ndern Sie den GTM-Code so, dass er nicht blockiert wird.<\/li>\n\n\n\n<li><strong>Mehr Messbarkeit<\/strong>: Erh\u00f6hen Sie die Genauigkeit der Verfolgung um 1-2%.<\/li>\n<\/ul>\n\n\n\n<p>Einfach zu installieren und unerl\u00e4sslich f\u00fcr zuverl\u00e4ssige Daten. Erg\u00e4nzen Sie Ihr SST-Setup f\u00fcr bessere Ergebnisse. <\/p>\n\n\n\n<figure class=\"wp-block-embed is-type-video is-provider-youtube wp-block-embed-youtube wp-embed-aspect-16-9 wp-has-aspect-ratio\"><div class=\"wp-block-embed__wrapper\">\n<iframe title=\"TAGGRS Enhanced Tracking Script - Improve your Tracking results - Set up\" width=\"500\" height=\"281\" src=\"https:\/\/www.youtube.com\/embed\/PpQAuDCgABI?feature=oembed\" frameborder=\"0\" allow=\"accelerometer; autoplay; clipboard-write; encrypted-media; gyroscope; picture-in-picture; web-share\" referrerpolicy=\"strict-origin-when-cross-origin\" allowfullscreen><\/iframe>\n<\/div><\/figure>\n\n\n\n<p><\/p>\n\n\n\n<h3 class=\"wp-block-heading\" id=\"meer-taggrs-tools\">Mehr TAGGRS-Tools<\/h3>\n\n\n\n<p>Neben den oben genannten Tools gibt es weitere <a href=\"https:\/\/taggrs.io\/de\/gtm-server-side-tagging-hosting\/\">TAGGRS-Softwaretools<\/a>, mit denen Sie Ihr Tracking weiter optimieren k\u00f6nnen:<\/p>\n\n\n\n<ul class=\"wp-block-list\">\n<li>Tool zur Datenanreicherung<\/li>\n\n\n\n<li>GDPR-Modus<\/li>\n\n\n\n<li>Webhaken<\/li>\n\n\n\n<li>Multi-Domain-Tool<\/li>\n<\/ul>\n\n\n\n<h3 class=\"wp-block-heading\" id=\"consent-mode-in-google-tag-manager-server-container\">Consent Mode in Google Tag Manager Server Container<\/h3>\n\n\n\n<p>Online-Datenschutz ist ein hei\u00dfes Thema. Dank AVG ist es ein Muss, die Zustimmung der Benutzer \u00fcber Cookie-Banner einzuholen. Aber wie k\u00f6nnen Sie AVG-konform bleiben und trotzdem wertvolle Daten aus Analyse- und Marketing-Cookies sammeln? Consent Mode Die Antwort ist Googles V2.   <\/p>\n\n\n\n<p><a href=\"\/de\/?p=23414\">Consent Mode Die Einstellung V2<\/a> stellt sicher, dass nur zugelassene Tags aktiviert werden und bietet eine AVG-konforme M\u00f6glichkeit zur Datenerfassung. F\u00fcgen Sie dies Ihrer SST-Checkliste f\u00fcr AVG-konforme Erkenntnisse hinzu.   <\/p>\n\n\n\n<figure class=\"wp-block-image size-full is-resized\"><img decoding=\"async\" width=\"770\" height=\"449\" src=\"https:\/\/taggrs.io\/wp-content\/uploads\/2023\/08\/image-2.png\" alt=\"cookie-consent-cookie-bot\" class=\"wp-image-25525\" style=\"width:690px;height:404px\" title=\"\"><\/figure>\n\n\n\n<p><\/p>\n\n\n\n<h2 class=\"wp-block-heading\" id=\"uitvoeren-van-de-server-side-tracking-checklist\">Ausf\u00fchren der Checkliste f\u00fcr das Server Side Tracking<\/h2>\n\n\n\n<p><\/p>\n\n\n\n<p><em>Wenn Sie diese <a href=\"https:\/\/taggrs.io\/wp-content\/uploads\/2023\/09\/TAGGRS-server-side-tracking-checklist-798x1024.png\">Checkliste<\/a> ausf\u00fchren m\u00f6chten, melden Sie sich f\u00fcr ein kostenloses TAGGRS-Konto an.<\/em><\/p>\n\n\n\n<p>Wenn Sie <a href=\"https:\/\/app.taggrs.io\/register\">sich registrieren<\/a>, k\u00f6nnen Sie sofort mit Server Side Tracking beginnen, das es Ihnen erm\u00f6glicht:<\/p>\n\n\n\n<ul class=\"wp-block-list\">\n<li>Erzielen Sie einen sofortigen Anstieg der messbaren Daten<\/li>\n\n\n\n<li>Generieren Sie mehr Konversionen<\/li>\n\n\n\n<li>Messung der Auswirkungen von Server Side Tracking<\/li>\n\n\n\n<li>Verbessern Sie die Einhaltung von AVG<\/li>\n\n\n\n<li>Verringern Sie die Abh\u00e4ngigkeit von Cookies Dritter<\/li>\n<\/ul>\n\n\n\n<p><\/p>\n\n\n\n<p>Und vieles mehr.<\/p>\n\n\n\n<p><strong>Wir sehen uns auf der Server-Seite!<\/strong><\/p>\n","protected":false},"excerpt":{"rendered":"<p>Mit dieser Server Side Tracking-Checkliste haben wir \u00fcber 10000 Unternehmen geholfen, mehr Konversionen und Einnahmen ...<\/p>\n","protected":false},"author":10,"featured_media":25510,"parent":18669,"menu_order":0,"comment_status":"closed","ping_status":"closed","template":"","meta":{"_acf_changed":false,"footnotes":""},"class_list":["post-25791","page","type-page","status-publish","has-post-thumbnail","hentry"],"acf":[],"_links":{"self":[{"href":"https:\/\/taggrs.io\/de\/wp-json\/wp\/v2\/pages\/25791","targetHints":{"allow":["GET"]}}],"collection":[{"href":"https:\/\/taggrs.io\/de\/wp-json\/wp\/v2\/pages"}],"about":[{"href":"https:\/\/taggrs.io\/de\/wp-json\/wp\/v2\/types\/page"}],"author":[{"embeddable":true,"href":"https:\/\/taggrs.io\/de\/wp-json\/wp\/v2\/users\/10"}],"replies":[{"embeddable":true,"href":"https:\/\/taggrs.io\/de\/wp-json\/wp\/v2\/comments?post=25791"}],"version-history":[{"count":2,"href":"https:\/\/taggrs.io\/de\/wp-json\/wp\/v2\/pages\/25791\/revisions"}],"predecessor-version":[{"id":66613,"href":"https:\/\/taggrs.io\/de\/wp-json\/wp\/v2\/pages\/25791\/revisions\/66613"}],"up":[{"embeddable":true,"href":"https:\/\/taggrs.io\/de\/wp-json\/wp\/v2\/pages\/18669"}],"wp:featuredmedia":[{"embeddable":true,"href":"https:\/\/taggrs.io\/de\/wp-json\/wp\/v2\/media\/25510"}],"wp:attachment":[{"href":"https:\/\/taggrs.io\/de\/wp-json\/wp\/v2\/media?parent=25791"}],"curies":[{"name":"wp","href":"https:\/\/api.w.org\/{rel}","templated":true}]}}