{"id":29913,"date":"2023-11-02T12:01:47","date_gmt":"2023-11-02T12:01:47","guid":{"rendered":"https:\/\/taggrs.io\/wie-wirkt-sich-server-side-tracking-auf-die-seitengeschwindigkeit-aus\/"},"modified":"2025-07-08T09:14:15","modified_gmt":"2025-07-08T09:14:15","slug":"page-speed","status":"publish","type":"page","link":"https:\/\/taggrs.io\/de\/server-side-tracking\/page-speed\/","title":{"rendered":"Wie wirkt sich Server Side Tracking auf die Seitengeschwindigkeit aus?"},"content":{"rendered":"\n<p>Jeder Marketingspezialist wei\u00df, dass die Geschwindigkeit einer Seite wichtig ist. Eine langsame Website f\u00fchrt zu Reibungsverlusten, so dass die Besucher die Seite ganz verlassen. Au\u00dferdem ist es kein Geheimnis, dass Google die Seitenerfahrung bewertet und die Geschwindigkeit als Ranking-Faktor einsetzt. <\/p>\n\n<p>Server Side Tracking ist eine Methode zur Erfassung von Benutzerdaten, ohne dass clientseitige Skripte erforderlich sind. Dies wirkt sich auf die Gesamtgeschwindigkeit Ihrer Website aus. Lassen Sie uns tiefer in dieses Thema einsteigen, um zu verstehen, wie Server Side Tracking die Seitengeschwindigkeit beeinflussen kann.  <\/p>\n\n<h2 class=\"wp-block-heading\" id=\"waarom-is-paginasnelheid-zo-belangrijk\">Warum ist die Seitengeschwindigkeit so wichtig?<\/h2>\n\n<p>Lassen Sie uns zun\u00e4chst verstehen, warum die Seitengeschwindigkeit in der heutigen digitalen Umgebung ein entscheidender Faktor ist. Laut einer <a href=\"https:\/\/www.thinkwithgoogle.com\/marketing-strategies\/app-and-mobile\/mobile-page-speed-new-industry-benchmarks\/\" target=\"_blank\" rel=\"noopener\">Studie von Google<\/a> verlassen 53% der Nutzer eine Website, wenn sie l\u00e4nger als 3 Sekunden zum Laden braucht. Das ist alarmierend, vor allem wenn man bedenkt, dass die durchschnittliche mobile Seite satte 22 Sekunden braucht, um vollst\u00e4ndig zu laden.  <\/p>\n\n<figure class=\"wp-block-image size-large\"><img decoding=\"async\" src=\"https:\/\/taggrs.io\/wp-content\/uploads\/2023\/10\/core-web-vitals-google-1024x536.webp\" alt=\"kern-web-vitals-google\" class=\"wp-image-29576\" title=\"\"><\/figure>\n\n<h2 class=\"wp-block-heading\" id=\"snellere-laadtijden-door-server-side-tracking\">Schnellere Ladezeiten durch Server Side Tracking<\/h2>\n\n<p>Einer der <a href=\"https:\/\/taggrs.io\/de\/benefits-server-side-tagging-for-more-conversions\/\">Vorteile von Server Side Tracking<\/a> ist die Verringerung der Belastung auf der Client-Seite. Anstatt dass Skripte und Tags im Browser des Benutzers (Client-Seite) geladen werden, geschieht dies nun auf der Server-Seite (Server-Seite). Das bedeutet, dass Ihr Browser weniger zu tun hat, wodurch die Seiten schneller geladen werden.  <\/p>\n\n<p>Da diese Skripte und Tags nun direkt auf dem Server und nicht mehr in Ihrem Browser ausgef\u00fchrt werden, wird der gesamte Ladevorgang effizienter. Dies ist sowohl f\u00fcr die Besucher der Website als auch f\u00fcr <a href=\"https:\/\/taggrs.io\/de\/seo-benefits-server-side-tracking\/\">das SEO-Ranking bei Google<\/a> von Vorteil. Und da alles auf dem Server stattfindet, haben Sie einen besseren \u00dcberblick dar\u00fcber, welche Daten gesammelt und wohin sie gesendet werden.  <\/p>\n\n<figure class=\"wp-block-image size-full\"><img decoding=\"async\" width=\"898\" height=\"585\" src=\"https:\/\/taggrs.io\/wp-content\/uploads\/2023\/08\/server-side-tagging.webp\" alt=\"Server Side Tracking\" class=\"wp-image-24637\" title=\"\"><\/figure>\n\n<h2 class=\"wp-block-heading\" id=\"verkorten-van-server-response-time-minimaliseer-externe-afhankelijkheden\"><br\/>Verk\u00fcrzen Sie die Server-Reaktionszeit: Minimieren Sie externe Abh\u00e4ngigkeiten<\/h2>\n\n<p>Eine schnellere Website beginnt mit der Server-Antwortzeit (Server Response Time). Verz\u00f6gerungen, die durch externe Dienste wie Analysetools oder Werbenetzwerke verursacht werden, k\u00f6nnen die Ladegeschwindigkeit beeintr\u00e4chtigen. Das liegt daran, dass der Server auf eine Antwort von einer externen Quelle warten muss, \u00fcber die er keine Kontrolle hat, was zu potenziellen Verz\u00f6gerungen oder Inkonsistenzen in der Serverleistung f\u00fchren kann. Indem Sie externe Abh\u00e4ngigkeiten durch Server Side Tracking minimieren, erhalten Sie eine direktere Kontrolle \u00fcber die Verarbeitung, was zu schnelleren Antwortzeiten f\u00fchrt.   <\/p>\n\n<figure class=\"wp-block-image size-large\"><img decoding=\"async\" width=\"1024\" height=\"808\" src=\"https:\/\/taggrs.io\/wp-content\/uploads\/2023\/11\/server-response-time-console-chrome-1024x808.png\" alt=\"server-response-time-console-chrome\" class=\"wp-image-34459\" title=\"\"><\/figure>\n\n<h2 class=\"wp-block-heading\" id=\"efficiente-dataverwerking-met-lokale-hosting\">Effiziente Datenverarbeitung mit lokalem Hosting<\/h2>\n\n<p>Beim herk\u00f6mmlichen Client Side Tracking werden die Daten eines europ\u00e4ischen Website-Besuchers oft an einen Server in den Vereinigten Staaten gesendet, was zu Verz\u00f6gerungen f\u00fchrt. Beim Server Side Tracking hingegen, das im Inland gehostet wird, werden diese Daten lokal verarbeitet. Dadurch verringert sich die Daten\u00fcbertragungszeit erheblich, was zu schnelleren Ladezeiten der Website und einer effizienteren Verarbeitung der Google Analytics-Daten f\u00fchrt. Diese \u00c4nderung hat eine unmittelbare positive Auswirkung: Die Ladezeiten der Webseite verk\u00fcrzen sich und die Effizienz der Datenverarbeitung steigt.   <\/p>\n\n<h2 class=\"wp-block-heading\" id=\"minimaliseert-flicker-effect\">Minimiert den Flimmereffekt<\/h2>\n\n<p>Ein weiterer Vorteil von Server Side Tracking ist, dass es den so genannten <a href=\"https:\/\/documentation.bloomreach.com\/engagement\/docs\/flickering-effect-in-experiments\" target=\"_blank\" rel=\"noopener\">Flickereffekt<\/a> minimiert. Dieser Effekt tritt auf, wenn mehrere Tags und Skripte auf der Client-Seite ausgef\u00fchrt werden, was zu sichtbaren Verz\u00f6gerungen f\u00fchren kann. Da Server Side Tracking diesen Prozess rationalisiert, wird die Wahrscheinlichkeit des Flickerns verringert.  <\/p>\n\n<figure class=\"wp-block-image size-large\"><img decoding=\"async\" src=\"https:\/\/www.kameleoon.com\/sites\/default\/files\/2023-07\/Flicker-effect.gif\" alt=\"Server Side Tracking\" title=\"\"><\/figure>\n\n<h2 class=\"wp-block-heading\" id=\"server-side-tracking-en-googles-core-web-vitals\">Server Side Tracking und Google's Core Web Vitals<\/h2>\n\n<p>Es ist auch wichtig zu erw\u00e4hnen, dass Server Side Tracking zur Verbesserung der <a href=\"https:\/\/support.google.com\/webmasters\/answer\/9205520?hl=en\" target=\"_blank\" rel=\"noopener\">Core Web Vitals von Google<\/a> beitragen kann. Dabei handelt es sich um Metriken, die Google verwendet, um das allgemeine Nutzererlebnis einer Website zu bewerten. Die Verbesserung der Seitengeschwindigkeit ist eine dieser Kennzahlen, und die Implementierung von Server Side Tracking kann einen positiven Beitrag dazu leisten.  <\/p>\n\n<h2 class=\"wp-block-heading\" id=\"proef-op-de-som\">Versuch und Irrtum<\/h2>\n\n<p>Aber die eigentliche Frage ist, ob es funktioniert. <a href=\"https:\/\/www.pingdom.com\/blog\/trackers-impact-performance\/\" target=\"_blank\" rel=\"noopener\">J\u00fcngste Untersuchungen <\/a>zeigen, dass sich die Seitengeschwindigkeit zwischen Websites, die Tracker-Tags verwenden, und solchen, die dies nicht tun, erheblich unterscheidet. Die Studie, die sich auf die 50 gr\u00f6\u00dften Nachrichten-Websites weltweit konzentrierte, zeigte insbesondere, dass die durchschnittliche Seitengeschwindigkeit bei Publishern, die keine Tracker verwenden, von 9,46 Sekunden auf nur 2,69 Sekunden sank.  <\/p>\n\n<figure class=\"wp-block-image size-large is-resized\"><img decoding=\"async\" width=\"1024\" height=\"700\" src=\"https:\/\/taggrs.io\/wp-content\/uploads\/2023\/10\/breakdown-of-tag-content-on-a-news-website-1024x700.png\" alt=\"Aufschl&#xFC;sselung von Tag-Inhalten auf einer Nachrichten-Website\" class=\"wp-image-29581\" style=\"aspect-ratio:1.4628571428571429;width:592px;height:auto\" title=\"\"><\/figure>\n\n<p>Auffallend war, dass 82 % aller verwendeten Tags Werbe-Tags waren. Wenn Sie diese Tags von Drittanbietern in einen Server-Container verschieben, anstatt sie im Browser zu laden, reduzieren Sie die Menge an JavaScript- und HTTP-Anfragen, die verarbeitet werden m\u00fcssen. Dies beschleunigt nicht nur die Ladegeschwindigkeit Ihrer Website, sondern verbessert auch das Benutzererlebnis erheblich.  <\/p>\n\n<h3 class=\"wp-block-heading\" id=\"pagespeedtest-online-marketing-agency-mobiel\">Pagespeed-Test Online Marketing Agentur Mobile  <\/h3>\n\n<p>Die zweite Messung vor und nach der Einf\u00fchrung von Server Side Tracking wurde f\u00fcr <a href=\"https:\/\/flowhub.nl\/\" target=\"_blank\" rel=\"noopener\">Flowhub.co.uk<\/a>, eine Online-Marketing-Agentur, durchgef\u00fchrt. Bei der Untersuchung der wichtigsten Webvariablen ist eine deutliche Verschiebung der kumulativen Layoutverschiebung von 0,635 auf 0,154 festzustellen. Dies ist eine deutliche Verbesserung.  <\/p>\n\n<figure class=\"wp-block-image size-large\"><img decoding=\"async\" width=\"1024\" height=\"197\" src=\"https:\/\/taggrs.io\/wp-content\/uploads\/2023\/10\/observed-web-vitals-metrics-before-implementing-server-side-tracking-1-1024x197.png\" alt=\"Server Side Tracking\" class=\"wp-image-29262\" title=\"\"><figcaption class=\"wp-element-caption\">Pagespeed - f\u00fcr Server Side Tracking  <\/figcaption><\/figure>\n\n<p><\/p>\n\n<figure class=\"wp-block-image size-large\"><img decoding=\"async\" width=\"1024\" height=\"224\" src=\"https:\/\/taggrs.io\/wp-content\/uploads\/2023\/10\/observed-web-vitals-metrics-after-implementing-server-side-tracking-1-1024x224.png\" alt=\"Server Side Tracking\" class=\"wp-image-29267\" title=\"\"><figcaption class=\"wp-element-caption\">Pagespeed - nach Server Side Tracking  <\/figcaption><\/figure>\n\n<h4 class=\"wp-block-heading\" id=\"total-blocking-time-een-belangrijke-factor-voor-mobiele-conversies\">Gesamte Blockierungszeit: Ein wichtiger Faktor f\u00fcr mobile Konversionen<\/h4>\n\n<p>Einer der wichtigsten Leistungsindikatoren f\u00fcr den mobilen PageSpeed ist die Gesamtblockierungszeit. Bei dieser wichtigen Kennzahl wurde ein R\u00fcckgang von 3472 Millisekunden (ms) auf 2101 ms festgestellt. Das ist ein Unterschied von 1371 ms, der sich auf das Benutzererlebnis und die Konversionsraten auswirken kann.  <\/p>\n\n<p>Bei <a href=\"https:\/\/www.webpagetest.org\/\" target=\"_blank\" rel=\"noopener\">Webpage Test<\/a> k\u00f6nnen Sie tiefer in die Metriken eindringen und sich die Blockierzeit pro Skript genauer ansehen. Die Ergebnisse deuten darauf hin, dass die Einf\u00fchrung von Server Side Tracking erheblich zu dieser Verbesserung beitr\u00e4gt. <\/p>\n\n<figure class=\"wp-block-image size-large\"><img decoding=\"async\" width=\"1024\" height=\"951\" src=\"https:\/\/taggrs.io\/wp-content\/uploads\/2023\/10\/total-blocking-time-before-implementing-server-side-tracking-pagespeed-1024x951.png\" alt=\"Server Side Tracking\" class=\"wp-image-29247\" title=\"\"><figcaption class=\"wp-element-caption\">Gesamte Blockierungszeit f\u00fcr die Implementierung von Server Side Tracking<\/figcaption><\/figure>\n\n<figure class=\"wp-block-image size-large\"><img decoding=\"async\" width=\"1024\" height=\"827\" src=\"https:\/\/taggrs.io\/wp-content\/uploads\/2023\/10\/total-blocking-time-after-implementing-server-side-tracking-pagespeed-1024x827.png\" alt=\"Server Side Tracking\" class=\"wp-image-29242\" title=\"\"><figcaption class=\"wp-element-caption\">Gesamte Blockierungszeit nach der Implementierung von Server Side Tracking<\/figcaption><\/figure>\n\n<h2 class=\"wp-block-heading\" id=\"conclusie\">Fazit<\/h2>\n\n<p>Wie wirkt sich Server Side Tracking auf die Seitengeschwindigkeit aus? Die Auswirkungen von Server Side Tracking auf die Seitengeschwindigkeit sind offensichtlich und vielschichtig. Diese Technik verringert nicht nur die Client-seitige Belastung, indem die Tracking-Logik auf den Server verlagert wird, sondern wirkt sich auch positiv auf die Benutzerfreundlichkeit und das SEO-Ranking aus. Es hilft, den Flimmereffekt zu minimieren und kann sogar dazu beitragen, die Core Web Vitals von Google zu verbessern.   <\/p>\n\n<p>Unsere Tests zeigen, dass sich die Seitengeschwindigkeit sp\u00fcrbar verbessert, wenn Server Side Tracking implementiert wird. Dies wird durch deutliche Unterschiede in den Pagespeed-Ergebnissen zwischen clientseitigen und serverseitigen Methoden unterst\u00fctzt.<\/p>\n\n<p>Kurz gesagt, wenn die Seitengeschwindigkeit f\u00fcr Ihre Website eine Priorit\u00e4t ist - und das sollte sie auch sein, da sie sich auf die Benutzerfreundlichkeit und die Suchmaschinenoptimierung auswirkt - dann ist Server Side Tracking eine Technik, die Sie ernsthaft in Betracht ziehen sollten.<\/p>\n\n<p>Wenn Sie in Server Side Tracking investieren<a href=\"https:\/\/taggrs.io\/de\/preise\/\">(siehe unsere Preisseite<\/a>), machen Sie einen wichtigen Schritt zur Optimierung Ihrer Website und sorgen f\u00fcr eine schnellere, effizientere und benutzerfreundlichere Umgebung f\u00fcr Ihre Besucher.<\/p>\n","protected":false},"excerpt":{"rendered":"<p>Jeder Marketingspezialist wei\u00df, dass die Geschwindigkeit einer Seite wichtig ist. Eine langsame Website f\u00fchrt zu ...<\/p>\n","protected":false},"author":10,"featured_media":29805,"parent":18669,"menu_order":0,"comment_status":"closed","ping_status":"closed","template":"","meta":{"_acf_changed":false,"footnotes":""},"class_list":["post-29913","page","type-page","status-publish","has-post-thumbnail","hentry"],"acf":[],"_links":{"self":[{"href":"https:\/\/taggrs.io\/de\/wp-json\/wp\/v2\/pages\/29913","targetHints":{"allow":["GET"]}}],"collection":[{"href":"https:\/\/taggrs.io\/de\/wp-json\/wp\/v2\/pages"}],"about":[{"href":"https:\/\/taggrs.io\/de\/wp-json\/wp\/v2\/types\/page"}],"author":[{"embeddable":true,"href":"https:\/\/taggrs.io\/de\/wp-json\/wp\/v2\/users\/10"}],"replies":[{"embeddable":true,"href":"https:\/\/taggrs.io\/de\/wp-json\/wp\/v2\/comments?post=29913"}],"version-history":[{"count":0,"href":"https:\/\/taggrs.io\/de\/wp-json\/wp\/v2\/pages\/29913\/revisions"}],"up":[{"embeddable":true,"href":"https:\/\/taggrs.io\/de\/wp-json\/wp\/v2\/pages\/18669"}],"wp:featuredmedia":[{"embeddable":true,"href":"https:\/\/taggrs.io\/de\/wp-json\/wp\/v2\/media\/29805"}],"wp:attachment":[{"href":"https:\/\/taggrs.io\/de\/wp-json\/wp\/v2\/media?parent=29913"}],"curies":[{"name":"wp","href":"https:\/\/api.w.org\/{rel}","templated":true}]}}