{"id":30412,"date":"2023-11-07T08:39:24","date_gmt":"2023-11-07T08:39:24","guid":{"rendered":"https:\/\/taggrs.io\/server-side-tracking-kosten-wofuer-zahlen-sie\/"},"modified":"2026-01-02T13:16:59","modified_gmt":"2026-01-02T13:16:59","slug":"costs","status":"publish","type":"page","link":"https:\/\/taggrs.io\/de\/server-side-tracking\/costs\/","title":{"rendered":"Server-side Tracking Kosten, wof\u00fcr zahlen Sie?"},"content":{"rendered":"\n<p>In diesem Blog gehen wir auf die spezifischen Kosten ein, die mit SST verbunden sind, und darauf, wie TAGGRS sie effizient berechnet, damit Sie ein Paket w\u00e4hlen k\u00f6nnen, das perfekt zu den Anforderungen Ihrer Website passt.<\/p>\n\n<h2 class=\"wp-block-heading\" id=\"wat-is-server-side-tagging\">Wat is Server-side Tracking?<\/h2>\n\n<p>Nog even in het kort: wat is Server Side Tagging ook alweer? <a href=\"https:\/\/taggrs.io\/de\/server-side-tracking\/\">Server-side Tracking<\/a> is een alternatief voor het traditionele client side tagging. Bij client side tagging worden pixels en cookies direct in de browser van de gebruiker geplaatst, wat betekent dat de verzamelde gebruikersdata vanuit de browser wordt verstuurd naar verschillende diensten zoals Google Analytics en Google Ads. Deze methode heeft het nadeel dat het vatbaar is voor blokkades, bijvoorbeeld door adblockers.<\/p>\n\n<p>Server Side Tagging bietet eine L\u00f6sung f\u00fcr dieses Problem. Statt direkt im Browser des Benutzers werden die Tracking-Skripte von Ihrer eigenen Domain geladen und die Daten werden zun\u00e4chst an Ihren eigenen Server gesendet. So entsteht eine Zwischenebene, auf der Sie die Kontrolle dar\u00fcber haben, welche Daten an welche Software gesendet werden.  <\/p>\n\n<p><strong>Die wichtigsten Vorteile von SST sind:<\/strong><\/p>\n\n<ul class=\"wp-block-list\">\n<li>Mehr Daten zu Ihrer Verf\u00fcgung (bis zu 30%)<\/li>\n\n\n\n<li>AVG-sicher  <\/li>\n\n\n\n<li>Schnellere Website<\/li>\n\n\n\n<li>Mehr Kontrolle \u00fcber Ihre Daten<\/li>\n\n\n\n<li>Mehr Flexibilit\u00e4t<\/li>\n<\/ul>\n\n<blockquote class=\"wp-block-quote is-layout-flow wp-block-quote-is-layout-flow\">\n<p>Lesen Sie unseren Blogbeitrag mit <a href=\"https:\/\/taggrs.io\/de\/server-side-tracking\/benefits-for-more-conversions\/\">allen Vorteilen des Server Side Tracking<\/a>.  <\/p>\n<\/blockquote>\n\n<h2 class=\"wp-block-heading\" id=\"waar-bestaan-de-kosten-uit\">Woraus bestehen die Kosten?<\/h2>\n\n<p>Die Kosten f\u00fcr Server Side Tagging h\u00e4ngen haupts\u00e4chlich mit dem Server zusammen, der als Kanal f\u00fcr den Datenfluss zu den entsprechenden Plattformen dient. Dies erfordert Hosting-Serverplatz. TAGGRS schn\u00fcrt Pakete, die auf dem Volumen der Anfragen basieren, um eine ma\u00dfgeschneiderte L\u00f6sung zu bieten.  <\/p>\n\n<p>Dar\u00fcber hinaus bieten wir <a href=\"https:\/\/taggrs.io\/de\/gtm-server-side-tagging-hosting\/\">weitere Tools<\/a>, die Ihnen eine bessere und vollst\u00e4ndigere Nachverfolgung erm\u00f6glichen.  <\/p>\n\n<figure class=\"wp-block-image size-full\"><img decoding=\"async\" width=\"898\" height=\"585\" src=\"https:\/\/taggrs.io\/wp-content\/uploads\/2023\/11\/you-have-to-rent-server-space-datastream-server-side-tracking.png\" alt=\"Server Side Tracking\" class=\"wp-image-30089\" title=\"\"><\/figure>\n\n<h2 class=\"wp-block-heading\" id=\"hoe-berekent-taggrs-het-aantal-requests\">Wie berechnet TAGGRS die Anzahl der Anfragen<\/h2>\n\n<p>Mit TAGGRS basiert die Berechnung der Server Side Tagging-Kosten auf der Anzahl der Anfragen (Requests). Diese Zahl ist ein direktes Ergebnis der Interaktionen auf Ihrer Website, einschlie\u00dflich der Seitenaufrufe und der Verwendung von Daten-Clients innerhalb von Google Tag Manager (gtm.js, analytics.js, gtag.js usw.). Um die voraussichtlichen Kosten f\u00fcr Server Side Tagging abzusch\u00e4tzen, k\u00f6nnen Sie von der Anzahl der Besucher Ihrer Website pro Monat multipliziert mit zehn ausgehen. Dies ergibt eine ungef\u00e4hre Anzahl von Anfragen pro Monat.   <\/p>\n\n<figure class=\"wp-block-image size-large is-resized\"><img decoding=\"async\" width=\"1024\" height=\"548\" src=\"https:\/\/taggrs.io\/wp-content\/uploads\/2023\/11\/check-event-count-in-google-analytics-4-1-1024x548.png\" alt=\"ereignis-z&#xE4;hler-in-google-analytics-4 pr&#xFC;fen\" class=\"wp-image-30099\" style=\"aspect-ratio:1.8686131386861313;width:547px;height:auto\" title=\"\"><\/figure>\n\n<h3 class=\"wp-block-heading\" id=\"calculator-bekijk-wel-pakket-bij-je-past\">Rechner - Sehen Sie, welches Paket zu Ihnen passt<\/h3>\n\n<p>Bestimmen Sie mit unserem Rechner ganz einfach, welches Paket f\u00fcr Ihre Situation am besten geeignet ist. Geben Sie Ihre Pr\u00e4ferenzen und Anforderungen ein und der Rechner gibt Ihnen einen \u00dcberblick \u00fcber die Optionen, die Ihren Anforderungen entsprechen. <\/p>\n\n<style>\n\n.container {\n  display: flex;\n  justify-content: center;\n  padding: 2rem;\n  font-family: \"Raleway\", sans-serif;\n  margin: auto;\n  box-sizing: border-box;\n}\n\n.form-section {\n\n  width: 65%;\n  padding: 2rem;\n  background-color: white;\n  color: #212F3C;\n  border: solid #ED7634 2px;\n  border-radius: 10px;\n  margin-right: 2rem;\n}\n.fa-calculator {\n  font-size: 200px;  \/* Aanpassen op basis van de gewenste grootte *\/\n  position: absolute;\n  top: 65%;\n  left: 52%;\n  transform: translate(-50%, -50%);\n  opacity: 0.1;\n  \n}\n\n.result-section {\n  width: 35%;\n  padding: 2rem;\n  background-color: #ED7634;\n  border: solid #fff 2px;\n  color: #fff;\n  border-radius: 10px;\n  text-align: center;\n}\n\n@media screen and (max-width: 768px) { \n     .container {\n    flex-direction: column;\n  }\n  .form-section, .result-section {\n      margin-top: 10px;\n    width: 100% !important;\n  }\n}\n\n.form-group {\n  margin-bottom: 1.5rem;\n}\n\n.form-group label {\n  display: inline-block;\n  margin-bottom: .5rem;\n  font-size: 1.2rem;\n}\n\n.form-control {\n  display: block;\n  width: 100%;\n  padding: .375rem .75rem;\n  font-size: 1rem;\n  line-height: 1.5;\n  color: #495057;\n  background-color: #fff;\n  border: 1px solid #ced4da;\n  border-radius: .25rem;\n  box-sizing: border-box;\n  margin-bottom: .5rem;\n}\n\n.form-check-group {\n  display: flex;\n  justify-content: space-between;\n}\n\n.form-check {\n  width: 48%;\n}\n\n.form-check input {\n  margin-right: .5rem;\n}\n\n.form-check label {\n  font-size: 1rem;\n}\n\n.form-text {\n  font-size: .875rem;\n  color: #6c757d;\n}\n\n.result-section h2 {\n  font-size: 1.5rem;\n  margin-bottom: 1.5rem;\n}\n\n#resultPackage {\n  font-size: 1.2rem;\n  margin-bottom: .5rem;\n}\n\n#resultPrice {\n  font-size: 1.5rem;\n  font-weight: bold;\n  margin-bottom: 1.5rem;\n}\n\n#resultDesc {\n  font-size: 1rem;\n  margin-bottom: 1.5rem;\n}\n\n.cta-btn {\n  display: inline-block;\n  padding: .5rem 1rem;\n  font-size: 1.1rem;\n  text-align: center;\n  color: #fff !important;\n  font-weight: 500;\n  background-color: #0D1F36;\n  border: solid #0D1F36 2px;\n  border-radius: 10px;\n  text-decoration: none;\n}\n\n.cta-btn:hover{\n    background:#fff;\n    color:#0D1F36 !important;\n}\n\n<\/style>\n<div class=\"container\">\n  <div class=\"form-section\">\n    <div class=\"form-row\">\n      <div class=\"form-group\">\n        <label for=\"visitors\" style=\"font-weight:500;\">Anzahl der monatlichen Website-Besucher<\/label><input type=\"number\" id=\"visitors\" name=\"visitors\" min=\"0\" class=\"form-control\"\/><small id=\"visitorsHelp\" class=\"form-text\">Geben Sie die gesch\u00e4tzte Anzahl der monatlichen Besucher ein.<\/small>\n      <\/div>\n    <\/div>\n    <div class=\"form-group\">\n      <label style=\"font-weight:500;\">Website Typ<\/label>\n      <div class=\"form-check\">\n        <input class=\"form-check-input\" type=\"radio\" name=\"websiteType\" id=\"webshop\" value=\"Webshop\" checked=\"checked\"\/>\n        <label class=\"form-check-label\" for=\"webshop\">  Webshop  <\/label>\n      <\/div>\n      <div class=\"form-check\">\n        <input class=\"form-check-input\" type=\"radio\" name=\"websiteType\" id=\"non-webshop\" value=\"Nicht-Webshop\"\/>\n        <label class=\"form-check-label\" for=\"non-webshop\">  Kein Webshop  <\/label>\n      <\/div>\n      <small class=\"form-text\">W\u00e4hlen Sie die Art Ihrer Website.<\/small>\n    <\/div>\n  <\/div>\n  <!-- andere code blijft ongewijzigd -->\n<div class=\"result-section\">\n  <h3 style=\"color:#fff;\">Ihr empfohlenes Paket  <\/h3><p id=\"resultPackage\">Kostenloses Paket<\/p>\n  <p id=\"resultPrice\">\u20ac0<\/p>\n  \n  <p id=\"resultDesc\">Dieses Paket ist perfekt f\u00fcr Start-ups, die mit ihrer Online-Pr\u00e4senz experimentieren m\u00f6chten.<\/p>\n  <a href=\"https:\/\/app.taggrs.io\/register\" class=\"cta-btn\">Starten Sie kostenlos!<\/a><br\/>\n  <small id=\"resultRequests\">Gesch\u00e4tzte Anfragen: 0<\/small>\n<\/div>\n<!-- andere code blijft ongewijzigd -->\n\n<\/div>\n\n\n\n\n\n\n\n<script>\nconst formControls = document.querySelectorAll('#visitors, input[name=\"websiteType\"], input[type=\"checkbox\"]');\nconst resultPackage = document.getElementById('resultPackage');\nconst resultPrice = document.getElementById('resultPrice');\nconst resultRequests = document.getElementById('resultRequests');\nconst resultDesc = document.getElementById('resultDesc');\n\nfor (const control of formControls) {\n  control.addEventListener('input', calculatePackage);\n}\n\nfunction calculatePackage() {\n  const visitors = parseInt(document.getElementById('visitors').value) || 0;\n  const websiteType = document.querySelector('input[name=\"websiteType\"]:checked').value;\n  \n  let pageViewsPerVisitor;\n  let events;\n\n  if (websiteType === 'webshop') {\n    pageViewsPerVisitor = 5;\n    events = 7;\n  } else {\n    pageViewsPerVisitor = 2;\n    events = 2;\n  }\n\n  const checkboxes = document.querySelectorAll('input[type=\"checkbox\"]:checked');\n  const score = (visitors * pageViewsPerVisitor + events) * (6 + checkboxes.length);\n\n  resultRequests.textContent = `Geschatte requests: ${formatNumber(score)}`;\n\n  let package, price, desc;\n  if (score <10000) { package = 'Free'; price = '\u20ac0'; desc = 'Dit pakket is perfect voor starters die willen experimenteren met hun online aanwezigheid.'; } else if (score <750000) { package = 'Basic'; price = '\u20ac25'; desc = 'Perfect voor groeiende websites die meer verkeer en gegevens nodig hebben.'; } else if (score <3000000) { package = 'Pro+'; price = '\u20ac65'; desc = 'Ideaal voor geavanceerde webshops met veel verkeer en gegevens.'; } else if (score <10000000) { package = 'Ultimate'; price = '\u20ac145'; desc = 'Extreem veel capaciteit voor grote webshops.'; } else { package = 'Contacteer ons voor een op maat gemaakt pakket'; price = 'Custom'; desc = 'Oplossingen voor grote bedrijven met specifieke behoeften.'; } resultPackage.textContent = package; resultPrice.textContent = price; resultDesc.textContent = desc; } function formatNumber(number) { return number.toString().replace(\/B(?=(d{3})+(?!d))\/g, \".\"); } <\/script>\n\n<h2 class=\"wp-block-heading\" id=\"waarom-kunnen-jullie-goedkoper-zijn-dan-google-cloud-platform\">Warum k\u00f6nnen Sie billiger sein als Google Cloud Platform?<\/h2>\n\n<p>Google Cloud ist eine \"Einheitsl\u00f6sung\" f\u00fcr alle. Sie k\u00f6nnen damit viel mehr tun als nur Server Side Tagging. Aber auch daf\u00fcr zahlen Sie. Unsere Serverstruktur<a href=\"https:\/\/taggrs.io\/de\/infrastructure\/\">(Infrastruktur<\/a>) ist speziell f\u00fcr Server Side Tagging eingerichtet. Durch die optimale Nutzung des Serverplatzes k\u00f6nnen wir Server Side Tagging zu einem fairen und erschwinglichen Preis anbieten. Unsere Server sind \u00fcber die ganze Welt verteilt, so dass Sie einen schnellen und zuverl\u00e4ssigen Service erhalten, der den lokalen Datenschutzgesetzen entspricht.       <\/p>\n\n<p>TAGGRS bietet verschiedene <a href=\"https:\/\/taggrs.io\/de\/preise\/\">Preismodelle<\/a> an, mit denen Sie mit dem Wachstum Ihrer Website Schritt halten k\u00f6nnen.  <\/p>\n\n<h2 class=\"wp-block-heading\" id=\"samenvatting\">Zusammenfassung<\/h2>\n\n<p>In diesem Artikel haben wir uns mit den Kosten f\u00fcr Server Side Tagging besch\u00e4ftigt. Ganz gleich, ob Sie Ihre ersten Schritte machen oder Ihre bestehende Website auf die n\u00e4chste Stufe bringen, unsere Pakete wachsen mit Ihren Ambitionen. <\/p>\n","protected":false},"excerpt":{"rendered":"<p>In diesem Blog gehen wir auf die spezifischen Kosten ein, die mit SST verbunden sind, ...<\/p>\n","protected":false},"author":10,"featured_media":30089,"parent":18669,"menu_order":0,"comment_status":"closed","ping_status":"closed","template":"","meta":{"_acf_changed":false,"footnotes":""},"class_list":["post-30412","page","type-page","status-publish","has-post-thumbnail","hentry"],"acf":[],"_links":{"self":[{"href":"https:\/\/taggrs.io\/de\/wp-json\/wp\/v2\/pages\/30412","targetHints":{"allow":["GET"]}}],"collection":[{"href":"https:\/\/taggrs.io\/de\/wp-json\/wp\/v2\/pages"}],"about":[{"href":"https:\/\/taggrs.io\/de\/wp-json\/wp\/v2\/types\/page"}],"author":[{"embeddable":true,"href":"https:\/\/taggrs.io\/de\/wp-json\/wp\/v2\/users\/10"}],"replies":[{"embeddable":true,"href":"https:\/\/taggrs.io\/de\/wp-json\/wp\/v2\/comments?post=30412"}],"version-history":[{"count":4,"href":"https:\/\/taggrs.io\/de\/wp-json\/wp\/v2\/pages\/30412\/revisions"}],"predecessor-version":[{"id":67173,"href":"https:\/\/taggrs.io\/de\/wp-json\/wp\/v2\/pages\/30412\/revisions\/67173"}],"up":[{"embeddable":true,"href":"https:\/\/taggrs.io\/de\/wp-json\/wp\/v2\/pages\/18669"}],"wp:featuredmedia":[{"embeddable":true,"href":"https:\/\/taggrs.io\/de\/wp-json\/wp\/v2\/media\/30089"}],"wp:attachment":[{"href":"https:\/\/taggrs.io\/de\/wp-json\/wp\/v2\/media?parent=30412"}],"curies":[{"name":"wp","href":"https:\/\/api.w.org\/{rel}","templated":true}]}}