{"id":34327,"date":"2024-02-02T10:17:07","date_gmt":"2024-02-02T10:17:07","guid":{"rendered":"https:\/\/taggrs.io\/?p=34327"},"modified":"2026-01-02T13:19:54","modified_gmt":"2026-01-02T13:19:54","slug":"gdpr","status":"publish","type":"page","link":"https:\/\/taggrs.io\/de\/server-side-tracking\/gdpr\/","title":{"rendered":"Server-side Tracking GDPR: Was Sie wissen m\u00fcssen"},"content":{"rendered":"\n<p>Das AVG hat f\u00fcr Online-Unternehmer viel ver\u00e4ndert. Es wird immer wichtiger, mit pers\u00f6nlichen Daten richtig umzugehen. In diesem Zusammenhang hilft Ihnen das Server Side Tagging, die AVG-Richtlinien besser einzuhalten. Welche Rolle spielt Server GTM dabei? Das erkl\u00e4ren wir Ihnen in diesem Artikel.    <\/p>\n\n<div class=\"wp-block-group blokje\"><div class=\"wp-block-group__inner-container is-layout-constrained wp-block-group-is-layout-constrained\">\n<h2 class=\"wp-block-heading\" id=\"key-points-&#x1F511;\">Wichtige Punkte \ud83d\udd11<\/h2>\n\n\n\n<ol class=\"wp-block-list\">\n<li><strong>Verwalten Sie die Datenerfassung<\/strong>: Mit Server Side Tagging haben Sie mehr Kontrolle dar\u00fcber, welche Daten an Plattformen wie Google und Facebook gesendet werden, und k\u00f6nnen so pers\u00f6nliche Informationen wie IP-Adressen und Client-IDs ausschlie\u00dfen.<\/li>\n\n\n\n<li><strong>Vereinbarungen zur Datenspeicherung und -verarbeitung<\/strong>: Wichtige \u00dcberlegungen dazu, wo und wie lange Daten gespeichert werden, und die Bedeutung von Verarbeitungsvereinbarungen mit Drittanbietern wie Google Analytics.<\/li>\n\n\n\n<li><strong>Die Zukunft des Server Side Tagging<\/strong>: Die zunehmende Bedeutung des Datenschutzes und die Verlagerung von Drittanbieter- zu Erstanbieter-Cookies unterstreichen die wachsende Bedeutung des Server Side Tagging als Methode zur Einhaltung der AVG-Vorschriften und zur erweiterten Datenanalyse.<\/li>\n<\/ol>\n\n\n\n<p><\/p>\n<\/div><\/div>\n\n<h2 class=\"wp-block-heading\" id=\"wat-is-de-avg\">Was ist die AVG?<\/h2>\n\n<p><a href=\"https:\/\/commission.europa.eu\/law\/law-topic\/data-protection\/data-protection-eu_en\" target=\"_blank\" rel=\"noopener\">Beim AVG<\/a> geht es um die Regulierung (online) personenbezogener Daten. Es ist am 25. Mai 2018 in Kraft getreten. Online werden zumindest die folgenden Daten als personenbezogene Daten betrachtet:  <\/p>\n\n<ul class=\"wp-block-list\">\n<li>Name<\/li>\n\n\n\n<li>E-Mail<\/li>\n\n\n\n<li>IP<\/li>\n\n\n\n<li>Adresse<\/li>\n\n\n\n<li>Und ein paar Kekse<\/li>\n<\/ul>\n\n<p>Dar\u00fcber hinaus sind z.B. Gesundheitsdaten oder Finanzdaten ebenfalls personenbezogene Daten und sollten daher nicht ohne Zustimmung erhoben oder weitergegeben werden.<\/p>\n\n<p>Standardm\u00e4\u00dfig sammeln Google und Facebook IP-, Standort- und Cookie-Daten. Sie k\u00f6nnen auch zus\u00e4tzliche Daten (erweiterte Konversionsdaten) an diese Plattformen senden, aber dies ist nicht in der Standardeinstellung enthalten. <\/p>\n\n<p>Auf die derzeitige Art und Weise k\u00f6nnen Sie also Google und Facebook nicht mit Ihrer Website im Rahmen der Richtlinien des AVG verkn\u00fcpfen. Diese Verkn\u00fcpfung wird oft \u00fcber ein Tool wie Google Tag Manager vorgenommen. GTM speichert keine Daten, sondern fungiert als Kanal. Sie k\u00f6nnen Google Tag Manager also auf eine AVG-sichere Art und Weise verwenden, aber auf eine bestimmte Weise. Mehr dazu sp\u00e4ter.    <\/p>\n\n<h2 class=\"wp-block-heading\" id=\"wat-betekent-avg-voor-data-tracking\">Was bedeutet AVG f\u00fcr die Datenverfolgung?<\/h2>\n\n<p>F\u00fcr viele Online-Unternehmen ist die \u00dcberwachung des Nutzerverhaltens auf ihrer Website oder in ihrer App ein wesentlicher Bestandteil ihrer T\u00e4tigkeit. Mithilfe von Trackern sammeln sie Daten \u00fcber das Nutzerverhalten, was zu fundierten Entscheidungen und letztlich zu h\u00f6heren Gewinnen f\u00fchrt.   <\/p>\n\n<p>Website-Tracking an sich ist nicht illegal. Die Legalit\u00e4t h\u00e4ngt davon ab, wo Sie gesch\u00e4ftlich t\u00e4tig sind und wie das Tracking geregelt ist. Um festzustellen, ob Ihre Website Daten korrekt verfolgt, m\u00fcssen Sie verstehen, wie Sie Ihre Nutzer \u00fcberwachen und welche Schritte Sie unternehmen m\u00fcssen, um die gesetzlichen Anforderungen zu erf\u00fcllen.  <\/p>\n\n<p>Um AVG-sicher zu sein und dennoch Daten zu verfolgen, m\u00fcssen Sie einige Dinge beachten. Die Erfassung, Speicherung und Verarbeitung von Daten. <\/p>\n\n<h3 class=\"wp-block-heading\" id=\"verzamelen-data\">Sammeln von Daten<\/h3>\n\n<p>Die Datenerfassung erfolgt in der Regel mit einem Tracking-Skript eines Drittanbieters und Cookies von Drittanbietern. Dies sind Codes von z.B. Google und Facebook. Diese werden oft \u00fcber GTM platziert. Diese Codes sammeln Daten. Sie haben praktisch keine Kontrolle dar\u00fcber. Google kann also sammeln, was es will. Um die Kontrolle dar\u00fcber zu behalten, welche Daten gesammelt werden, k\u00f6nnen Sie Server Side Tagging anwenden. Damit haben Sie die volle Kontrolle dar\u00fcber, welche Daten an Google oder Facebook gesendet werden.        <\/p>\n\n<p>Damit k\u00f6nnen Sie auch bestimmte Daten von der Erfassung ausschlie\u00dfen. Sie k\u00f6nnen zum Beispiel IP-Adressen und Client-IDs von der Verfolgung ausschlie\u00dfen. Dar\u00fcber hinaus k\u00f6nnen Sie sogar noch weiter gehen, indem Sie auch URL-Parameter (z.B. UTM-Tags) nicht senden.  <\/p>\n\n<figure class=\"wp-block-image size-full\"><a href=\"https:\/\/taggrs.io\/de\/gdpr-tool\/\"><img decoding=\"async\" width=\"2476\" height=\"1188\" src=\"https:\/\/taggrs.io\/wp-content\/uploads\/2022\/12\/hide-ip-adress-server-side-tracking-taggrs.png\" alt=\"Server Side Tracking\" class=\"wp-image-25758\" title=\"\"><\/a><figcaption class=\"wp-element-caption\"><a href=\"https:\/\/taggrs.io\/de\/gdpr-tool\/\">TAGGRS GDPR-Tool<\/a><\/figcaption><\/figure>\n\n<p>Die neue Version von GA4 bietet au\u00dferdem mehr Flexibilit\u00e4t, um sicherzustellen, dass einige Daten nicht erfasst werden. Sie k\u00f6nnen zum Beispiel <a href=\"https:\/\/support.google.com\/analytics\/answer\/9445345?hl=en#zippy=%2Cin-dit-artikel%2Cin-this-article\" target=\"_blank\" rel=\"noopener\">Google-Signale<\/a>, Anzeigenpersonalisierung und Standortdaten f\u00fcr optimale Sicherheit deaktivieren. <\/p>\n\n<p>Das Wichtigste ist schlie\u00dflich, dass Sie ein Cookie-Banner verwenden, um die Erlaubnis zum Tracking von Daten einzuholen (und anzugeben, welche Daten Sie zu welchem Zweck sammeln). Wir verwenden daf\u00fcr Cookiebot, da es gut mit Google Tag Manager zusammenarbeitet. Mit dem Zustimmungsmodus in Google Tag Manager k\u00f6nnen Sie regulieren, dass das Tracking tats\u00e4chlich mit dem \u00fcbereinstimmt, was im Cookie-Banner angegeben ist.  <\/p>\n\n<figure class=\"wp-block-image size-large\"><img decoding=\"async\" src=\"https:\/\/taggrs.io\/wp-content\/uploads\/2023\/10\/taggrs-cookie-banner-website-1024x226.png\" alt=\"taggrs-cookie-banner-website\" class=\"wp-image-29056\" title=\"\"><\/figure>\n\n<p>Wenn Sie den <a href=\"\/de\/?p=23414\">Einwilligungsmodus <\/a>im Google Tag Manager Server-Container einrichten, leiten Sie die Daten auf der Grundlage der Einwilligungsstufe, die jemand im Cookie-Banner ausf\u00fcllt, an die entsprechenden Plattformen weiter. Dadurch wird sichergestellt, dass die Datenverarbeitung besser mit den Nutzerpr\u00e4ferenzen und den Datenschutzgesetzen \u00fcbereinstimmt und ein Gleichgewicht zwischen der Privatsph\u00e4re der Nutzer und der Datennutzung f\u00fcr gezieltes Marketing und Analysen hergestellt wird. <\/p>\n\n<h3 class=\"wp-block-heading\" id=\"opslaan-data\">Daten speichern<\/h3>\n\n<p>Dar\u00fcber hinaus ist auch die Datenspeicherung ein wichtiger Faktor. Wie lange werden die Daten gespeichert? Auch hier hat GA4 viele Fortschritte gemacht. So k\u00f6nnen Sie ausschlie\u00dfen, dass Daten an andere Bereiche von Google weitergegeben werden.   <\/p>\n\n<p>Dar\u00fcber hinaus ist es wichtig, dass personenbezogene Daten nicht au\u00dferhalb der EU gespeichert werden. Dies ist bei Google Analytics der Fall. Durch Server Side Tagging stellen wir sicher, dass die pers\u00f6nlichen Daten bereits im Vorfeld ausgeschlossen und somit niemals an Google Analytics gesendet werden. Auf diese Weise k\u00f6nnen Sie es im Rahmen der Richtlinien des AVG verwenden.   <\/p>\n\n<blockquote class=\"wp-block-quote is-layout-flow wp-block-quote-is-layout-flow\">\n<p>TAGGRS verf\u00fcgt \u00fcber Server in der ganzen Welt, so dass die Daten sicher in Ihrem Land gespeichert und verarbeitet werden.<\/p>\n<\/blockquote>\n\n<figure class=\"wp-block-image size-large\"><img decoding=\"async\" width=\"1024\" height=\"527\" src=\"https:\/\/taggrs.io\/wp-content\/uploads\/2023\/12\/taggrs-server-locations-all-around-the-globe-1024x527.png\" alt=\"taggrs-server-standorte-&#xFC;berall-auf-der-welt\" class=\"wp-image-31830\" title=\"\"><\/figure>\n\n<h3 class=\"wp-block-heading\" id=\"verwerken-data\">Verarbeitung von Daten<\/h3>\n\n<p>Schlie\u00dflich m\u00fcssen Sie mit der Partei, die die Daten erh\u00e4lt, eine Vereinbarung zur Datenverarbeitung unterzeichnen. Im Falle von GA4 unterschreiben Sie dies, wenn Sie ein Konto anlegen. <\/p>\n\n<figure class=\"wp-block-image size-large is-resized\"><img decoding=\"async\" width=\"952\" height=\"1024\" src=\"https:\/\/taggrs.io\/wp-content\/uploads\/2023\/12\/Google-Analytics-Terms-of-Service-Agreement-952x1024.png\" alt=\"Google Analytics-Nutzungsbedingungen\" class=\"wp-image-31694\" style=\"aspect-ratio:0.9296875;width:378px;height:auto\" title=\"\"><\/figure>\n\n<h2 class=\"wp-block-heading\" id=\"first-party-vs-third-party-cookies\">Erstanbieter- vs. Drittanbieter-Cookies<\/h2>\n\n<p>First-Party-Cookies werden von der besuchten Website selbst erstellt und dienen in erster Linie der Optimierung des Benutzererlebnisses, z. B. der Erinnerung an Anmeldedaten und Warenkorbartikel. Sie sind entscheidend f\u00fcr die Funktionalit\u00e4t der Website und sind nur auf der Website aktiv, die sie erstellt hat. Im Gegensatz dazu werden Third-Party-Cookies von Dritten, wie z. B. Werbenetzwerken, erstellt und dienen dem Tracking, Retargeting und der Bereitstellung von personalisierter Werbung f\u00fcr Benutzer.  <\/p>\n\n<p>Es gibt eine klare Verschiebung von der Verwendung von Third Party Cookies zu First Party Cookies. Dieser Trend wird durch den zunehmenden Fokus auf Privatsph\u00e4re und Datenschutz noch verst\u00e4rkt. Au\u00dferdem legen Browser wie Google Chrome und Mozilla Firefox immer mehr Wert auf den Schutz der Privatsph\u00e4re der Benutzer, was dazu f\u00fchrt, dass Cookies von Drittanbietern zunehmend blockiert oder eingeschr\u00e4nkt werden.    <\/p>\n\n<p>Diese Entwicklungen f\u00fchren zu einer Verlagerung von Third Party Cookies zu First Party Cookies.<\/p>\n\n<blockquote class=\"wp-block-quote is-layout-flow wp-block-quote-is-layout-flow\">\n<p>Weitere Informationen in diesem Blog \u00fcber <a href=\"https:\/\/taggrs.io\/de\/first-party-vs-third-party-cookies\/\">Cookies von Erstanbietern und Drittanbietern<\/a>.<\/p>\n<\/blockquote>\n\n<h2 class=\"wp-block-heading\" id=\"invloed-avg-op-data-tracking\">Auswirkungen von AVG auf die Datenverfolgung<\/h2>\n\n<p>Ein konkretes Beispiel f\u00fcr die Auswirkungen von Datenschutzgesetzen auf Server Side Tagging ist das Verbot der Verwendung von Google Analytics durch einige Regierungen. Da Google Analytics Daten \u00fcber das Verhalten von Website-Besuchern sammelt, kann dies zu Datenschutzbedenken f\u00fchren. Daher haben einige Regierungen beschlossen, Google Analytics auf staatlichen Websites zu verbieten, um die Privatsph\u00e4re der B\u00fcrger zu sch\u00fctzen.  <\/p>\n\n<p>Es gibt viele L\u00e4nder, die der Meinung sind, dass Google Analytics nicht mit der AVG-Gesetzgebung konform ist. Diese Entwicklung unterstreicht die wachsende Bedeutung der Privatsph\u00e4re und des Datenschutzes in der digitalen Welt und zeigt gleichzeitig die Notwendigkeit von Alternativen wie Server Side Tagging. <\/p>\n\n<blockquote class=\"wp-block-quote is-layout-flow wp-block-quote-is-layout-flow\">\n<p>Hier finden Sie eine Liste der <a href=\"https:\/\/plausible.io\/blog\/google-analytics-illegal\" target=\"_blank\" rel=\"noopener\">L\u00e4nder, in denen Google Analytics illegal ist<\/a>.  <\/p>\n<\/blockquote>\n\n<h2 class=\"wp-block-heading\" id=\"hoe-helpt-server-side-gtm-om-te-voldoen-aan-de-avg-regels\">Wie hilft Server Side GTM bei der Einhaltung der AVG-Vorschriften?<\/h2>\n\n<p>Wenn Sie mit Cookies von Drittanbietern arbeiten, wissen Sie, dass die Kontrolle \u00fcber Ihre Daten manchmal schwierig sein kann. Mit Server GTM k\u00f6nnen Sie dieses Problem l\u00f6sen und besser verwalten, was mit Ihren Daten geschieht. Im Folgenden erkl\u00e4ren wir Ihnen, wie.  <\/p>\n\n<h3 class=\"wp-block-heading\" id=\"controle-over-data-van-derden\">Kontrolle \u00fcber Daten von Dritten<\/h3>\n\n<p>Wenn Sie mit Web-Tracking-Skripten von Drittanbietern arbeiten, wissen Sie nicht immer, welche Daten gesammelt werden. Mit Server GTM k\u00f6nnen Sie dies genauer verwalten. Wenn Sie zum Beispiel Server Side Tagging f\u00fcr Facebook einrichten m\u00f6chten, k\u00f6nnen Sie mit Server-Tags genau festlegen, welche Informationen an Facebook gehen. Dadurch wird eingeschr\u00e4nkt, was Facebook sehen kann.   <\/p>\n\n<h3 class=\"wp-block-heading\" id=\"veilig-omgaan-met-gevoelige-info-en-pii\">Sicherer Umgang mit sensiblen Informationen und PII<\/h3>\n\n<p>Es verst\u00f6\u00dft gegen die Richtlinien von Plattformen wie Google und Facebook, pers\u00f6nlich identifizierbare Informationen (PII) zu versenden. Server GTM hilft Ihnen, damit umzugehen. Sie k\u00f6nnen PII wie IP-Adressen entfernen, bevor sie an externe Plattformen weitergeleitet werden, oder Sie k\u00f6nnen die Informationen hacken.  <\/p>\n\n<h3 class=\"wp-block-heading\" id=\"oplossingen-voor-data-management\">L\u00f6sungen zur Datenverwaltung<\/h3>\n\n<p>Hashing von Benutzerdaten: Verschiedene Plattformen haben ihre eigenen Standards f\u00fcr das Hashing. Google Analytics verwendet zum Beispiel SHA256, ebenso wie Facebook. <\/p>\n\n<p>Verwenden Sie eine gef\u00e4lschte GA4 ID: Manche Leute verwenden eine echte Google Analytics 4 ID f\u00fcr die Ereignisverfolgung und eine gef\u00e4lschte GA4 ID, um Daten an den Server-Container zu senden.<\/p>\n\n<p>Server GTM erm\u00f6glicht es Ihnen auch, Website-URLs zu \u00e4ndern, bevor Sie sie an eine externe Partei senden. Dies ist n\u00fctzlich, wenn Sie z.B. sensible Informationen in Ihren URLs haben, die nicht weitergegeben werden sollen. <\/p>\n\n<figure class=\"wp-block-image size-full\"><img decoding=\"async\" width=\"882\" height=\"518\" src=\"https:\/\/taggrs.io\/wp-content\/uploads\/2022\/12\/client-side-server-side-data-owned-by.png\" alt=\"client-side-server-side-data-owned-by.png\" class=\"wp-image-17489\" title=\"\"><\/figure>\n\n<h2 class=\"wp-block-heading\" id=\"is-server-side-de-toekomst\">Ist Server Side die Zukunft?<\/h2>\n\n<p>Angesichts der zunehmenden Bedeutung des Datenschutzes und des AVG scheint Server Side Tagging mehr als ein Trend zu sein. Es erm\u00f6glicht Unternehmen, die Datenerfassung zu verfeinern und gleichzeitig eine bessere Einhaltung der Datenschutzgesetze zu gew\u00e4hrleisten. Einige L\u00e4nder verbieten bereits die Verwendung bestimmter Tracking-Tools von Drittanbietern, was den Bedarf an serverseitigen L\u00f6sungen noch verst\u00e4rkt.  <\/p>\n\n<p>Es gibt auch eine Verlagerung von Third-Party-Cookies zu First-Party-Cookies, da die Privatsph\u00e4re der Benutzer immer wichtiger wird. Server Side Tagging bietet hier eine erg\u00e4nzende L\u00f6sung, indem sensible Daten gefiltert und gehasht werden, bevor sie an externe Parteien gesendet werden. <\/p>\n\n<p>Alles in allem scheint Server Side Tagging nicht nur die Zukunft zu sein, es scheint die Zukunft zu pr\u00e4gen. Angesichts der zunehmenden Bedeutung von AVG-Compliance und Datenintegrit\u00e4t bietet Server Side Tagging einen Weg zu Compliance und detaillierter Datenanalyse. <\/p>\n\n<p>TAGGRS bietet<a href=\"https:\/\/taggrs.io\/de\/gtm-server-side-tagging-hosting\/\"> Server Side Tracking-Hosting <\/a>, das es Ihnen erm\u00f6glicht, weiterhin Daten online zu sammeln und gleichzeitig die AVG-Gesetzgebung einzuhalten.<\/p>\n\n<p><strong>Wir sehen uns auf der Serverseite!<\/strong><\/p>\n\n<h2 class=\"wp-block-heading\" id=\"faq-server-side-tagging-avg\">FAQ - Server side tagging AVG  <\/h2>\n<div id=\"rank-math-faq\" class=\"rank-math-block\">\n<div class=\"rank-math-list \">\n<div id=\"faq-question-1706869691524\" class=\"rank-math-list-item\">\n<h3 class=\"rank-math-question \">Welche Daten fallen nicht unter die AVG?<\/h3>\n<div class=\"rank-math-answer \">\n\n<p>Anonyme Daten, bei denen eine Identifizierung von Personen unm\u00f6glich ist, fallen nicht unter das AVG. Das AVG gilt f\u00fcr personenbezogene Daten, was bedeutet, dass alle Informationen, die direkt oder indirekt eine Person identifizieren k\u00f6nnen, unter dieses Gesetz fallen. Anonyme Daten oder Daten, die so verarbeitet werden, dass die betreffenden Personen nicht mehr identifiziert werden k\u00f6nnen, fallen nicht unter das AVG. Server Side Tagging kann helfen, personenbezogene Daten wie IP-Adressen zu anonymisieren.   <\/p>\n\n<\/div>\n<\/div>\n<div id=\"faq-question-1706869705898\" class=\"rank-math-list-item\">\n<h3 class=\"rank-math-question \">Ist Google Tag Manager AVG-kompatibel?<\/h3>\n<div class=\"rank-math-answer \">\n\n<p>Consent ModeGoogle Tag Manager kann AVG-konform sein, wenn er korrekt eingerichtet ist, um personenbezogene Daten nur mit Zustimmung zu erfassen und zu verarbeiten, wobei .<\/p>\n\n<\/div>\n<\/div>\n<div id=\"faq-question-1706869031955\" class=\"rank-math-list-item\">\n<h3 class=\"rank-math-question \">Ist Server Side Tagging legal?<\/h3>\n<div class=\"rank-math-answer \">\n\n<p>Server Side Tagging ist legal, sofern es den Regeln von AVG entspricht. Es erfordert Transparenz und die Zustimmung des Benutzers zur Erhebung und Verarbeitung personenbezogener Daten. <\/p>\n\n<\/div>\n<\/div>\n<div id=\"faq-question-1706869714566\" class=\"rank-math-list-item\">\n<h3 class=\"rank-math-question \">Kann AVG ohne Zustimmung durchgef\u00fchrt werden?<\/h3>\n<div class=\"rank-math-answer \">\n\n<p>AVG verlangt in vielen F\u00e4llen eine Zustimmung, aber die Verarbeitung ist manchmal auch ohne Zustimmung m\u00f6glich, z.B. bei vertraglicher Notwendigkeit oder gesetzlichen Verpflichtungen.<\/p>\n\n<\/div>\n<\/div>\n<\/div>\n<\/div>","protected":false},"excerpt":{"rendered":"<p>Das AVG hat f\u00fcr Online-Unternehmer viel ver\u00e4ndert. Es wird immer wichtiger, mit pers\u00f6nlichen Daten richtig ...<\/p>\n","protected":false},"author":10,"featured_media":31836,"parent":18669,"menu_order":0,"comment_status":"closed","ping_status":"closed","template":"","meta":{"_acf_changed":false,"footnotes":""},"class_list":["post-34327","page","type-page","status-publish","has-post-thumbnail","hentry"],"acf":[],"_links":{"self":[{"href":"https:\/\/taggrs.io\/de\/wp-json\/wp\/v2\/pages\/34327","targetHints":{"allow":["GET"]}}],"collection":[{"href":"https:\/\/taggrs.io\/de\/wp-json\/wp\/v2\/pages"}],"about":[{"href":"https:\/\/taggrs.io\/de\/wp-json\/wp\/v2\/types\/page"}],"author":[{"embeddable":true,"href":"https:\/\/taggrs.io\/de\/wp-json\/wp\/v2\/users\/10"}],"replies":[{"embeddable":true,"href":"https:\/\/taggrs.io\/de\/wp-json\/wp\/v2\/comments?post=34327"}],"version-history":[{"count":4,"href":"https:\/\/taggrs.io\/de\/wp-json\/wp\/v2\/pages\/34327\/revisions"}],"predecessor-version":[{"id":67178,"href":"https:\/\/taggrs.io\/de\/wp-json\/wp\/v2\/pages\/34327\/revisions\/67178"}],"up":[{"embeddable":true,"href":"https:\/\/taggrs.io\/de\/wp-json\/wp\/v2\/pages\/18669"}],"wp:featuredmedia":[{"embeddable":true,"href":"https:\/\/taggrs.io\/de\/wp-json\/wp\/v2\/media\/31836"}],"wp:attachment":[{"href":"https:\/\/taggrs.io\/de\/wp-json\/wp\/v2\/media?parent=34327"}],"curies":[{"name":"wp","href":"https:\/\/api.w.org\/{rel}","templated":true}]}}