{"id":25794,"date":"2023-09-01T14:03:30","date_gmt":"2023-09-01T14:03:30","guid":{"rendered":"https:\/\/taggrs.io\/lista-de-comprobacion-de-seguimiento-del-servidor-empiece-hoy-mismo-con-sst\/"},"modified":"2026-04-10T15:14:30","modified_gmt":"2026-04-10T15:14:30","slug":"checklist","status":"publish","type":"page","link":"https:\/\/taggrs.io\/es\/server-side-tracking\/checklist\/","title":{"rendered":"Lista de comprobaci\u00f3n de Server-side Tracking: Empieza hoy mismo con el TSM"},"content":{"rendered":"\n<p>Seguir esta lista de comprobaci\u00f3n de Server Side Tracking nos ha ayudado a ayudar a m\u00e1s de 10000 empresas a generar m\u00e1s conversiones e ingresos.  <\/p>\n\n<figure class=\"wp-block-image size-large\"><img decoding=\"async\" width=\"1024\" height=\"572\" src=\"https:\/\/taggrs.io\/wp-content\/uploads\/2023\/09\/taggrs-dashboard-implement-your-tags-1024x572.png\" alt=\"taggrs-dashboard-implementa-tu-tags\" class=\"wp-image-34005\" title=\"\"><\/figure>\n\n<p>Intentamos pon\u00e9rselo lo m\u00e1s f\u00e1cil posible a los clientes, por eso tenemos una <a href=\"https:\/\/taggrs.io\/es\/?p=34985\"><strong>Template Gallery de TAGGRS<\/strong><\/a>donde puedes descargar Plantillas GTM preestablecidas de nuestros expertos. Puedes encontrarlas en tu Panel TAGGRS. Adem\u00e1s, ofrecemos una <a href=\"https:\/\/taggrs.io\/es\/?p=21036\" target=\"_blank\" rel=\"noreferrer noopener\">extensi\u00f3n GTM Copy Paste <\/a>gratuita para copiar y pegar f\u00e1cilmente elementos GTM.  <\/p>\n\n<h3 class=\"wp-block-heading\" id=\"4-check-of-de-event-i-ds-matchen\">4. Comprueba si los ID de Evento coinciden<\/h3>\n\n<p>Comprueba que el <strong>ID del evento<\/strong> en los eventos del contenedor del cliente coincide con el de los eventos del servidor. Para ello, utiliza el modo de depuraci\u00f3n de Google Tag Manager.   <\/p>\n\n<p><strong><em>Esto s\u00f3lo es necesario para las Etiquetas que requieren Deduplicaci\u00f3n de Eventos, como con Facebook. Siempre indicamos en nuestros manuales si necesitas aplicar esto.   <\/em><\/strong><\/p>\n\n<p>En Google Tag Manager entras en modo de <strong>vista previa<\/strong> tanto del lado del cliente como del lado del servidor.  <\/p>\n\n<ul class=\"wp-block-list\">\n<li><strong>Lado cliente:<\/strong> ir al contenedor cargado<\/li>\n\n\n\n<li><strong>Lado del servidor:<\/strong> ir a p\u00e1gina vista<\/li>\n<\/ul>\n\n<p>Comprueba aqu\u00ed si el <strong>ID de Evento<\/strong> del lado del cliente coincide con el del lado del servidor. Mira el siguiente v\u00eddeo para obtener m\u00e1s explicaciones.   <\/p>\n","protected":false},"excerpt":{"rendered":"<p>Seguir esta lista de comprobaci\u00f3n de Server Side Tracking nos ha ayudado a ayudar a ...<\/p>\n","protected":false},"author":10,"featured_media":68494,"parent":20799,"menu_order":0,"comment_status":"closed","ping_status":"closed","template":"","meta":{"_acf_changed":false,"footnotes":""},"class_list":["post-25794","page","type-page","status-publish","has-post-thumbnail","hentry"],"acf":[],"_links":{"self":[{"href":"https:\/\/taggrs.io\/es\/wp-json\/wp\/v2\/pages\/25794","targetHints":{"allow":["GET"]}}],"collection":[{"href":"https:\/\/taggrs.io\/es\/wp-json\/wp\/v2\/pages"}],"about":[{"href":"https:\/\/taggrs.io\/es\/wp-json\/wp\/v2\/types\/page"}],"author":[{"embeddable":true,"href":"https:\/\/taggrs.io\/es\/wp-json\/wp\/v2\/users\/10"}],"replies":[{"embeddable":true,"href":"https:\/\/taggrs.io\/es\/wp-json\/wp\/v2\/comments?post=25794"}],"version-history":[{"count":3,"href":"https:\/\/taggrs.io\/es\/wp-json\/wp\/v2\/pages\/25794\/revisions"}],"predecessor-version":[{"id":68510,"href":"https:\/\/taggrs.io\/es\/wp-json\/wp\/v2\/pages\/25794\/revisions\/68510"}],"up":[{"embeddable":true,"href":"https:\/\/taggrs.io\/es\/wp-json\/wp\/v2\/pages\/20799"}],"wp:featuredmedia":[{"embeddable":true,"href":"https:\/\/taggrs.io\/es\/wp-json\/wp\/v2\/media\/68494"}],"wp:attachment":[{"href":"https:\/\/taggrs.io\/es\/wp-json\/wp\/v2\/media?parent=25794"}],"curies":[{"name":"wp","href":"https:\/\/api.w.org\/{rel}","templated":true}]}}