{"id":29916,"date":"2023-11-02T12:01:47","date_gmt":"2023-11-02T12:01:47","guid":{"rendered":"https:\/\/taggrs.io\/como-afecta-el-rastreo-del-lado-del-servidor-a-la-velocidad-de-la-pagina\/"},"modified":"2025-07-08T09:14:52","modified_gmt":"2025-07-08T09:14:52","slug":"page-speed","status":"publish","type":"page","link":"https:\/\/taggrs.io\/es\/server-side-tracking\/page-speed\/","title":{"rendered":"\u00bfC\u00f3mo afecta el Server Side Tracking a la velocidad de la p\u00e1gina?"},"content":{"rendered":"\n<p>Todo vendedor sabe que la velocidad de la p\u00e1gina es importante; un sitio web lento a\u00f1ade fricci\u00f3n, hasta el punto de que los visitantes lo abandonan por completo. Adem\u00e1s, no es ning\u00fan secreto que Google valora la experiencia de la p\u00e1gina, con la velocidad como factor de clasificaci\u00f3n. <\/p>\n\n<p>Server Side Tracking es un m\u00e9todo utilizado para recopilar datos del usuario sin necesidad de scripts del lado del cliente. Esto afecta a la velocidad general de la p\u00e1gina de tu sitio web. Profundicemos en este tema para entender c\u00f3mo el Server Side Tracking puede afectar a la velocidad de la p\u00e1gina.  <\/p>\n\n<h2 class=\"wp-block-heading\" id=\"waarom-is-paginasnelheid-zo-belangrijk\">\u00bfPor qu\u00e9 es tan importante la velocidad de la p\u00e1gina?<\/h2>\n\n<p>En primer lugar, entendamos por qu\u00e9 la velocidad de la p\u00e1gina es un factor decisivo en el entorno digital actual. Seg\u00fan <a href=\"https:\/\/www.thinkwithgoogle.com\/marketing-strategies\/app-and-mobile\/mobile-page-speed-new-industry-benchmarks\/\" target=\"_blank\" rel=\"noopener\">un estudio de Google<\/a>, el 53% de los usuarios abandonan un sitio si tarda m\u00e1s de 3 segundos en cargarse. Esto es alarmante, sobre todo si tenemos en cuenta que la p\u00e1gina m\u00f3vil media tarda la friolera de 22 segundos en cargarse por completo.  <\/p>\n\n<figure class=\"wp-block-image size-large\"><img decoding=\"async\" src=\"https:\/\/taggrs.io\/wp-content\/uploads\/2023\/10\/core-web-vitals-google-1024x536.webp\" alt=\"core-web-vitals-google\" class=\"wp-image-29576\" title=\"\"><\/figure>\n\n<h2 class=\"wp-block-heading\" id=\"snellere-laadtijden-door-server-side-tracking\">Tiempos de carga m\u00e1s r\u00e1pidos mediante Server Side Tracking<\/h2>\n\n<p>Una de las <a href=\"https:\/\/taggrs.io\/es\/las-7-ventajas-del-tagging-side-server-para-aumentar-las-conversiones\/\">ventajas del Server Side Tracking<\/a> es la reducci\u00f3n de la carga del lado del cliente. En lugar de que los scripts y las etiquetas se carguen en el navegador del usuario (lado del cliente), esto se hace ahora en el lado del servidor (lado del servidor). Esto significa que el navegador tiene menos trabajo que hacer, lo que hace que las p\u00e1ginas se carguen m\u00e1s r\u00e1pido.  <\/p>\n\n<p>Como ahora estos scripts y etiquetas se ejecutan directamente en el servidor en lugar de en tu navegador, todo el proceso de carga es m\u00e1s eficiente. Esto beneficia tanto al visitante del sitio web como a tu <a href=\"https:\/\/taggrs.io\/es\/seo-benefits-server-side-tracking\/\">posicionamiento SEO en Google<\/a>. Y como todo tiene lugar en el servidor, tienes una mejor visi\u00f3n de qu\u00e9 datos se recogen y d\u00f3nde se env\u00edan.  <\/p>\n\n<figure class=\"wp-block-image size-full\"><img decoding=\"async\" width=\"898\" height=\"585\" src=\"https:\/\/taggrs.io\/wp-content\/uploads\/2023\/08\/server-side-tagging.webp\" alt=\"Server Side Tracking\" class=\"wp-image-24637\" title=\"\"><\/figure>\n\n<h2 class=\"wp-block-heading\" id=\"verkorten-van-server-response-time-minimaliseer-externe-afhankelijkheden\"><br\/>Reducir el tiempo de respuesta del servidor: minimizar las dependencias externas<\/h2>\n\n<p>Un sitio web m\u00e1s r\u00e1pido empieza por el tiempo de respuesta del servidor (tiempo de respuesta del servidor). Los retrasos causados por servicios externos, como herramientas de an\u00e1lisis o redes publicitarias, pueden afectar a la velocidad de carga. Esto se debe a que el servidor tiene que esperar una respuesta de una fuente externa sobre la que no tiene control, lo que puede provocar posibles retrasos o incoherencias en el rendimiento del servidor. Al minimizar las dependencias externas mediante Server Side Tracking, obtienes un control m\u00e1s directo sobre el procesamiento, lo que se traduce en tiempos de respuesta m\u00e1s r\u00e1pidos.   <\/p>\n\n<figure class=\"wp-block-image size-large\"><img decoding=\"async\" width=\"1024\" height=\"808\" src=\"https:\/\/taggrs.io\/wp-content\/uploads\/2023\/11\/server-response-time-console-chrome-1024x808.png\" alt=\"servidor-tiempo-de-respuesta-consola-chrome\" class=\"wp-image-34459\" title=\"\"><\/figure>\n\n<h2 class=\"wp-block-heading\" id=\"efficiente-dataverwerking-met-lokale-hosting\">Procesamiento de datos eficiente con alojamiento local<\/h2>\n\n<p>Con el seguimiento tradicional del lado del cliente, los datos de un visitante europeo de un sitio web suelen enviarse a un servidor de Estados Unidos, lo que provoca retrasos. Pero con el Server Side Tracking, alojado en el pa\u00eds, estos datos se procesan localmente. Esto reduce significativamente el tiempo de transmisi\u00f3n de los datos, lo que se traduce en tiempos de carga del sitio web m\u00e1s r\u00e1pidos y un procesamiento m\u00e1s eficaz de los datos de Google Analytics. Este cambio tiene un impacto positivo inmediato: se acortan los tiempos de carga de las p\u00e1ginas web y aumenta la eficacia del procesamiento de los datos.   <\/p>\n\n<h2 class=\"wp-block-heading\" id=\"minimaliseert-flicker-effect\">Minimiza el efecto parpadeo<\/h2>\n\n<p>Otra ventaja del Server Side Tracking es que minimiza el llamado <a href=\"https:\/\/documentation.bloomreach.com\/engagement\/docs\/flickering-effect-in-experiments\" target=\"_blank\" rel=\"noopener\">efecto flicker<\/a>. Este efecto se produce cuando se ejecutan varias etiquetas y scripts en el lado del cliente, lo que puede causar retrasos visibles. Como el Server Side Tracking agiliza este proceso, se reducen las posibilidades de parpadeo.  <\/p>\n\n<figure class=\"wp-block-image size-large\"><img decoding=\"async\" src=\"https:\/\/www.kameleoon.com\/sites\/default\/files\/2023-07\/Flicker-effect.gif\" alt=\"Server Side Tracking\" title=\"\"><\/figure>\n\n<h2 class=\"wp-block-heading\" id=\"server-side-tracking-en-googles-core-web-vitals\">Server Side Tracking y Google's Core Web Vitals<\/h2>\n\n<p>Tambi\u00e9n es importante mencionar que el Server Side Tracking puede ayudar a mejorar <a href=\"https:\/\/support.google.com\/webmasters\/answer\/9205520?hl=en\" target=\"_blank\" rel=\"noopener\">las Core Web Vitals<\/a> de Google. Se trata de m\u00e9tricas que Google utiliza para evaluar la experiencia general del usuario de un sitio web. La mejora de la velocidad de la p\u00e1gina es uno de estos factores vitales, y la implementaci\u00f3n de Server Side Tracking puede contribuir positivamente a ello.  <\/p>\n\n<h2 class=\"wp-block-heading\" id=\"proef-op-de-som\">Ensayo y error<\/h2>\n\n<p>Pero la verdadera pregunta es, \u00bffunciona? <a href=\"https:\/\/www.pingdom.com\/blog\/trackers-impact-performance\/\" target=\"_blank\" rel=\"noopener\">Una investigaci\u00f3n reciente <\/a>demuestra que la velocidad de p\u00e1gina difiere significativamente entre los sitios web que utilizan etiquetas de seguimiento y los que no. En concreto, el estudio, que se centr\u00f3 en los 50 mayores sitios web de noticias de todo el mundo, demostr\u00f3 que la velocidad media de las p\u00e1ginas baj\u00f3 de 9,46 segundos a s\u00f3lo 2,69 segundos para los editores que no utilizaban rastreadores.  <\/p>\n\n<figure class=\"wp-block-image size-large is-resized\"><img decoding=\"async\" width=\"1024\" height=\"700\" src=\"https:\/\/taggrs.io\/wp-content\/uploads\/2023\/10\/breakdown-of-tag-content-on-a-news-website-1024x700.png\" alt=\"desglose del contenido de la etiqueta en un sitio web de noticias\" class=\"wp-image-29581\" style=\"aspect-ratio:1.4628571428571429;width:592px;height:auto\" title=\"\"><\/figure>\n\n<p>Lo que destacaba era que el 82% de todas las etiquetas utilizadas eran etiquetas publicitarias. Al trasladar estas etiquetas de terceros a un contenedor del servidor en lugar de cargarlas en el navegador, reduces la cantidad de peticiones JavaScript y HTTP que deben procesarse. Esto no s\u00f3lo acelera la velocidad de carga de tu sitio web, sino que tambi\u00e9n mejora significativamente la experiencia del usuario.  <\/p>\n\n<h3 class=\"wp-block-heading\" id=\"pagespeedtest-online-marketing-agency-mobiel\">Test de velocidad de p\u00e1ginas agencia de marketing online m\u00f3vil  <\/h3>\n\n<p>La segunda medici\u00f3n realizada antes y despu\u00e9s de la introducci\u00f3n del Server Side Tracking se hizo para <a href=\"https:\/\/flowhub.nl\/\" target=\"_blank\" rel=\"noopener\">Flowhub.co.uk<\/a>, una agencia de marketing online. Examinando los valores vitales de la web, se observa un cambio notable en el Desplazamiento de dise\u00f1o acumulado, de 0,635 a 0,154. Se trata de una mejora significativa.  <\/p>\n\n<figure class=\"wp-block-image size-large\"><img decoding=\"async\" width=\"1024\" height=\"197\" src=\"https:\/\/taggrs.io\/wp-content\/uploads\/2023\/10\/observed-web-vitals-metrics-before-implementing-server-side-tracking-1-1024x197.png\" alt=\"Server Side Tracking\" class=\"wp-image-29262\" title=\"\"><figcaption class=\"wp-element-caption\">Pagespeed - para Server Side Tracking  <\/figcaption><\/figure>\n\n<p><\/p>\n\n<figure class=\"wp-block-image size-large\"><img decoding=\"async\" width=\"1024\" height=\"224\" src=\"https:\/\/taggrs.io\/wp-content\/uploads\/2023\/10\/observed-web-vitals-metrics-after-implementing-server-side-tracking-1-1024x224.png\" alt=\"Server Side Tracking\" class=\"wp-image-29267\" title=\"\"><figcaption class=\"wp-element-caption\">Pagespeed - despu\u00e9s de Server Side Tracking  <\/figcaption><\/figure>\n\n<h4 class=\"wp-block-heading\" id=\"total-blocking-time-een-belangrijke-factor-voor-mobiele-conversies\">Tiempo total de bloqueo: un factor importante para las conversiones m\u00f3viles<\/h4>\n\n<p>Uno de los indicadores clave del rendimiento de PageSpeed m\u00f3vil es el tiempo total de bloqueo. Se observ\u00f3 un descenso de 3472 milisegundos (ms) a 2101 ms en esta m\u00e9trica clave. Se trata de una diferencia de 1371 ms, que puede afectar a la experiencia del usuario y a las tasas de conversi\u00f3n.  <\/p>\n\n<p>En <a href=\"https:\/\/www.webpagetest.org\/\" target=\"_blank\" rel=\"noopener\">Webpage Test<\/a>, puedes profundizar en las m\u00e9tricas y observar m\u00e1s de cerca el tiempo de bloqueo por script. Los resultados sugieren que la introducci\u00f3n de Server Side Tracking contribuye significativamente a esta mejora. <\/p>\n\n<figure class=\"wp-block-image size-large\"><img decoding=\"async\" width=\"1024\" height=\"951\" src=\"https:\/\/taggrs.io\/wp-content\/uploads\/2023\/10\/total-blocking-time-before-implementing-server-side-tracking-pagespeed-1024x951.png\" alt=\"Server Side Tracking\" class=\"wp-image-29247\" title=\"\"><figcaption class=\"wp-element-caption\">Tiempo total de bloqueo para la implementaci\u00f3n Server Side Tracking<\/figcaption><\/figure>\n\n<figure class=\"wp-block-image size-large\"><img decoding=\"async\" width=\"1024\" height=\"827\" src=\"https:\/\/taggrs.io\/wp-content\/uploads\/2023\/10\/total-blocking-time-after-implementing-server-side-tracking-pagespeed-1024x827.png\" alt=\"Server Side Tracking\" class=\"wp-image-29242\" title=\"\"><figcaption class=\"wp-element-caption\">Tiempo total de bloqueo tras la implantaci\u00f3n Server Side Tracking<\/figcaption><\/figure>\n\n<h2 class=\"wp-block-heading\" id=\"conclusie\">Conclusi\u00f3n<\/h2>\n\n<p>\u00bfC\u00f3mo afecta el Server Side Tracking a la velocidad de la p\u00e1gina? Las implicaciones del Server Side Tracking en la velocidad de la p\u00e1gina son obvias y polifac\u00e9ticas. Esta t\u00e9cnica no s\u00f3lo reduce la carga del lado del cliente al trasladar la l\u00f3gica de seguimiento al servidor, sino que tambi\u00e9n afecta positivamente a la experiencia del usuario y a la clasificaci\u00f3n SEO. Ayuda a minimizar el efecto de parpadeo e incluso puede ayudar a mejorar el Core Web Vitals de Google.   <\/p>\n\n<p>Nuestras pruebas demuestran que se produce una mejora notable en la velocidad de las p\u00e1ginas cuando se aplica Server Side Tracking, lo que se apoya en claras diferencias en las puntuaciones de pagespeed entre los m\u00e9todos del lado del cliente y del lado del servidor.<\/p>\n\n<p>En resumen, si la velocidad de la p\u00e1gina es una prioridad para tu sitio web -y deber\u00eda serlo dado su impacto en la experiencia del usuario y en el SEO-, entonces Server Side Tracking es una t\u00e9cnica que deber\u00edas considerar seriamente.<\/p>\n\n<p>Al invertir en Server Side Tracking<a href=\"https:\/\/taggrs.io\/es\/precios\/\">(consulta nuestra p\u00e1gina de precios<\/a>), das un paso importante en la optimizaci\u00f3n de tu sitio web, lo que se traduce en un entorno m\u00e1s r\u00e1pido, eficiente y f\u00e1cil de usar para tus visitantes.<\/p>\n","protected":false},"excerpt":{"rendered":"<p>Todo vendedor sabe que la velocidad de la p\u00e1gina es importante; un sitio web lento ...<\/p>\n","protected":false},"author":10,"featured_media":29805,"parent":20799,"menu_order":0,"comment_status":"closed","ping_status":"closed","template":"","meta":{"_acf_changed":false,"footnotes":""},"class_list":["post-29916","page","type-page","status-publish","has-post-thumbnail","hentry"],"acf":[],"_links":{"self":[{"href":"https:\/\/taggrs.io\/es\/wp-json\/wp\/v2\/pages\/29916","targetHints":{"allow":["GET"]}}],"collection":[{"href":"https:\/\/taggrs.io\/es\/wp-json\/wp\/v2\/pages"}],"about":[{"href":"https:\/\/taggrs.io\/es\/wp-json\/wp\/v2\/types\/page"}],"author":[{"embeddable":true,"href":"https:\/\/taggrs.io\/es\/wp-json\/wp\/v2\/users\/10"}],"replies":[{"embeddable":true,"href":"https:\/\/taggrs.io\/es\/wp-json\/wp\/v2\/comments?post=29916"}],"version-history":[{"count":0,"href":"https:\/\/taggrs.io\/es\/wp-json\/wp\/v2\/pages\/29916\/revisions"}],"up":[{"embeddable":true,"href":"https:\/\/taggrs.io\/es\/wp-json\/wp\/v2\/pages\/20799"}],"wp:featuredmedia":[{"embeddable":true,"href":"https:\/\/taggrs.io\/es\/wp-json\/wp\/v2\/media\/29805"}],"wp:attachment":[{"href":"https:\/\/taggrs.io\/es\/wp-json\/wp\/v2\/media?parent=29916"}],"curies":[{"name":"wp","href":"https:\/\/api.w.org\/{rel}","templated":true}]}}