{"id":30927,"date":"2023-11-07T08:39:24","date_gmt":"2023-11-07T08:39:24","guid":{"rendered":"https:\/\/taggrs.io\/?p=30927"},"modified":"2025-08-21T07:39:10","modified_gmt":"2025-08-21T07:39:10","slug":"costs","status":"publish","type":"page","link":"https:\/\/taggrs.io\/es\/server-side-tracking\/costs\/","title":{"rendered":"Costes del Server-side Tracking, \u00bfpara qu\u00e9 pagas?"},"content":{"rendered":"\n<p>En este blog, nos sumergimos en los costes espec\u00edficos asociados al TSM y en c\u00f3mo TAGGRS los calcula de forma eficiente, para que puedas elegir un paquete que se adapte perfectamente a las necesidades de tu sitio web.<\/p>\n\n<h2 class=\"wp-block-heading\" id=\"wat-is-server-side-tagging\">Wat is Server-side Tracking?<\/h2>\n\n<p>Nog even in het kort: wat is Server Side Tagging ook alweer? <a href=\"https:\/\/taggrs.io\/nl\/server-side-tracking\/\">Server-side Tracking<\/a> is een alternatief voor het traditionele client side tagging. Bij client side tagging worden pixels en cookies direct in de browser van de gebruiker geplaatst, wat betekent dat de verzamelde gebruikersdata vanuit de browser wordt verstuurd naar verschillende diensten zoals Google Analytics en Google Ads. Deze methode heeft het nadeel dat het vatbaar is voor blokkades, bijvoorbeeld door adblockers.<\/p>\n\n<p>El server side tagging ofrece una soluci\u00f3n a esto. En lugar de directamente en el navegador del usuario, los scripts de seguimiento se cargan desde tu propio dominio, y los datos se env\u00edan primero a tu propio servidor. Esto crea una capa intermedia en la que tienes el control sobre qu\u00e9 datos se env\u00edan a qu\u00e9 software.  <\/p>\n\n<p><strong>Las principales ventajas de la TSM son<\/strong><\/p>\n\n<ul class=\"wp-block-list\">\n<li>M\u00e1s datos a tu disposici\u00f3n (hasta un 30%)<\/li>\n\n\n\n<li>A prueba de AVG  <\/li>\n\n\n\n<li>Sitio web m\u00e1s r\u00e1pido<\/li>\n\n\n\n<li>M\u00e1s control sobre tus datos<\/li>\n\n\n\n<li>M\u00e1s flexibilidad<\/li>\n<\/ul>\n\n<blockquote class=\"wp-block-quote is-layout-flow wp-block-quote-is-layout-flow\">\n<p>Consulta nuestra entrada de blog con <a href=\"https:\/\/taggrs.io\/es\/server-side-tracking\/benefits-for-more-conversions\/\">todas las ventajas del Server Side Tracking<\/a>.  <\/p>\n<\/blockquote>\n\n<h2 class=\"wp-block-heading\" id=\"waar-bestaan-de-kosten-uit\">\u00bfEn qu\u00e9 consiste el coste?<\/h2>\n\n<p>El coste del server side tagging est\u00e1 vinculado principalmente a que el servidor act\u00faa como conducto para el flujo de datos hacia las plataformas pertinentes. Esto requiere espacio en el servidor de alojamiento. TAGGRS elabora paquetes en funci\u00f3n del volumen de solicitudes para ofrecer una soluci\u00f3n a medida.  <\/p>\n\n<p>Adem\u00e1s, ofrecemos <a href=\"https:\/\/taggrs.io\/es\/gtm-server-side-tagging-hosting\/\">otras herramientas<\/a> para proporcionarte un seguimiento mejor y m\u00e1s completo.  <\/p>\n\n<figure class=\"wp-block-image size-full\"><img decoding=\"async\" width=\"898\" height=\"585\" src=\"https:\/\/taggrs.io\/wp-content\/uploads\/2023\/11\/you-have-to-rent-server-space-datastream-server-side-tracking.png\" alt=\"Server Side Tracking\" class=\"wp-image-30089\" title=\"\"><\/figure>\n\n<h2 class=\"wp-block-heading\" id=\"hoe-berekent-taggrs-het-aantal-requests\">\u00bfC\u00f3mo calcula TAGGRS el n\u00famero de solicitudes<\/h2>\n\n<p>Con TAGGRS, el c\u00e1lculo de los costes del server side tagging se basa en el n\u00famero de solicitudes (peticiones) realizadas. Este n\u00famero es el resultado directo de las interacciones en tu sitio web, incluidas las p\u00e1ginas vistas, y el uso de clientes de datos dentro de Google Tag Manager (gtm.js, analytics.js, gtag.js, etc.). Para calcular los costes previstos del server side tagging, puedes suponer el n\u00famero de visitantes de tu sitio web al mes multiplicado por diez. Esto da una aproximaci\u00f3n del n\u00famero de solicitudes al mes.   <\/p>\n\n<figure class=\"wp-block-image size-large is-resized\"><img decoding=\"async\" width=\"1024\" height=\"548\" src=\"https:\/\/taggrs.io\/wp-content\/uploads\/2023\/11\/check-event-count-in-google-analytics-4-1-1024x548.png\" alt=\"comprobar-contador-de-eventos-en-google-analytics-4\" class=\"wp-image-30099\" style=\"aspect-ratio:1.8686131386861313;width:547px;height:auto\" title=\"\"><\/figure>\n\n<h3 class=\"wp-block-heading\" id=\"calculator-bekijk-wel-pakket-bij-je-past\">Calculadora - Comprueba qu\u00e9 paquete te conviene<\/h3>\n\n<p>Determina f\u00e1cilmente qu\u00e9 paquete es el m\u00e1s adecuado para tu situaci\u00f3n con nuestra calculadora. Introduce tus preferencias y requisitos y la calculadora te presentar\u00e1 un resumen de las opciones que se ajustan a tus necesidades. <\/p>\n\n<style>\n\n.container {\n  display: flex;\n  justify-content: center;\n  padding: 2rem;\n  font-family: \"Raleway\", sans-serif;\n  margin: auto;\n  box-sizing: border-box;\n}\n\n.form-section {\n\n  width: 65%;\n  padding: 2rem;\n  background-color: white;\n  color: #212F3C;\n  border: solid #ED7634 2px;\n  border-radius: 10px;\n  margin-right: 2rem;\n}\n.fa-calculator {\n  font-size: 200px;  \/* Aanpassen op basis van de gewenste grootte *\/\n  position: absolute;\n  top: 65%;\n  left: 52%;\n  transform: translate(-50%, -50%);\n  opacity: 0.1;\n  \n}\n\n.result-section {\n  width: 35%;\n  padding: 2rem;\n  background-color: #ED7634;\n  border: solid #fff 2px;\n  color: #fff;\n  border-radius: 10px;\n  text-align: center;\n}\n\n@media screen and (max-width: 768px) { \n     .container {\n    flex-direction: column;\n  }\n  .form-section, .result-section {\n      margin-top: 10px;\n    width: 100% !important;\n  }\n}\n\n.form-group {\n  margin-bottom: 1.5rem;\n}\n\n.form-group label {\n  display: inline-block;\n  margin-bottom: .5rem;\n  font-size: 1.2rem;\n}\n\n.form-control {\n  display: block;\n  width: 100%;\n  padding: .375rem .75rem;\n  font-size: 1rem;\n  line-height: 1.5;\n  color: #495057;\n  background-color: #fff;\n  border: 1px solid #ced4da;\n  border-radius: .25rem;\n  box-sizing: border-box;\n  margin-bottom: .5rem;\n}\n\n.form-check-group {\n  display: flex;\n  justify-content: space-between;\n}\n\n.form-check {\n  width: 48%;\n}\n\n.form-check input {\n  margin-right: .5rem;\n}\n\n.form-check label {\n  font-size: 1rem;\n}\n\n.form-text {\n  font-size: .875rem;\n  color: #6c757d;\n}\n\n.result-section h2 {\n  font-size: 1.5rem;\n  margin-bottom: 1.5rem;\n}\n\n#resultPackage {\n  font-size: 1.2rem;\n  margin-bottom: .5rem;\n}\n\n#resultPrice {\n  font-size: 1.5rem;\n  font-weight: bold;\n  margin-bottom: 1.5rem;\n}\n\n#resultDesc {\n  font-size: 1rem;\n  margin-bottom: 1.5rem;\n}\n\n.cta-btn {\n  display: inline-block;\n  padding: .5rem 1rem;\n  font-size: 1.1rem;\n  text-align: center;\n  color: #fff !important;\n  font-weight: 500;\n  background-color: #0D1F36;\n  border: solid #0D1F36 2px;\n  border-radius: 10px;\n  text-decoration: none;\n}\n\n.cta-btn:hover{\n    background:#fff;\n    color:#0D1F36 !important;\n}\n\n<\/style>\n<div class=\"container\">\n  <div class=\"form-section\">\n    <div class=\"form-row\">\n      <div class=\"form-group\">\n        <label for=\"visitors\" style=\"font-weight:500;\">N\u00famero de visitantes mensuales del sitio web<\/label><input type=\"number\" id=\"visitors\" name=\"visitors\" min=\"0\" class=\"form-control\"\/><small id=\"visitorsHelp\" class=\"form-text\">Introduce el n\u00famero estimado de visitantes mensuales.<\/small>\n      <\/div>\n    <\/div>\n    <div class=\"form-group\">\n      <label style=\"font-weight:500;\">Tipo de sitio web<\/label>\n      <div class=\"form-check\">\n        <input class=\"form-check-input\" type=\"radio\" name=\"websiteType\" id=\"webshop\" value=\"tienda virtual\" checked=\"checked\"\/>\n        <label class=\"form-check-label\" for=\"webshop\">  Tienda virtual  <\/label>\n      <\/div>\n      <div class=\"form-check\">\n        <input class=\"form-check-input\" type=\"radio\" name=\"websiteType\" id=\"non-webshop\" value=\"no tienda virtual\"\/>\n        <label class=\"form-check-label\" for=\"non-webshop\">  Sin tienda virtual  <\/label>\n      <\/div>\n      <small class=\"form-text\">Selecciona el tipo de sitio web que tienes.<\/small>\n    <\/div>\n  <\/div>\n  <!-- andere code blijft ongewijzigd -->\n<div class=\"result-section\">\n  <h3 style=\"color:#fff;\">Tu paquete recomendado  <\/h3><p id=\"resultPackage\">Paquete gratuito<\/p>\n  <p id=\"resultPrice\">\u20ac0<\/p>\n  \n  <p id=\"resultDesc\">Este paquete es perfecto para las nuevas empresas que quieren experimentar con su presencia en Internet.<\/p>\n  <a href=\"https:\/\/app.taggrs.io\/register\" class=\"cta-btn\">\u00a1Empieza gratis!<\/a><br\/>\n  <small id=\"resultRequests\">Peticiones estimadas: 0<\/small>\n<\/div>\n<!-- andere code blijft ongewijzigd -->\n\n<\/div>\n\n\n\n\n\n\n\n<script>\nconst formControls = document.querySelectorAll('#visitors, input[name=\"websiteType\"], input[type=\"checkbox\"]');\nconst resultPackage = document.getElementById('resultPackage');\nconst resultPrice = document.getElementById('resultPrice');\nconst resultRequests = document.getElementById('resultRequests');\nconst resultDesc = document.getElementById('resultDesc');\n\nfor (const control of formControls) {\n  control.addEventListener('input', calculatePackage);\n}\n\nfunction calculatePackage() {\n  const visitors = parseInt(document.getElementById('visitors').value) || 0;\n  const websiteType = document.querySelector('input[name=\"websiteType\"]:checked').value;\n  \n  let pageViewsPerVisitor;\n  let events;\n\n  if (websiteType === 'webshop') {\n    pageViewsPerVisitor = 5;\n    events = 7;\n  } else {\n    pageViewsPerVisitor = 2;\n    events = 2;\n  }\n\n  const checkboxes = document.querySelectorAll('input[type=\"checkbox\"]:checked');\n  const score = (visitors * pageViewsPerVisitor + events) * (6 + checkboxes.length);\n\n  resultRequests.textContent = `Geschatte requests: ${formatNumber(score)}`;\n\n  let package, price, desc;\n  if (score <10000) { package = 'Free'; price = '\u20ac0'; desc = 'Dit pakket is perfect voor starters die willen experimenteren met hun online aanwezigheid.'; } else if (score <750000) { package = 'Basic'; price = '\u20ac25'; desc = 'Perfect voor groeiende websites die meer verkeer en gegevens nodig hebben.'; } else if (score <3000000) { package = 'Pro+'; price = '\u20ac65'; desc = 'Ideaal voor geavanceerde webshops met veel verkeer en gegevens.'; } else if (score <10000000) { package = 'Ultimate'; price = '\u20ac145'; desc = 'Extreem veel capaciteit voor grote webshops.'; } else { package = 'Contacteer ons voor een op maat gemaakt pakket'; price = 'Custom'; desc = 'Oplossingen voor grote bedrijven met specifieke behoeften.'; } resultPackage.textContent = package; resultPrice.textContent = price; resultDesc.textContent = desc; } function formatNumber(number) { return number.toString().replace(\/B(?=(d{3})+(?!d))\/g, \".\"); } <\/script>\n\n<h2 class=\"wp-block-heading\" id=\"waarom-kunnen-jullie-goedkoper-zijn-dan-google-cloud-platform\">\u00bfPor qu\u00e9 puede ser m\u00e1s barato que Google Cloud Platform?<\/h2>\n\n<p>Google Cloud es una soluci\u00f3n de \"talla \u00fanica\". Con ella puedes hacer mucho m\u00e1s que server side tagging. Pero tambi\u00e9n pagas por ello. Nuestra estructura de servidores<a href=\"https:\/\/taggrs.io\/es\/infrastructure\/\">(Infraestructura<\/a>) est\u00e1 configurada espec\u00edficamente para el server side tagging. Al hacer un uso \u00f3ptimo del espacio del servidor, podemos ofrecer server side tagging a un precio justo y accesible. Nuestros servidores est\u00e1n repartidos por todo el mundo, ofreci\u00e9ndote un servicio r\u00e1pido y fiable que cumple las leyes locales sobre privacidad.       <\/p>\n\n<p>TAGGRS tiene varios <a href=\"https:\/\/taggrs.io\/es\/precios\/\">planes de precios<\/a>, que te permiten escalar con el crecimiento de tu sitio web.  <\/p>\n\n<h2 class=\"wp-block-heading\" id=\"samenvatting\">Resumen<\/h2>\n\n<p>En este art\u00edculo, hemos explorado los entresijos de los costes del server side tagging. Tanto si est\u00e1s dando tus primeros pasos como llevando tu sitio web actual al siguiente nivel, nuestros paquetes crecen con tus ambiciones. <\/p>\n","protected":false},"excerpt":{"rendered":"<p>En este blog, nos sumergimos en los costes espec\u00edficos asociados al TSM y en c\u00f3mo ...<\/p>\n","protected":false},"author":10,"featured_media":30089,"parent":20799,"menu_order":0,"comment_status":"closed","ping_status":"closed","template":"","meta":{"_acf_changed":false,"footnotes":""},"class_list":["post-30927","page","type-page","status-publish","has-post-thumbnail","hentry"],"acf":[],"_links":{"self":[{"href":"https:\/\/taggrs.io\/es\/wp-json\/wp\/v2\/pages\/30927","targetHints":{"allow":["GET"]}}],"collection":[{"href":"https:\/\/taggrs.io\/es\/wp-json\/wp\/v2\/pages"}],"about":[{"href":"https:\/\/taggrs.io\/es\/wp-json\/wp\/v2\/types\/page"}],"author":[{"embeddable":true,"href":"https:\/\/taggrs.io\/es\/wp-json\/wp\/v2\/users\/10"}],"replies":[{"embeddable":true,"href":"https:\/\/taggrs.io\/es\/wp-json\/wp\/v2\/comments?post=30927"}],"version-history":[{"count":1,"href":"https:\/\/taggrs.io\/es\/wp-json\/wp\/v2\/pages\/30927\/revisions"}],"predecessor-version":[{"id":65429,"href":"https:\/\/taggrs.io\/es\/wp-json\/wp\/v2\/pages\/30927\/revisions\/65429"}],"up":[{"embeddable":true,"href":"https:\/\/taggrs.io\/es\/wp-json\/wp\/v2\/pages\/20799"}],"wp:featuredmedia":[{"embeddable":true,"href":"https:\/\/taggrs.io\/es\/wp-json\/wp\/v2\/media\/30089"}],"wp:attachment":[{"href":"https:\/\/taggrs.io\/es\/wp-json\/wp\/v2\/media?parent=30927"}],"curies":[{"name":"wp","href":"https:\/\/api.w.org\/{rel}","templated":true}]}}