{"id":20802,"date":"2022-12-14T18:52:41","date_gmt":"2022-12-14T18:52:41","guid":{"rendered":"https:\/\/taggrs.io\/tagging-side-server-lexplication-complete\/"},"modified":"2026-01-02T14:56:21","modified_gmt":"2026-01-02T14:56:21","slug":"server-side-tracking","status":"publish","type":"page","link":"https:\/\/taggrs.io\/fr\/server-side-tracking\/","title":{"rendered":"Suivi c\u00f4t\u00e9 serveur : l'explication compl\u00e8te"},"content":{"rendered":"\n<p>Le suivi c\u00f4t\u00e9 serveur est la nouvelle m\u00e9thode de collecte de donn\u00e9es en ligne. Les modifications apport\u00e9es \u00e0 la protection de la vie priv\u00e9e en ligne rendent la collecte de donn\u00e9es de plus en plus limit\u00e9e et difficile. La collecte de donn\u00e9es en ligne se fait aujourd'hui principalement par le biais de cookies. Toutefois, Google indique que ces cookies de suivi, y compris les cookies tiers et les cookies interdomaines, dispara\u00eetront d'ici quelques ann\u00e9es. Actuellement, nous constatons d\u00e9j\u00e0 une perte de donn\u00e9es dans plusieurs secteurs, \u00e0 hauteur de 30 %. Cela s'explique par le fait que le suivi est bloqu\u00e9 pour diverses raisons. Vous en saurez plus \u00e0 ce sujet plus loin dans ce blog.      <\/p>\n\n<p>Le suivi c\u00f4t\u00e9 serveur est la solution pour continuer \u00e0 collecter toutes les donn\u00e9es dans le respect de la vie priv\u00e9e (preuve AVG). C'est la suite logique de la strat\u00e9gie marketing. Mais en quoi consiste le suivi c\u00f4t\u00e9 serveur ? Et comment fonctionne son installation ? Dans cet article, nous vous emmenons dans le monde du suivi c\u00f4t\u00e9 serveur.      <\/p>\n\n<h2 class=\"wp-block-heading\" id=\"wat-is-server-side-tagging\">Qu'est-ce que le suivi c\u00f4t\u00e9 serveur ?<\/h2>\n\n<p>C'est la question qui nous est le plus souvent pos\u00e9e. Le suivi c\u00f4t\u00e9 serveur est une alternative au marquage c\u00f4t\u00e9 client, la m\u00e9thode traditionnelle de marquage. Dans ce cas, vous placez des pixels et des cookies directement dans le navigateur de l'utilisateur. De l\u00e0, les donn\u00e9es de l'utilisateur sont envoy\u00e9es au logiciel que vous utilisez (Google Analytics, Google Ads, etc.). L'inconv\u00e9nient de cette m\u00e9thode est que ce flux de donn\u00e9es peut \u00eatre bloqu\u00e9.    <\/p>\n\n<p>Avec le suivi c\u00f4t\u00e9 serveur, le flux de donn\u00e9es se d\u00e9roule diff\u00e9remment. Ici, vous chargez les scripts de suivi \u00e0 partir de votre propre domaine et envoyez d'abord les donn\u00e9es \u00e0 votre propre serveur. Cela cr\u00e9e une couche interm\u00e9diaire. \u00c0 partir de votre propre serveur, vous pouvez d\u00e9cider quelles donn\u00e9es sont partag\u00e9es avec quel logiciel. Le grand avantage de cette m\u00e9thode est que le flux de donn\u00e9es ne peut pas \u00eatre bloqu\u00e9. Mais il y a encore d'autres avantages.     <\/p>\n\n<figure class=\"wp-block-image size-full\"><img decoding=\"async\" width=\"898\" height=\"585\" src=\"https:\/\/taggrs.io\/wp-content\/uploads\/2022\/12\/image6.png\" alt=\"server side tagging\" class=\"wp-image-17487\" title=\"\"><\/figure>\n\n<h2 class=\"wp-block-heading\" id=\"de-voordelen-van-server-side-tagging\">Les avantages du suivi c\u00f4t\u00e9 serveur<\/h2>\n\n<p>Le suivi c\u00f4t\u00e9 serveur pr\u00e9sente plusieurs avantages. Les principaux sont les suivants : <\/p>\n\n<ul class=\"wp-block-list\">\n<li>Plus de donn\u00e9es \u00e0 votre disposition<\/li>\n\n\n\n<li>Prot\u00e9g\u00e9 par AVG  <\/li>\n\n\n\n<li>Un site web plus rapide<\/li>\n\n\n\n<li>Plus de contr\u00f4le sur vos donn\u00e9es<\/li>\n\n\n\n<li>Plus de flexibilit\u00e9<\/li>\n<\/ul>\n\n<blockquote class=\"wp-block-quote is-layout-flow wp-block-quote-is-layout-flow\">\n<p>Curieux de conna\u00eetre tous les avantages du suivi c\u00f4t\u00e9 serveur ? Consultez <a href=\"https:\/\/taggrs.io\/fr\/server-side-tracking\/benefits-for-more-conversions\/\" target=\"_blank\" rel=\"noreferrer noopener\">ce blog<\/a>. <\/p>\n<\/blockquote>\n\n<h3 class=\"wp-block-heading\" id=\"1-meer-data-tot-je-beschikking\"><br\/>1 : Plus de donn\u00e9es \u00e0 votre disposition<\/h3>\n\n<p>Le grand avantage du marketing en ligne, ce sont les donn\u00e9es. Dans de nombreux cas, vous pouvez calculer directement le retour sur investissement (ROI) de vos campagnes de marketing. Cela est possible gr\u00e2ce au suivi des cookies et au marquage des conversions. Mais il y a aussi un inconv\u00e9nient. Pour des raisons de protection de la vie priv\u00e9e, l'utilisateur moyen est de plus en plus r\u00e9ticent \u00e0 l'id\u00e9e d'\u00eatre suivi. La solution la plus simple consiste \u00e0 placer une banni\u00e8re de cookies. Cependant, de plus en plus d'utilisateurs et d'entreprises prennent les choses en main. Par exemple, des navigateurs comme Safari et Firefox bloquent les cookies de tiers et les derniers t\u00e9l\u00e9phones (iOS 14.5) offrent \u00e9galement aux utilisateurs la possibilit\u00e9 de ne pas \u00eatre suivis. Enfin, les bloqueurs de publicit\u00e9 emp\u00eachent \u00e9galement le flux de donn\u00e9es pour certains utilisateurs. La somme de tout cela signifie que vous avez de moins en moins de donn\u00e9es \u00e0 votre disposition.         <\/p>\n\n<p>Le retour sur investissement de vos campagnes est donc plus difficile \u00e0 mesurer et les campagnes elles-m\u00eames disposent de moins de donn\u00e9es pour s'adapter. En effet, les plateformes de publicit\u00e9 en ligne (Google, Facebook) sont de plus en plus pilot\u00e9es par des algorithmes. Vous le constatez, par exemple, avec l'introduction des campagnes \"performance max\". Plus de (bonnes) donn\u00e9es entrent, plus de conversions sortent.     <\/p>\n\n<figure class=\"wp-block-image size-large\"><img decoding=\"async\" width=\"1024\" height=\"428\" src=\"https:\/\/taggrs.io\/wp-content\/uploads\/2024\/11\/taggrs-analytics-1024x428.png\" alt=\"taggrs-analytics\" class=\"wp-image-54569\" title=\"\"><\/figure>\n\n<p><\/p>\n\n<h3 class=\"wp-block-heading\" id=\"2-avg-proof\">2 : Preuve AVG<\/h3>\n\n<p>Le r\u00e8glement g\u00e9n\u00e9ral sur les donn\u00e9es joue un r\u00f4le de plus en plus important. Le respect des exigences en mati\u00e8re de protection de la vie priv\u00e9e devient de plus en plus important. En t\u00e9moignent, par exemple, les proc\u00e8s intent\u00e9s \u00e0 Google pour son utilisation de Google Analytics. Plusieurs parties affirment que cette utilisation n'est pas conforme au GAV car les donn\u00e9es sont stock\u00e9es sur des serveurs situ\u00e9s aux \u00c9tats-Unis. Cela permet au FBI d'avoir acc\u00e8s aux donn\u00e9es europ\u00e9ennes.    <\/p>\n\n<p><\/p>\n\n<p>Ici aussi, le suivi c\u00f4t\u00e9 serveur offre une solution. En h\u00e9bergeant les donn\u00e9es sur un serveur europ\u00e9en, vous \u00e9vitez cette discussion. Chez TAGGRS, nous h\u00e9bergeons par d\u00e9faut sur les serveurs les plus proches de chez vous, afin que vous puissiez toujours continuer \u00e0 utiliser Google Analytics en toute l\u00e9galit\u00e9.    <\/p>\n\n<figure class=\"wp-block-image size-full\"><img decoding=\"async\" width=\"882\" height=\"518\" src=\"https:\/\/taggrs.io\/wp-content\/uploads\/2022\/12\/client-side-server-side-data-owned-by.png\" alt=\"client-c&#xF4;t&#xE9;-serveur-c&#xF4;t&#xE9;-donn&#xE9;es-owned-by&#010;\" class=\"wp-image-17489\" title=\"\"><\/figure>\n\n<h3 class=\"wp-block-heading\" id=\"3-snellere-website\">3 : Site web plus rapide<\/h3>\n\n<p>Le chargement de scripts suppl\u00e9mentaires prend plus de temps. Par cons\u00e9quent, si vous chargez tous les pixels et cookies du c\u00f4t\u00e9 client traditionnel, le temps de chargement du site web s'en trouve prolong\u00e9. Cela a un effet n\u00e9gatif sur l'exp\u00e9rience de l'utilisateur, mais aussi sur la possibilit\u00e9 de trouver votre site web dans les moteurs de recherche (SEO). Avec le suivi c\u00f4t\u00e9 serveur, le temps de chargement est r\u00e9duit car il est contr\u00f4l\u00e9 de mani\u00e8re synchrone sur le serveur. Nous avons r\u00e9alis\u00e9 une \u00e9tude sur la rapidit\u00e9 de votre site web gr\u00e2ce au balisage c\u00f4t\u00e9 serveur, consultez-la <a href=\"https:\/\/taggrs.io\/fr\/server-side-tracking-page-speed\/\">ici<\/a>.    <\/p>\n\n<figure class=\"wp-block-image size-full is-resized\"><img decoding=\"async\" width=\"800\" height=\"488\" src=\"https:\/\/taggrs.io\/wp-content\/uploads\/2022\/12\/pagespeed.png\" alt=\"vitesse des pages\" class=\"wp-image-17485\" style=\"width:461px;height:281px\" title=\"\"><\/figure>\n\n<p><\/p>\n\n<h3 class=\"wp-block-heading\" id=\"4-meer-controle-over-je-data\">4 : Plus de contr\u00f4le sur vos donn\u00e9es<\/h3>\n\n<p>Avec le balisage c\u00f4t\u00e9 client, vous mettez les donn\u00e9es \u00e0 la disposition des balises que vous installez. Avec le suivi c\u00f4t\u00e9 serveur, vous avez davantage de contr\u00f4le sur les donn\u00e9es que vous souhaitez partager et celles que vous ne souhaitez pas partager. Dans certains secteurs, cela peut \u00eatre tr\u00e8s important. Pensez aux sites web consacr\u00e9s \u00e0 la sant\u00e9, aux affaires gouvernementales ou aux questions sensibles.     <\/p>\n\n<figure class=\"wp-block-image size-full\"><img decoding=\"async\" width=\"2476\" height=\"1188\" src=\"https:\/\/taggrs.io\/wp-content\/uploads\/2022\/12\/hide-ip-adress-server-side-tracking-taggrs.png\" alt=\"Server Side Tracking\" class=\"wp-image-25758\" title=\"\"><\/figure>\n\n<h3 class=\"wp-block-heading\" id=\"5-meer-flexibiliteit\">5 : Plus de flexibilit\u00e9<\/h3>\n\n<p>Les entreprises utilisent de plus en plus de logiciels diff\u00e9rents pour leurs processus commerciaux. Et chaque logiciel recueille des donn\u00e9es. L'astuce consiste \u00e0 unifier ces donn\u00e9es. Le suivi c\u00f4t\u00e9 serveur offre de nombreuses possibilit\u00e9s \u00e0 cet \u00e9gard. Gr\u00e2ce \u00e0 une API, vous pouvez obtenir des donn\u00e9es provenant de diff\u00e9rents logiciels dans le conteneur du serveur GTM. \u00c0 partir de l\u00e0, vous pouvez d\u00e9cider des donn\u00e9es \u00e0 combiner et \u00e0 transmettre. Par exemple, vous pouvez enrichir les donn\u00e9es de conversion avec des donn\u00e9es provenant de votre syst\u00e8me CRM. Cela vous permettra d'augmenter le nombre de conversions dans le cadre de vos campagnes de marketing.       <\/p>\n\n<h2 class=\"wp-block-heading\" id=\"zijn-er-ook-nadelen\">Y a-t-il des inconv\u00e9nients ?<\/h2>\n\n<p>Chaque solution pr\u00e9sente des avantages et des inconv\u00e9nients. Il en va de m\u00eame pour le suivi c\u00f4t\u00e9 serveur. Les trois principaux inconv\u00e9nients sont les suivants :  <\/p>\n\n<h3 class=\"wp-block-heading\" id=\"1-nog-niet-iedere-software-heeft-de-mogelijkheid-voor-sst\">1 : Tous les logiciels n'ont pas encore la capacit\u00e9 d'utiliser le SST.<\/h3>\n\n<p>Hotjar en est un bon exemple. Vous ne pouvez installer cette balise que c\u00f4t\u00e9 client. En utilisant l'installation de Google Tag Manager que nous recommandons, ce n'est pas un probl\u00e8me. Vous pouvez y installer des balises c\u00f4t\u00e9 serveur et c\u00f4t\u00e9 client.   <\/p>\n\n<h3 class=\"wp-block-heading\" id=\"2-de-complexiteit\">2 : La complexit\u00e9<\/h3>\n\n<p>La mise en place de tigs, de triggers et de variables dans le conteneur web est d\u00e9sormais bien document\u00e9e. Le suivi c\u00f4t\u00e9 serveur est une dimension suppl\u00e9mentaire que vous ajoutez \u00e0 la structure existante. Les d\u00e9veloppements dans ce domaine sont encore si r\u00e9cents que peu de choses ont \u00e9t\u00e9 document\u00e9es. Cela changera bien s\u00fbr dans les ann\u00e9es \u00e0 venir, \u00e0 mesure que de plus en plus d'entreprises commenceront \u00e0 l'utiliser. La mise en place peut \u00eatre compliqu\u00e9e, mais nous avons cr\u00e9\u00e9 une <a href=\"https:\/\/taggrs.io\/fr\/server-side-tracking-checklist\/\">liste de contr\u00f4le compl\u00e8te<\/a> pour vous aider.    <\/p>\n\n<h3 class=\"wp-block-heading\" id=\"3-de-kosten\">3 : Le co\u00fbt<\/h3>\n\n<p>Pour utiliser le server side tagging via Google Tag Manager, vous avez besoin d'un espace serveur. Vous pouvez l'obtenir gr\u00e2ce \u00e0 Google Cloud. Mais cela a un prix. Les frais mensuels commencent \u00e0 120 \u20ac par mois. En raison de la grande \u00e9chelle et des nombreuses fonctionnalit\u00e9s de Google Cloud, cette tarification s'impose. Avec TAGGRS, nous avons d\u00e9velopp\u00e9 un produit d'h\u00e9bergement de server side tagging cibl\u00e9. Cela nous permet de le proposer \u00e0 un <a href=\"https:\/\/taggrs.io\/fr\/prix\/\">tarif attractif<\/a>. Nos abonnements payants commencent \u00e0 partir de 25 \u20ac par mois. Et pour les petits sites web, nous sommes gratuits.        <\/p>\n\n<h2 class=\"wp-block-heading\" id=\"wat-is-het-verschil-tussen-een-web-container-en-een-server-container\">Quelle est la diff\u00e9rence entre un conteneur Web et un conteneur serveur ?<\/h2>\n\n<p>En termes simples, dans un conteneur web, vous collectez des donn\u00e9es via des balises qui sont envoy\u00e9es directement au navigateur de l'utilisateur. En revanche, dans un conteneur serveur, vous envoyez d'abord les donn\u00e9es \u00e0 un serveur, puis vous d\u00e9cidez quelles donn\u00e9es sont envoy\u00e9es \u00e0 quelles plateformes, telles que Google Analytics. <\/p>\n\n<p>Actuellement, de nombreuses entreprises travaillent encore avec une m\u00e9thode o\u00f9 les donn\u00e9es sont d'abord envoy\u00e9es au conteneur web, qui les transmet \u00e0 son tour au conteneur serveur. Toutefois, ce processus est susceptible d'\u00eatre modifi\u00e9, notamment en raison des lois et r\u00e9glementations \u00e0 venir. <\/p>\n\n<figure class=\"wp-block-image size-full\"><img decoding=\"async\" width=\"1476\" height=\"390\" src=\"https:\/\/taggrs.io\/wp-content\/uploads\/2022\/12\/web-container-vs-server-container-google-tag-manager.png\" alt=\"web-container-vs-server-container-google-tag-manager\" class=\"wp-image-25746\" title=\"\"><\/figure>\n\n<h2 class=\"wp-block-heading\" id=\"toekomstige-veranderingen-in-wetgeving\">Modifications futures de la l\u00e9gislation<\/h2>\n\n<p>Si vous utilisez actuellement le suivi c\u00f4t\u00e9 serveur, vous utilisez probablement \u00e0 la fois la m\u00e9thode actuelle (conteneur web) et le marquage c\u00f4t\u00e9 serveur (conteneur serveur). Toutefois, ce processus est susceptible d'\u00eatre modifi\u00e9, principalement en raison des lois et r\u00e8glements \u00e0 venir. Selon toute vraisemblance, la m\u00e9thode actuelle via le conteneur web sera progressivement abandonn\u00e9e, ne laissant que le balisage c\u00f4t\u00e9 serveur via le conteneur serveur.  <\/p>\n\n<h3 class=\"wp-block-heading\" id=\"waarom-gaat-dit-veranderen\">Pourquoi cela va-t-il changer ?<\/h3>\n\n<p>La m\u00e9thode actuelle via le conteneur web est soumise \u00e0 une pression croissante en raison de lois strictes sur la protection de la vie priv\u00e9e, telles que la loi AVG. En cons\u00e9quence, cette approche sera m\u00eame interdite \u00e0 terme. Il est donc essentiel que les entreprises commencent d\u00e8s maintenant \u00e0 envisager de migrer vers une approche de conteneur de serveur complet pour le suivi et le traitement des donn\u00e9es.  <\/p>\n\n<h2 class=\"wp-block-heading\" id=\"hoe-begin-je-met-server-side-tagging\">Comment commencer \u00e0 utiliser le suivi c\u00f4t\u00e9 serveur ?<\/h2>\n\n<p>Vous en comprenez les avantages et \u00eates impatient de commencer, mais comment faire ? Nous comprenons mieux que quiconque que le suivi c\u00f4t\u00e9 serveur semble tr\u00e8s complexe \u00e0 premi\u00e8re vue. Et c'est le cas. Notre mission est de rendre le SST accessible \u00e0 toutes les entreprises.     <\/p>\n\n<p>Le suivi c\u00f4t\u00e9 serveur peut \u00eatre mis en \u0153uvre de diff\u00e9rentes mani\u00e8res, mais nous pr\u00e9f\u00e9rons utiliser Google Tag Manager. GTM est utilis\u00e9 par de nombreuses entreprises, il est donc logique de s'en inspirer. De cette mani\u00e8re, vous cr\u00e9ez une extension \u00e0 votre structure de balises existante. Ainsi, vous n'avez pas besoin de tout configurer \u00e0 partir de z\u00e9ro.     <br\/><br\/>Google Tag Manager est utilis\u00e9 diff\u00e9remment par chaque entreprise. Les boutiques en ligne l'utilisent pour le suivi du commerce \u00e9lectronique, les entreprises B2B pour mesurer les prospects et les fondations pour mesurer l'engagement. Par cons\u00e9quent, il n'existe pas de m\u00e9thode de mise en \u0153uvre unique qui convienne parfaitement \u00e0 chaque entreprise. Cependant, il y a certaines \u00e9tapes que vous devez suivre pour commencer \u00e0 utiliser le <a href=\"\/fr\/?p=20946\" target=\"_blank\" rel=\"noreferrer noopener\">server side tagging GTM<\/a>. Vous trouverez ci-dessous une liste des \u00e9tapes \u00e0 suivre pour commencer.    <\/p>\n\n<div class=\"wp-block-group blokje\"><div class=\"wp-block-group__inner-container is-layout-constrained wp-block-group-is-layout-constrained\">\n<ol class=\"wp-block-list\">\n<li>Un conteneur web Google Tag Manager<\/li>\n\n\n\n<li>Facultatif : une couche de donn\u00e9es fonctionnelle (pour les boutiques en ligne et les ventes en ligne)<\/li>\n\n\n\n<li>Un conteneur de serveur Google Tag Manager<\/li>\n\n\n\n<li>Un sous-domaine pour le serveur  <\/li>\n\n\n\n<li>H\u00e9bergement de serveurs<\/li>\n<\/ol>\n<\/div><\/div>\n\n<p>Gr\u00e2ce \u00e0 TAGGRS, nous vous accompagnons pas \u00e0 pas dans cette mise en place. Pendant l'installation, nous vous expliquons pas \u00e0 pas tous les \u00e9l\u00e9ments n\u00e9cessaires \u00e0 la mise en place de ce syst\u00e8me pour votre entreprise.   <\/p>\n\n<p>L'avantage du suivi c\u00f4t\u00e9 serveur via Google Tag Manager est qu'il s'appuie sur votre structure existante. Cela signifie que vous pouvez facilement l'ajouter et vice versa : le ramener \u00e0 son \u00e9tat actuel. Par cons\u00e9quent, vous pouvez commencer \u00e0 tester ce que cette m\u00e9thode signifie pour votre entreprise sans trop de risques.  <\/p>\n\n<h2 class=\"wp-block-heading\" id=\"start-met-de-transitie-naar-server-side-tagging\">Commencez la transition vers le suivi c\u00f4t\u00e9 serveur<\/h2>\n\n<p>Souhaitez-vous profiter des avantages que le suivi c\u00f4t\u00e9 serveur offre \u00e0 votre entreprise et\/ou \u00e0 vos clients ? Alors cr\u00e9ez un <a href=\"https:\/\/app.taggrs.io\/register\/\" target=\"_blank\" rel=\"noreferrer noopener\">compte TAGGRS<\/a> gratuitement. Nous vous fournirons la configuration et les conseils n\u00e9cessaires pour tirer le meilleur parti de votre suivi.    <\/p>\n\n<h2 class=\"wp-block-heading\" id=\"veelgestelde-vragen\">Questions fr\u00e9quemment pos\u00e9es<\/h2>\n<div id=\"rank-math-howto\" class=\"rank-math-block\" >\n<div class=\"rank-math-howto-description\">\n\n<\/div>\n\n<div class=\"rank-math-steps \">\n<div id=\"howto-step-1712569862561\" class=\"rank-math-step\">\n<h3 class=\"rank-math-step-title \">Que se passe-t-il si je ne passe pas au suivi c\u00f4t\u00e9 serveur ?<\/h3>\n<div class=\"rank-math-step-content \"><p>Si vous ne passez pas au suivi c\u00f4t\u00e9 serveur et que de plus en plus de navigateurs bloquent les cookies tiers, la qualit\u00e9 et la quantit\u00e9 de vos donn\u00e9es collect\u00e9es se d\u00e9t\u00e9rioreront consid\u00e9rablement. Vous ne mesurerez que beaucoup moins d'\u00e9v\u00e9nements sur votre site web. Par cons\u00e9quent, vos campagnes seront beaucoup moins performantes. De plus, vous recevrez beaucoup de trafic qui ne pourra pas \u00eatre attribu\u00e9 aux bonnes sources. En outre, sans le suivi c\u00f4t\u00e9 serveur, vous risquez de ne pas \u00eatre en conformit\u00e9 avec la directive AVG\/GDPR.    <\/p>\n<\/div>\n<\/div>\n<div id=\"howto-step-1712585977102\" class=\"rank-math-step\">\n<h3 class=\"rank-math-step-title \">Mon site web a-t-il encore besoin d'une banni\u00e8re de cookies ?<\/h3>\n<div class=\"rank-math-step-content \"><p>Une banni\u00e8re de cookies reste n\u00e9cessaire lorsque vous passez au suivi c\u00f4t\u00e9 serveur. Vous continuerez bien entendu \u00e0 collecter des donn\u00e9es aupr\u00e8s des utilisateurs de votre site web par le biais de cookies. Bien que ces cookies soient d\u00e9sormais de premi\u00e8re partie et non plus de tierce partie, vous restez tenu d'en informer les utilisateurs de votre site web et de leur donner le choix d'accepter ou non ces cookies.  <\/p>\n<\/div>\n<\/div>\n<div id=\"howto-step-1712586009435\" class=\"rank-math-step\">\n<h3 class=\"rank-math-step-title \">Combien d'argent suppl\u00e9mentaire le Server-side Tracking peut-il me rapporter ?<\/h3>\n<div class=\"rank-math-step-content \"><p>Comme c'est souvent le cas en marketing, il est difficile de pr\u00e9dire ce qu'une action particuli\u00e8re rapportera directement. Quoi qu'il en soit, ce que nous savons avec certitude, c'est que vous recueillerez des donn\u00e9es plus nombreuses et de meilleure qualit\u00e9 gr\u00e2ce au suivi c\u00f4t\u00e9 serveur. En outre, votre site web deviendra plus rapide. En fin de compte, cela conduira \u00e0 des campagnes mieux optimis\u00e9es qui, \u00e0 leur tour, conduiront \u00e0 plus de conversions\/argent.   <\/p>\n<\/div>\n<\/div>\n<\/div>\n<\/div>\n\n\n\n","protected":false},"excerpt":{"rendered":"<p>Le suivi c\u00f4t\u00e9 serveur est la nouvelle m\u00e9thode de collecte de donn\u00e9es en ligne. Les ...<\/p>\n","protected":false},"author":10,"featured_media":16036,"parent":0,"menu_order":0,"comment_status":"closed","ping_status":"closed","template":"","meta":{"_acf_changed":false,"footnotes":""},"class_list":["post-20802","page","type-page","status-publish","has-post-thumbnail","hentry"],"acf":[],"_links":{"self":[{"href":"https:\/\/taggrs.io\/fr\/wp-json\/wp\/v2\/pages\/20802","targetHints":{"allow":["GET"]}}],"collection":[{"href":"https:\/\/taggrs.io\/fr\/wp-json\/wp\/v2\/pages"}],"about":[{"href":"https:\/\/taggrs.io\/fr\/wp-json\/wp\/v2\/types\/page"}],"author":[{"embeddable":true,"href":"https:\/\/taggrs.io\/fr\/wp-json\/wp\/v2\/users\/10"}],"replies":[{"embeddable":true,"href":"https:\/\/taggrs.io\/fr\/wp-json\/wp\/v2\/comments?post=20802"}],"version-history":[{"count":2,"href":"https:\/\/taggrs.io\/fr\/wp-json\/wp\/v2\/pages\/20802\/revisions"}],"predecessor-version":[{"id":67187,"href":"https:\/\/taggrs.io\/fr\/wp-json\/wp\/v2\/pages\/20802\/revisions\/67187"}],"wp:featuredmedia":[{"embeddable":true,"href":"https:\/\/taggrs.io\/fr\/wp-json\/wp\/v2\/media\/16036"}],"wp:attachment":[{"href":"https:\/\/taggrs.io\/fr\/wp-json\/wp\/v2\/media?parent=20802"}],"curies":[{"name":"wp","href":"https:\/\/api.w.org\/{rel}","templated":true}]}}