{"id":25787,"date":"2023-09-01T14:03:30","date_gmt":"2023-09-01T14:03:30","guid":{"rendered":"https:\/\/taggrs.io\/liste-de-controle-pour-le-suivi-cote-serveur-demarrer-sst-des-aujourdhui\/"},"modified":"2026-04-10T15:12:32","modified_gmt":"2026-04-10T15:12:32","slug":"checklist","status":"publish","type":"page","link":"https:\/\/taggrs.io\/fr\/server-side-tracking\/checklist\/","title":{"rendered":"Liste de contr\u00f4le de Server Side Tracking : D\u00e9marrez SST d\u00e8s aujourd'hui"},"content":{"rendered":"\n<p>En suivant cette liste de contr\u00f4le de Server Side Tracking, nous avons aid\u00e9 plus de 10000 entreprises \u00e0 g\u00e9n\u00e9rer plus de conversions et de revenus.  <\/p>\n\n\n\n<figure class=\"wp-block-image size-large\"><img decoding=\"async\" width=\"1024\" height=\"428\" src=\"https:\/\/taggrs.io\/wp-content\/uploads\/2024\/11\/taggrs-analytics-1024x428.png\" alt=\"taggrs-analytics\" class=\"wp-image-54569\" title=\"\"><\/figure>\n\n\n\n<p><\/p>\n\n\n\n<div class=\"wp-block-group blokje\"><div class=\"wp-block-group__inner-container is-layout-constrained wp-block-group-is-layout-constrained\">\n<h2 class=\"wp-block-heading\" id=\"\ud83d\udd11-belangrijkste-punten\">\ud83d\udd11 Points cl\u00e9s<\/h2>\n\n\n\n<ol class=\"wp-block-list\">\n<li><strong>Liste de contr\u00f4le compl\u00e8te :<\/strong> La liste de contr\u00f4le du Server Side Tracking (SST) de TAGGRS propose 28 t\u00e2ches soigneusement s\u00e9lectionn\u00e9es pour une installation optimale du SST, convenant aussi bien aux d\u00e9butants qu'aux utilisateurs exp\u00e9riment\u00e9s.<\/li>\n\n\n\n<li><strong>Premi\u00e8res \u00e9tapes :<\/strong> La liste de contr\u00f4le vous aidera \u00e0 cr\u00e9er un compte GA4, \u00e0 valider votre sous-domaine et \u00e0 lancer la soumission des donn\u00e9es \u00e0 votre conteneur de serveur.<\/li>\n\n\n\n<li><strong>Outils avanc\u00e9s :<\/strong> Outre les capacit\u00e9s de suivi de base, TAGGRS offre des outils suppl\u00e9mentaires tels que l'enrichissement des donn\u00e9es et le mode GDPR pour une optimisation plus pouss\u00e9e.<\/li>\n\n\n\n<li>Consent Mode A<strong>VG et protection de la vie priv\u00e9e :<\/strong> la liste de contr\u00f4le comprend \u00e9galement des conseils sur la conformit\u00e9 \u00e0 AVG en ajoutant le conteneur de serveur. <\/li>\n<\/ol>\n<\/div><\/div>\n\n\n\n<p>Vous en avez probablement entendu parler mais ne savez pas par o\u00f9 commencer : le Server Side Tracking est un aspect crucial dans le monde num\u00e9rique d'aujourd'hui. Il est compr\u00e9hensible que la terminologie et la complexit\u00e9 vous semblent insurmontables au premier abord. C'est pourquoi nous avons \u00e9tabli une liste de contr\u00f4le compl\u00e8te pour vous aider \u00e0 mettre en place votre configuration de Server Side Tracking.  <\/p>\n\n\n\n<p>Cette liste contient 28 t\u00e2ches soigneusement s\u00e9lectionn\u00e9es qui sont essentielles pour une installation optimale de SST. Que vous commenciez \u00e0 peine et que vous essayiez de trouver les bases, ou que vous soyez un utilisateur exp\u00e9riment\u00e9 \u00e0 la recherche d'outils et de techniques avanc\u00e9s, cette liste de contr\u00f4le vous servira de point de r\u00e9f\u00e9rence complet pour le Server Side Tracking. <\/p>\n\n\n\n<p>Vous pr\u00e9f\u00e9rez avoir la liste de contr\u00f4le sous forme de feuille de calcul ? Consultez la <a href=\"https:\/\/docs.google.com\/spreadsheets\/d\/1mZuHWhwZSO-bsDRqTOynj4i6ZV1aVbVj59ATDTiiA_M\/edit#gid=1413688472\" target=\"_blank\" rel=\"noopener\">version tableur.<\/a><\/p>\n\n\n\n<p><strong><em>Conseil : <a href=\"https:\/\/dashboard.taggrs.io\" target=\"_blank\" rel=\"noreferrer noopener\">Cr\u00e9ez un compte TAGGRS gratuit<\/a> (aucune carte de cr\u00e9dit n'est requise) afin de pouvoir suivre les \u00e9tapes de ce guide.<\/em><\/strong><\/p>\n","protected":false},"excerpt":{"rendered":"<p>En suivant cette liste de contr\u00f4le de Server Side Tracking, nous avons aid\u00e9 plus de ...<\/p>\n","protected":false},"author":10,"featured_media":68492,"parent":20802,"menu_order":0,"comment_status":"closed","ping_status":"closed","template":"","meta":{"_acf_changed":false,"footnotes":""},"class_list":["post-25787","page","type-page","status-publish","has-post-thumbnail","hentry"],"acf":[],"_links":{"self":[{"href":"https:\/\/taggrs.io\/fr\/wp-json\/wp\/v2\/pages\/25787","targetHints":{"allow":["GET"]}}],"collection":[{"href":"https:\/\/taggrs.io\/fr\/wp-json\/wp\/v2\/pages"}],"about":[{"href":"https:\/\/taggrs.io\/fr\/wp-json\/wp\/v2\/types\/page"}],"author":[{"embeddable":true,"href":"https:\/\/taggrs.io\/fr\/wp-json\/wp\/v2\/users\/10"}],"replies":[{"embeddable":true,"href":"https:\/\/taggrs.io\/fr\/wp-json\/wp\/v2\/comments?post=25787"}],"version-history":[{"count":3,"href":"https:\/\/taggrs.io\/fr\/wp-json\/wp\/v2\/pages\/25787\/revisions"}],"predecessor-version":[{"id":68512,"href":"https:\/\/taggrs.io\/fr\/wp-json\/wp\/v2\/pages\/25787\/revisions\/68512"}],"up":[{"embeddable":true,"href":"https:\/\/taggrs.io\/fr\/wp-json\/wp\/v2\/pages\/20802"}],"wp:featuredmedia":[{"embeddable":true,"href":"https:\/\/taggrs.io\/fr\/wp-json\/wp\/v2\/media\/68492"}],"wp:attachment":[{"href":"https:\/\/taggrs.io\/fr\/wp-json\/wp\/v2\/media?parent=25787"}],"curies":[{"name":"wp","href":"https:\/\/api.w.org\/{rel}","templated":true}]}}