{"id":29914,"date":"2023-11-02T12:01:47","date_gmt":"2023-11-02T12:01:47","guid":{"rendered":"https:\/\/taggrs.io\/comment-le-suivi-cote-serveur-affecte-t-il-la-vitesse-de-la-page\/"},"modified":"2025-07-08T09:15:40","modified_gmt":"2025-07-08T09:15:40","slug":"page-speed","status":"publish","type":"page","link":"https:\/\/taggrs.io\/fr\/server-side-tracking\/page-speed\/","title":{"rendered":"Comment le Server Side Tracking affecte-t-il la vitesse des pages ?"},"content":{"rendered":"\n<p>Tous les sp\u00e9cialistes du marketing savent que la vitesse des pages est importante ; un site web lent cr\u00e9e des frictions, \u00e0 tel point que les visiteurs le quittent compl\u00e8tement. En outre, ce n'est un secret pour personne que Google accorde de l'importance \u00e0 l'exp\u00e9rience de la page, la vitesse \u00e9tant un facteur de classement. <\/p>\n\n<p>Le Server Side Tracking est une m\u00e9thode utilis\u00e9e pour collecter des donn\u00e9es utilisateur sans avoir recours \u00e0 des scripts c\u00f4t\u00e9 client. Cela affecte la vitesse globale des pages de votre site web. Approfondissons ce sujet pour comprendre comment le Server Side Tracking peut affecter la vitesse des pages.  <\/p>\n\n<h2 class=\"wp-block-heading\" id=\"waarom-is-paginasnelheid-zo-belangrijk\">Pourquoi la vitesse des pages est-elle si importante ?<\/h2>\n\n<p>Tout d'abord, comprenons pourquoi la vitesse des pages est un facteur d\u00e9cisif dans l'environnement num\u00e9rique d'aujourd'hui. Selon une <a href=\"https:\/\/www.thinkwithgoogle.com\/marketing-strategies\/app-and-mobile\/mobile-page-speed-new-industry-benchmarks\/\" target=\"_blank\" rel=\"noopener\">\u00e9tude men\u00e9e par Google<\/a>, 53 % des utilisateurs quittent un site si celui-ci met plus de 3 secondes \u00e0 se charger. Ce chiffre est alarmant, surtout si l'on consid\u00e8re que le chargement d'une page mobile prend en moyenne 22 secondes.  <\/p>\n\n<figure class=\"wp-block-image size-large\"><img decoding=\"async\" src=\"https:\/\/taggrs.io\/wp-content\/uploads\/2023\/10\/core-web-vitals-google-1024x536.webp\" alt=\"core-web-vitals-google\" class=\"wp-image-29576\" title=\"\"><\/figure>\n\n<h2 class=\"wp-block-heading\" id=\"snellere-laadtijden-door-server-side-tracking\">Des temps de chargement plus rapides gr\u00e2ce au Server Side Tracking<\/h2>\n\n<p>L'un des <a href=\"https:\/\/taggrs.io\/fr\/les-7-avantages-du-tagging-side-server-pour-plus-de-conversions\/\">avantages du Server Side Tracking<\/a> est la r\u00e9duction de la charge c\u00f4t\u00e9 client. Au lieu de charger les scripts et les balises dans le navigateur de l'utilisateur (c\u00f4t\u00e9 client), cela se fait maintenant du c\u00f4t\u00e9 du serveur (c\u00f4t\u00e9 serveur). Cela signifie que votre navigateur a moins de travail \u00e0 faire, ce qui acc\u00e9l\u00e8re le chargement des pages.  <\/p>\n\n<p>Comme ces scripts et ces balises sont d\u00e9sormais ex\u00e9cut\u00e9s directement sur le serveur et non plus dans votre navigateur, l'ensemble du processus de chargement devient plus efficace. Cela profite \u00e0 la fois au visiteur du site web et \u00e0 votre <a href=\"https:\/\/taggrs.io\/fr\/seo-benefits-server-side-tracking\/\">classement dans Google<\/a>. Et comme tout se passe sur le serveur, vous avez un meilleur aper\u00e7u des donn\u00e9es collect\u00e9es et de l'endroit o\u00f9 elles sont envoy\u00e9es.  <\/p>\n\n<figure class=\"wp-block-image size-full\"><img decoding=\"async\" width=\"898\" height=\"585\" src=\"https:\/\/taggrs.io\/wp-content\/uploads\/2023\/08\/server-side-tagging.webp\" alt=\"Server Side Tracking\" class=\"wp-image-24637\" title=\"\"><\/figure>\n\n<h2 class=\"wp-block-heading\" id=\"verkorten-van-server-response-time-minimaliseer-externe-afhankelijkheden\"><br\/>R\u00e9duire le temps de r\u00e9ponse du serveur : minimiser les d\u00e9pendances externes<\/h2>\n\n<p>Un site web plus rapide commence par le temps de r\u00e9ponse du serveur (temps de r\u00e9ponse du serveur). Les retards caus\u00e9s par des services externes tels que les outils d'analyse ou les r\u00e9seaux publicitaires peuvent affecter la vitesse de chargement. En effet, le serveur doit attendre une r\u00e9ponse d'une source externe sur laquelle il n'a aucun contr\u00f4le, ce qui peut entra\u00eener des retards ou des incoh\u00e9rences dans les performances du serveur. En minimisant les d\u00e9pendances externes gr\u00e2ce au Server Side Tracking, vous b\u00e9n\u00e9ficiez d'un contr\u00f4le plus direct sur le traitement, ce qui se traduit par des temps de r\u00e9ponse plus rapides.   <\/p>\n\n<figure class=\"wp-block-image size-large\"><img decoding=\"async\" width=\"1024\" height=\"808\" src=\"https:\/\/taggrs.io\/wp-content\/uploads\/2023\/11\/server-response-time-console-chrome-1024x808.png\" alt=\"temps de r&#xE9;ponse du serveur-console-chrome\" class=\"wp-image-34459\" title=\"\"><\/figure>\n\n<h2 class=\"wp-block-heading\" id=\"efficiente-dataverwerking-met-lokale-hosting\">Traitement efficace des donn\u00e9es gr\u00e2ce \u00e0 l'h\u00e9bergement local<\/h2>\n\n<p>Avec le Server Side Tracking traditionnel, les donn\u00e9es d'un visiteur de site web europ\u00e9en sont souvent envoy\u00e9es \u00e0 un serveur situ\u00e9 aux \u00c9tats-Unis, ce qui entra\u00eene des retards. Mais avec le Server Side Tracking, h\u00e9berg\u00e9 au niveau national, ces donn\u00e9es sont trait\u00e9es localement. Le temps de transmission des donn\u00e9es est ainsi consid\u00e9rablement r\u00e9duit, ce qui se traduit par des temps de chargement du site plus rapides et un traitement plus efficace des donn\u00e9es de Google Analytics. Ce changement a un impact positif imm\u00e9diat : les temps de chargement des pages web sont plus courts et le traitement des donn\u00e9es est plus efficace.   <\/p>\n\n<h2 class=\"wp-block-heading\" id=\"minimaliseert-flicker-effect\">Minimise l'effet de scintillement<\/h2>\n\n<p>Un autre avantage du Server Side Tracking est qu'il minimise l'<a href=\"https:\/\/documentation.bloomreach.com\/engagement\/docs\/flickering-effect-in-experiments\" target=\"_blank\" rel=\"noopener\">effet de scintillement<\/a>. Cet effet se produit lorsque plusieurs balises et scripts sont ex\u00e9cut\u00e9s c\u00f4t\u00e9 client, ce qui peut entra\u00eener des retards visibles. Comme le Server Side Tracking rationalise ce processus, les risques de scintillement sont r\u00e9duits.  <\/p>\n\n<figure class=\"wp-block-image size-large\"><img decoding=\"async\" src=\"https:\/\/www.kameleoon.com\/sites\/default\/files\/2023-07\/Flicker-effect.gif\" alt=\"Server Side Tracking\" title=\"\"><\/figure>\n\n<h2 class=\"wp-block-heading\" id=\"server-side-tracking-en-googles-core-web-vitals\">Server Side Tracking et Google Core Web Vitals<\/h2>\n\n<p>Il est \u00e9galement important de noter que le Server Side Tracking peut contribuer \u00e0 am\u00e9liorer les <a href=\"https:\/\/support.google.com\/webmasters\/answer\/9205520?hl=en\" target=\"_blank\" rel=\"noopener\">indicateurs fondamentaux de Google<\/a>. Il s'agit de mesures que Google utilise pour \u00e9valuer l'exp\u00e9rience globale de l'utilisateur d'un site web. L'am\u00e9lioration de la vitesse des pages est l'un de ces crit\u00e8res, et la mise en \u0153uvre du Server Side Tracking peut y contribuer de mani\u00e8re positive.  <\/p>\n\n<h2 class=\"wp-block-heading\" id=\"proef-op-de-som\">Essais et erreurs<\/h2>\n\n<p>Mais la vraie question est de savoir si cela fonctionne. <a href=\"https:\/\/www.pingdom.com\/blog\/trackers-impact-performance\/\" target=\"_blank\" rel=\"noopener\">Une \u00e9tude r\u00e9cente <\/a>montre que la vitesse des pages diff\u00e8re consid\u00e9rablement entre les sites web qui utilisent des balises de suivi et ceux qui n'en utilisent pas. En particulier, l'\u00e9tude, qui a port\u00e9 sur les 50 plus grands sites d'information du monde, a montr\u00e9 que la vitesse moyenne des pages est pass\u00e9e de 9,46 secondes \u00e0 seulement 2,69 secondes pour les \u00e9diteurs qui n'utilisaient pas de traceurs.  <\/p>\n\n<figure class=\"wp-block-image size-large is-resized\"><img decoding=\"async\" width=\"1024\" height=\"700\" src=\"https:\/\/taggrs.io\/wp-content\/uploads\/2023\/10\/breakdown-of-tag-content-on-a-news-website-1024x700.png\" alt=\"rupture du contenu d&#039;une &#xE9;tiquette sur un site web d&#039;information\" class=\"wp-image-29581\" style=\"aspect-ratio:1.4628571428571429;width:592px;height:auto\" title=\"\"><\/figure>\n\n<p>Ce qui ressort, c'est que 82 % des balises utilis\u00e9es sont des balises publicitaires. En d\u00e9pla\u00e7ant ces balises tierces vers un conteneur serveur au lieu de les charger dans le navigateur, vous r\u00e9duisez la quantit\u00e9 de JavaScript et de requ\u00eates HTTP \u00e0 traiter. Cela permet non seulement d'acc\u00e9l\u00e9rer la vitesse de chargement de votre site web, mais aussi d'am\u00e9liorer consid\u00e9rablement l'exp\u00e9rience de l'utilisateur.  <\/p>\n\n<h3 class=\"wp-block-heading\" id=\"pagespeedtest-online-marketing-agency-mobiel\">Test Pagespeed agence de marketing en ligne mobile  <\/h3>\n\n<p>La deuxi\u00e8me mesure effectu\u00e9e avant et apr\u00e8s l'introduction du Server Side Tracking a \u00e9t\u00e9 r\u00e9alis\u00e9e pour <a href=\"https:\/\/flowhub.nl\/\" target=\"_blank\" rel=\"noopener\">Flowhub.co.uk<\/a>, une agence de marketing en ligne. L'examen des principaux indicateurs vitaux du web a r\u00e9v\u00e9l\u00e9 un changement notable dans le d\u00e9calage cumulatif de la mise en page, qui est pass\u00e9 de 0,635 \u00e0 0,154. Il s'agit d'une am\u00e9lioration significative.  <\/p>\n\n<figure class=\"wp-block-image size-large\"><img decoding=\"async\" width=\"1024\" height=\"197\" src=\"https:\/\/taggrs.io\/wp-content\/uploads\/2023\/10\/observed-web-vitals-metrics-before-implementing-server-side-tracking-1-1024x197.png\" alt=\"Server Side Tracking\" class=\"wp-image-29262\" title=\"\"><figcaption class=\"wp-element-caption\">Pagespeed - pour le Server Side Tracking  <\/figcaption><\/figure>\n\n<p><\/p>\n\n<figure class=\"wp-block-image size-large\"><img decoding=\"async\" width=\"1024\" height=\"224\" src=\"https:\/\/taggrs.io\/wp-content\/uploads\/2023\/10\/observed-web-vitals-metrics-after-implementing-server-side-tracking-1-1024x224.png\" alt=\"Server Side Tracking\" class=\"wp-image-29267\" title=\"\"><figcaption class=\"wp-element-caption\">Pagespeed - apr\u00e8s le Server Side Tracking  <\/figcaption><\/figure>\n\n<h4 class=\"wp-block-heading\" id=\"total-blocking-time-een-belangrijke-factor-voor-mobiele-conversies\">Temps de blocage total : un facteur important pour les conversions sur mobile<\/h4>\n\n<p>L'un des principaux indicateurs de performance pour PageSpeed mobile est le temps de blocage total. Une diminution a \u00e9t\u00e9 constat\u00e9e de 3472 millisecondes (ms) \u00e0 2101 ms dans cette mesure cl\u00e9. Il s'agit d'une diff\u00e9rence de 1371 ms, qui peut affecter l'exp\u00e9rience de l'utilisateur et les taux de conversion.  <\/p>\n\n<p>Sur <a href=\"https:\/\/www.webpagetest.org\/\" target=\"_blank\" rel=\"noopener\">Webpage Test<\/a>, vous pouvez approfondir les mesures et examiner de plus pr\u00e8s le temps de blocage par script. Les r\u00e9sultats sugg\u00e8rent que l'introduction du Server Side Tracking contribue de mani\u00e8re significative \u00e0 cette am\u00e9lioration. <\/p>\n\n<figure class=\"wp-block-image size-large\"><img decoding=\"async\" width=\"1024\" height=\"951\" src=\"https:\/\/taggrs.io\/wp-content\/uploads\/2023\/10\/total-blocking-time-before-implementing-server-side-tracking-pagespeed-1024x951.png\" alt=\"Server Side Tracking\" class=\"wp-image-29247\" title=\"\"><figcaption class=\"wp-element-caption\">Temps de blocage total pour la mise en \u0153uvre du Server Side Tracking<\/figcaption><\/figure>\n\n<figure class=\"wp-block-image size-large\"><img decoding=\"async\" width=\"1024\" height=\"827\" src=\"https:\/\/taggrs.io\/wp-content\/uploads\/2023\/10\/total-blocking-time-after-implementing-server-side-tracking-pagespeed-1024x827.png\" alt=\"Server Side Tracking\" class=\"wp-image-29242\" title=\"\"><figcaption class=\"wp-element-caption\">Temps de blocage total apr\u00e8s la mise en \u0153uvre du Server Side Tracking<\/figcaption><\/figure>\n\n<h2 class=\"wp-block-heading\" id=\"conclusie\">Conclusion<\/h2>\n\n<p>Comment le Server Side Tracking affecte-t-il la vitesse des pages ? Les implications du Server Side Tracking sur la vitesse des pages sont \u00e9videntes et multiples. Cette technique permet non seulement de r\u00e9duire la charge c\u00f4t\u00e9 client en d\u00e9pla\u00e7ant la logique de suivi vers le serveur, mais elle a \u00e9galement un impact positif sur l'exp\u00e9rience de l'utilisateur et le classement en mati\u00e8re de r\u00e9f\u00e9rencement. Elle permet de minimiser l'effet de scintillement et peut m\u00eame contribuer \u00e0 am\u00e9liorer les crit\u00e8res de r\u00e9f\u00e9rencement de Google.   <\/p>\n\n<p>Nos tests montrent qu'il y a une am\u00e9lioration notable de la vitesse des pages lorsque le Server Side Tracking est mis en \u0153uvre, ce qui est confirm\u00e9 par des diff\u00e9rences claires dans les scores de vitesse des pages entre les m\u00e9thodes c\u00f4t\u00e9 client et c\u00f4t\u00e9 serveur.<\/p>\n\n<p>En bref, si la vitesse des pages est une priorit\u00e9 pour votre site web - et elle devrait l'\u00eatre \u00e9tant donn\u00e9 son impact sur l'exp\u00e9rience utilisateur et le r\u00e9f\u00e9rencement - alors le Server Side Tracking est une technique que vous devriez s\u00e9rieusement envisager.<\/p>\n\n<p>En investissant dans le Server Side Tracking<a href=\"https:\/\/taggrs.io\/fr\/prix\/\">(consultez notre page de tarifs<\/a>), vous franchissez une \u00e9tape importante dans l'optimisation de votre site web, ce qui se traduit par un environnement plus rapide, plus efficace et plus convivial pour vos visiteurs.<\/p>\n","protected":false},"excerpt":{"rendered":"<p>Tous les sp\u00e9cialistes du marketing savent que la vitesse des pages est importante ; un ...<\/p>\n","protected":false},"author":10,"featured_media":29805,"parent":20802,"menu_order":0,"comment_status":"closed","ping_status":"closed","template":"","meta":{"_acf_changed":false,"footnotes":""},"class_list":["post-29914","page","type-page","status-publish","has-post-thumbnail","hentry"],"acf":[],"_links":{"self":[{"href":"https:\/\/taggrs.io\/fr\/wp-json\/wp\/v2\/pages\/29914","targetHints":{"allow":["GET"]}}],"collection":[{"href":"https:\/\/taggrs.io\/fr\/wp-json\/wp\/v2\/pages"}],"about":[{"href":"https:\/\/taggrs.io\/fr\/wp-json\/wp\/v2\/types\/page"}],"author":[{"embeddable":true,"href":"https:\/\/taggrs.io\/fr\/wp-json\/wp\/v2\/users\/10"}],"replies":[{"embeddable":true,"href":"https:\/\/taggrs.io\/fr\/wp-json\/wp\/v2\/comments?post=29914"}],"version-history":[{"count":0,"href":"https:\/\/taggrs.io\/fr\/wp-json\/wp\/v2\/pages\/29914\/revisions"}],"up":[{"embeddable":true,"href":"https:\/\/taggrs.io\/fr\/wp-json\/wp\/v2\/pages\/20802"}],"wp:featuredmedia":[{"embeddable":true,"href":"https:\/\/taggrs.io\/fr\/wp-json\/wp\/v2\/media\/29805"}],"wp:attachment":[{"href":"https:\/\/taggrs.io\/fr\/wp-json\/wp\/v2\/media?parent=29914"}],"curies":[{"name":"wp","href":"https:\/\/api.w.org\/{rel}","templated":true}]}}