{"id":34324,"date":"2024-02-02T10:17:07","date_gmt":"2024-02-02T10:17:07","guid":{"rendered":"https:\/\/taggrs.io\/?p=34324"},"modified":"2025-07-18T13:16:26","modified_gmt":"2025-07-18T13:16:26","slug":"gdpr","status":"publish","type":"page","link":"https:\/\/taggrs.io\/fr\/server-side-tracking\/gdpr\/","title":{"rendered":"Server Side Tracking RGPD : Ce que vous devez savoir"},"content":{"rendered":"\n<p>Le programme AVG a chang\u00e9 beaucoup de choses pour les entrepreneurs en ligne. Il est de plus en plus important de traiter correctement les donn\u00e9es personnelles. Dans ce contexte, le server side tagging vous aide \u00e0 mieux respecter les directives de l'AVG. Quel est le r\u00f4le du Server GTM dans ce contexte ? Nous l'expliquons dans cet article.    <\/p>\n\n<div class=\"wp-block-group blokje\"><div class=\"wp-block-group__inner-container is-layout-constrained wp-block-group-is-layout-constrained\">\n<h2 class=\"wp-block-heading\" id=\"key-points-&#x1F511;\">Points cl\u00e9s \ud83d\udd11<\/h2>\n\n\n\n<ol class=\"wp-block-list\">\n<li><strong>G\u00e9rer la collecte de donn\u00e9es<\/strong>: L'utilisation du server side tagging offre un meilleur contr\u00f4le sur les donn\u00e9es envoy\u00e9es \u00e0 des plateformes telles que Google et Facebook, ce qui vous permet d'exclure les informations personnelles telles que les adresses IP et les identifiants clients.<\/li>\n\n\n\n<li><strong>Accords de stockage et de traitement des donn\u00e9es<\/strong>: Consid\u00e9rations importantes concernant le lieu et la dur\u00e9e de stockage des donn\u00e9es, et l'importance des accords de traitement avec des tiers tels que Google Analytics.<\/li>\n\n\n\n<li>L'<strong>avenir du server side tagging<\/strong>: l'importance croissante accord\u00e9e \u00e0 la confidentialit\u00e9 des donn\u00e9es et le passage des cookies de tierce partie aux cookies de premi\u00e8re partie soulignent l'importance croissante du server side tagging en tant que m\u00e9thode de conformit\u00e9 AVG et d'analyse avanc\u00e9e des donn\u00e9es.<\/li>\n<\/ol>\n\n\n\n<p><\/p>\n<\/div><\/div>\n\n<h2 class=\"wp-block-heading\" id=\"wat-is-de-avg\">Qu'est-ce que l'AVG ?<\/h2>\n\n<p><a href=\"https:\/\/commission.europa.eu\/law\/law-topic\/data-protection\/data-protection-eu_en\" target=\"_blank\" rel=\"noopener\">Le RGPD<\/a> vise \u00e0 r\u00e9glementer les donn\u00e9es personnelles (en ligne). Elle est entr\u00e9e en vigueur le 25 mai 2018. En ligne, au moins les \u00e9l\u00e9ments suivants sont consid\u00e9r\u00e9s comme des donn\u00e9es personnelles :  <\/p>\n\n<ul class=\"wp-block-list\">\n<li>Nom<\/li>\n\n\n\n<li>Courriel<\/li>\n\n\n\n<li>IP<\/li>\n\n\n\n<li>Adresse<\/li>\n\n\n\n<li>Et des biscuits<\/li>\n<\/ul>\n\n<p>En outre, les donn\u00e9es sur la sant\u00e9 ou les donn\u00e9es financi\u00e8res, par exemple, sont \u00e9galement des donn\u00e9es personnelles et ne doivent donc pas \u00eatre collect\u00e9es ou partag\u00e9es sans le consentement de l'int\u00e9ress\u00e9.<\/p>\n\n<p>Par d\u00e9faut, Google et Facebook collectent des donn\u00e9es relatives \u00e0 l'adresse IP, \u00e0 la localisation et aux cookies. Vous pouvez \u00e9galement envoyer des donn\u00e9es suppl\u00e9mentaires (donn\u00e9es de conversion am\u00e9lior\u00e9es) \u00e0 ces plateformes, mais cela n'est pas inclus dans la configuration standard. <\/p>\n\n<p>Ainsi, dans l'\u00e9tat actuel des choses, vous ne pouvez pas lier Google et Facebook \u00e0 votre site web dans le cadre des lignes directrices de l'AVG. Ce lien est souvent \u00e9tabli au moyen d'un outil tel que Google Tag Manager. Le GTM ne stocke aucune donn\u00e9e, mais agit comme un conduit. Vous pouvez donc utiliser Google Tag Manager \u00e0 l'abri de l'AVG, mais d'une mani\u00e8re sp\u00e9cifique. Nous y reviendrons plus tard.    <\/p>\n\n<h2 class=\"wp-block-heading\" id=\"wat-betekent-avg-voor-data-tracking\">Que signifie AVG pour le suivi des donn\u00e9es ?<\/h2>\n\n<p>Pour de nombreuses entreprises en ligne, le suivi du comportement des utilisateurs sur leur site web ou leur application est un \u00e9l\u00e9ment essentiel de leurs activit\u00e9s. Gr\u00e2ce aux trackers, elles collectent des donn\u00e9es sur le comportement des utilisateurs, ce qui leur permet de prendre des d\u00e9cisions \u00e9clair\u00e9es et, en fin de compte, d'accro\u00eetre leurs b\u00e9n\u00e9fices.   <\/p>\n\n<p>Le suivi des sites web n'est pas ill\u00e9gal en soi. La l\u00e9galit\u00e9 d\u00e9pend de l'endroit o\u00f9 vous exercez votre activit\u00e9 et de la mani\u00e8re dont le suivi est r\u00e9glement\u00e9. Pour d\u00e9terminer si votre site web suit correctement les donn\u00e9es, vous devez comprendre comment vous surveillez vos utilisateurs et quelles mesures vous devez prendre pour vous conformer aux exigences l\u00e9gales.  <\/p>\n\n<p>Pour \u00eatre \u00e0 l'\u00e9preuve d'AVG tout en assurant le suivi des donn\u00e9es, il est important de tenir compte de certains \u00e9l\u00e9ments. La collecte, le stockage et le traitement des donn\u00e9es. <\/p>\n\n<h3 class=\"wp-block-heading\" id=\"verzamelen-data\">Collecte de donn\u00e9es<\/h3>\n\n<p>La collecte de donn\u00e9es se fait g\u00e9n\u00e9ralement \u00e0 l'aide d'un script de suivi et de cookies tiers. Il s'agit de codes provenant, par exemple, de Google et de Facebook. Ils sont souvent plac\u00e9s via le GTM. Ces codes collectent des donn\u00e9es. Vous n'avez pratiquement aucun contr\u00f4le sur ces donn\u00e9es. Google peut donc collecter ce qu'il veut. Pour garder le contr\u00f4le sur les donn\u00e9es collect\u00e9es, vous pouvez appliquer le server side tagging. Cela vous permet de contr\u00f4ler enti\u00e8rement les donn\u00e9es qui sont envoy\u00e9es \u00e0 Google ou \u00e0 Facebook.        <\/p>\n\n<p>Cela vous permet \u00e9galement d'exclure certaines donn\u00e9es de la collecte. Par exemple, vous pouvez exclure les adresses IP et les identifiants de clients du suivi. En outre, vous pouvez aller encore plus loin en n'envoyant pas de param\u00e8tres URL (balises UTM, par exemple).  <\/p>\n\n<figure class=\"wp-block-image size-full\"><a href=\"https:\/\/taggrs.io\/fr\/gdpr-tool\/\"><img decoding=\"async\" width=\"2476\" height=\"1188\" src=\"https:\/\/taggrs.io\/wp-content\/uploads\/2022\/12\/hide-ip-adress-server-side-tracking-taggrs.png\" alt=\"Server Side Tracking\" class=\"wp-image-25758\" title=\"\"><\/a><figcaption class=\"wp-element-caption\"><a href=\"https:\/\/taggrs.io\/fr\/gdpr-tool\/\">TAGGRS Outil GDPR<\/a><\/figcaption><\/figure>\n\n<p>La nouvelle version de GA4 dispose \u00e9galement d'une plus grande flexibilit\u00e9 pour garantir que certaines donn\u00e9es ne sont pas collect\u00e9es. Par exemple, vous pouvez d\u00e9sactiver les <a href=\"https:\/\/support.google.com\/analytics\/answer\/9445345?hl=en#zippy=%2Cin-dit-artikel%2Cin-this-article\" target=\"_blank\" rel=\"noopener\">signaux Google<\/a>, la personnalisation des annonces et les donn\u00e9es de localisation pour une s\u00e9curit\u00e9 optimale. <\/p>\n\n<p>Enfin, la chose la plus importante est de demander la permission de suivre les donn\u00e9es (et d'indiquer quelles donn\u00e9es vous allez collecter, \u00e0 quelles fins) par le biais d'une banni\u00e8re de cookies. Nous utilisons Cookiebot pour cela, car il fonctionne bien avec Google Tag Manager. En utilisant le mode de consentement dans Google Tag Manager, vous pouvez vous assurer que le suivi est effectivement conforme \u00e0 ce qui est indiqu\u00e9 dans la banni\u00e8re de cookies.  <\/p>\n\n<figure class=\"wp-block-image size-large\"><img decoding=\"async\" src=\"https:\/\/taggrs.io\/wp-content\/uploads\/2023\/10\/taggrs-cookie-banner-website-1024x226.png\" alt=\"taggrs-cookie-banner-website\" class=\"wp-image-29056\" title=\"\"><\/figure>\n\n<p>Lorsque vous configurez le <a href=\"https:\/\/taggrs.io\/fr\/?p=23417\">mode de consentement <\/a>dans le conteneur du serveur Google Tag Manager, vous transmettez les donn\u00e9es aux plateformes concern\u00e9es en fonction du niveau de consentement indiqu\u00e9 par l'utilisateur dans la banni\u00e8re du cookie. Le traitement des donn\u00e9es est ainsi plus conforme aux pr\u00e9f\u00e9rences des utilisateurs et aux lois sur la protection de la vie priv\u00e9e, ce qui permet de trouver un \u00e9quilibre entre la protection de la vie priv\u00e9e des utilisateurs et l'utilisation des donn\u00e9es \u00e0 des fins de marketing cibl\u00e9 et d'analyse. <\/p>\n\n<h3 class=\"wp-block-heading\" id=\"opslaan-data\">Sauvegarder les donn\u00e9es<\/h3>\n\n<p>En outre, le stockage des donn\u00e9es est \u00e9galement un facteur important. Combien de temps les donn\u00e9es seront-elles conserv\u00e9es ? GA4 a fait de nombreux progr\u00e8s dans ce domaine \u00e9galement. Il vous permet d'exclure le partage des donn\u00e9es avec d'autres parties de Google.   <\/p>\n\n<p>En outre, il est important que les donn\u00e9es personnelles ne soient pas stock\u00e9es en dehors de l'UE. C'est le cas de Google Analytics. Gr\u00e2ce au server side tagging, nous veillons \u00e0 ce que les donn\u00e9es \u00e0 caract\u00e8re personnel soient d\u00e9j\u00e0 exclues au pr\u00e9alable et ne soient donc jamais envoy\u00e9es \u00e0 Google Analytics. De cette mani\u00e8re, vous pouvez l'utiliser dans le cadre des directives de l'AVG.   <\/p>\n\n<blockquote class=\"wp-block-quote is-layout-flow wp-block-quote-is-layout-flow\">\n<p>TAGGRS poss\u00e8de des serveurs dans le monde entier, de sorte que les donn\u00e9es sont stock\u00e9es et trait\u00e9es en toute s\u00e9curit\u00e9 dans votre propre pays.<\/p>\n<\/blockquote>\n\n<figure class=\"wp-block-image size-large\"><img decoding=\"async\" width=\"1024\" height=\"527\" src=\"https:\/\/taggrs.io\/wp-content\/uploads\/2023\/12\/taggrs-server-locations-all-around-the-globe-1024x527.png\" alt=\"taggrs-server-locations-all-around-the-globe\" class=\"wp-image-31830\" title=\"\"><\/figure>\n\n<h3 class=\"wp-block-heading\" id=\"verwerken-data\">Traitement des donn\u00e9es<\/h3>\n\n<p>Enfin, vous devez signer un accord de traitement avec la partie qui re\u00e7oit les donn\u00e9es. Dans le cas du GA4, vous signez cet accord lorsque vous cr\u00e9ez un compte. <\/p>\n\n<figure class=\"wp-block-image size-large is-resized\"><img decoding=\"async\" width=\"952\" height=\"1024\" src=\"https:\/\/taggrs.io\/wp-content\/uploads\/2023\/12\/Google-Analytics-Terms-of-Service-Agreement-952x1024.png\" alt=\"Accord sur les conditions d&#039;utilisation de Google Analytics\" class=\"wp-image-31694\" style=\"aspect-ratio:0.9296875;width:378px;height:auto\" title=\"\"><\/figure>\n\n<h2 class=\"wp-block-heading\" id=\"first-party-vs-third-party-cookies\">Cookies de premi\u00e8re partie ou de tierce partie<\/h2>\n\n<p>Les cookies de premi\u00e8re partie sont cr\u00e9\u00e9s par le site web visit\u00e9 lui-m\u00eame et sont principalement destin\u00e9s \u00e0 optimiser l'exp\u00e9rience de l'utilisateur, comme la m\u00e9morisation des donn\u00e9es de connexion et des articles du panier d'achat. Ils sont essentiels \u00e0 la fonctionnalit\u00e9 du site et ne sont actifs que sur le site web qui les a cr\u00e9\u00e9s. En revanche, les cookies tiers sont cr\u00e9\u00e9s par des tiers, tels que les r\u00e9seaux publicitaires, et se concentrent sur le suivi, le reciblage et la diffusion d'annonces personnalis\u00e9es aux utilisateurs.  <\/p>\n\n<p>L'utilisation de cookies de tierce partie est clairement remplac\u00e9e par celle de cookies de premi\u00e8re partie. Cette tendance est renforc\u00e9e par l'importance croissante accord\u00e9e \u00e0 la protection de la vie priv\u00e9e et des donn\u00e9es. En outre, les navigateurs tels que Google Chrome et Mozilla Firefox accordent de plus en plus d'importance \u00e0 la protection de la vie priv\u00e9e des utilisateurs, ce qui se traduit par un blocage ou une restriction croissants des cookies tiers.    <\/p>\n\n<p>Ces \u00e9volutions entra\u00eenent un passage des cookies de tiers aux cookies de premi\u00e8re partie.<\/p>\n\n<blockquote class=\"wp-block-quote is-layout-flow wp-block-quote-is-layout-flow\">\n<p>Plus d'informations dans ce blog sur les <a href=\"https:\/\/taggrs.io\/fr\/first-party-vs-third-party-cookies\/\">cookies de premi\u00e8re partie et de tierce partie<\/a>.<\/p>\n<\/blockquote>\n\n<h2 class=\"wp-block-heading\" id=\"invloed-avg-op-data-tracking\">Impact d'AVG sur le suivi des donn\u00e9es<\/h2>\n\n<p>Un exemple sp\u00e9cifique de l'impact des lois sur la protection de la vie priv\u00e9e sur le server side tagging est l'interdiction par certains gouvernements de l'utilisation de Google Analytics. Google Analytics collecte des donn\u00e9es sur le comportement des visiteurs d'un site web, ce qui peut poser des probl\u00e8mes de protection de la vie priv\u00e9e. C'est pourquoi certains gouvernements ont d\u00e9cid\u00e9 d'interdire Google Analytics sur les sites web gouvernementaux afin de prot\u00e9ger la vie priv\u00e9e des citoyens.  <\/p>\n\n<p>De nombreux pays estiment que Google Analytics n'est pas conforme \u00e0 la l\u00e9gislation AVG. Cette \u00e9volution souligne l'importance croissante de la protection de la vie priv\u00e9e et des donn\u00e9es dans le monde num\u00e9rique et, en m\u00eame temps, elle montre la n\u00e9cessit\u00e9 d'alternatives telles que le server side tagging. <\/p>\n\n<blockquote class=\"wp-block-quote is-layout-flow wp-block-quote-is-layout-flow\">\n<p>Vous trouverez ici une liste des <a href=\"https:\/\/plausible.io\/blog\/google-analytics-illegal\" target=\"_blank\" rel=\"noopener\">pays qui consid\u00e8rent que Google Analytics est ill\u00e9gal<\/a>.  <\/p>\n<\/blockquote>\n\n<h2 class=\"wp-block-heading\" id=\"hoe-helpt-server-side-gtm-om-te-voldoen-aan-de-avg-regels\">Comment le GTM c\u00f4t\u00e9 serveur permet-il de se conformer aux r\u00e9glementations AVG ?<\/h2>\n\n<p>Si vous travaillez avec des cookies de tiers, vous savez que le contr\u00f4le de vos donn\u00e9es peut parfois s'av\u00e9rer d\u00e9licat. Avec Server GTM, vous pouvez r\u00e9soudre ce probl\u00e8me et mieux g\u00e9rer ce qu'il advient de vos donn\u00e9es. Nous vous expliquons ci-dessous comment.  <\/p>\n\n<h3 class=\"wp-block-heading\" id=\"controle-over-data-van-derden\">Contr\u00f4le des donn\u00e9es des tiers<\/h3>\n\n<p>Travailler avec des scripts de suivi web tiers ne signifie pas toujours que vous savez quelles donn\u00e9es sont collect\u00e9es. Avec Server GTM, vous pouvez g\u00e9rer cela plus pr\u00e9cis\u00e9ment. Par exemple, si vous souhaitez configurer le server side tagging pour Facebook, vous pouvez utiliser les balises de serveur pour sp\u00e9cifier exactement quelles informations sont envoy\u00e9es \u00e0 Facebook. Cela limite ce que Facebook peut voir.   <\/p>\n\n<h3 class=\"wp-block-heading\" id=\"veilig-omgaan-met-gevoelige-info-en-pii\">Traitement s\u00e9curis\u00e9 des informations sensibles et des IPI<\/h3>\n\n<p>Il est contraire \u00e0 la politique de plateformes telles que Google et Facebook d'envoyer des informations personnelles identifiables (PII). Server GTM vous aide \u00e0 r\u00e9soudre ce probl\u00e8me. Vous pouvez supprimer les IPI telles que les adresses IP avant qu'elles ne soient envoy\u00e9es \u00e0 des plateformes externes, ou vous pouvez hacher les informations.  <\/p>\n\n<h3 class=\"wp-block-heading\" id=\"oplossingen-voor-data-management\">Solutions de gestion des donn\u00e9es<\/h3>\n\n<p>Hachage des donn\u00e9es de l'utilisateur : Les diff\u00e9rentes plateformes ont leurs propres normes de hachage. Par exemple, Google Analytics utilise SHA256, tout comme Facebook. <\/p>\n\n<p>Utilisez un faux ID GA4 : Certaines personnes utilisent un vrai ID Google Analytics 4 pour le suivi des \u00e9v\u00e9nements, et un faux ID GA4 pour envoyer les donn\u00e9es au conteneur du serveur.<\/p>\n\n<p>Server GTM vous permet \u00e9galement de modifier les URL des sites web avant de les envoyer \u00e0 un tiers. Cette fonction est utile si, par exemple, vos URL contiennent des informations sensibles qui ne doivent pas \u00eatre partag\u00e9es. <\/p>\n\n<figure class=\"wp-block-image size-full\"><img decoding=\"async\" width=\"882\" height=\"518\" src=\"https:\/\/taggrs.io\/wp-content\/uploads\/2022\/12\/client-side-server-side-data-owned-by.png\" alt=\"client-side-server-side-data-owned-by.png\" class=\"wp-image-17489\" title=\"\"><\/figure>\n\n<h2 class=\"wp-block-heading\" id=\"is-server-side-de-toekomst\">Le serveur est-il l'avenir ?<\/h2>\n\n<p>Compte tenu de l'importance croissante accord\u00e9e \u00e0 la confidentialit\u00e9 des donn\u00e9es et \u00e0 l'AVG, le server side tagging semble \u00eatre plus qu'une tendance. Il permet aux entreprises d'affiner la collecte des donn\u00e9es tout en garantissant une meilleure conformit\u00e9 avec les lois sur la protection de la vie priv\u00e9e. Certains pays interdisent d\u00e9j\u00e0 l'utilisation de certains outils de tracking tiers, ce qui renforce encore la n\u00e9cessit\u00e9 de solutions c\u00f4t\u00e9 serveur.  <\/p>\n\n<p>On assiste \u00e9galement \u00e0 une \u00e9volution des cookies de tierce partie vers les cookies de premi\u00e8re partie en raison de l'importance accrue accord\u00e9e \u00e0 la protection de la vie priv\u00e9e des utilisateurs. Le server side tagging offre ici une solution compl\u00e9mentaire en filtrant et en hachant les donn\u00e9es sensibles avant de les envoyer \u00e0 des parties externes. <\/p>\n\n<p>En r\u00e9sum\u00e9, le server side tagging ne semble pas seulement \u00eatre l'avenir, il semble fa\u00e7onner l'avenir. L'accent \u00e9tant mis de plus en plus sur la conformit\u00e9 AVG et l'int\u00e9grit\u00e9 des donn\u00e9es, le balisage c\u00f4t\u00e9 serveur offre une voie vers la conformit\u00e9 et l'analyse d\u00e9taill\u00e9e des donn\u00e9es. <\/p>\n\n<p>TAGGRS propose un<a href=\"https:\/\/taggrs.io\/fr\/gtm-server-side-tagging-hosting\/\"> h\u00e9bergement Server Side Tracking <\/a>qui vous permet de continuer \u00e0 collecter des donn\u00e9es en ligne tout en respectant la l\u00e9gislation AVG.<\/p>\n\n<p><strong>Rendez-vous du c\u00f4t\u00e9 du serveur !<\/strong><\/p>\n\n<h2 class=\"wp-block-heading\" id=\"faq-server-side-tagging-avg\">FAQ - Server side tagging AVG  <\/h2>\n<div id=\"rank-math-faq\" class=\"rank-math-block\">\n<div class=\"rank-math-list \">\n<div id=\"faq-question-1706869691524\" class=\"rank-math-list-item\">\n<h3 class=\"rank-math-question \">Quelles sont les donn\u00e9es qui ne sont pas couvertes par la loi sur la protection des donn\u00e9es ?<\/h3>\n<div class=\"rank-math-answer \">\n\n<p>Les donn\u00e9es anonymes, pour lesquelles l'identification des personnes est impossible, ne rel\u00e8vent pas de la LVP. La LVP s'applique aux donn\u00e9es \u00e0 caract\u00e8re personnel, ce qui signifie que toutes les informations permettant d'identifier directement ou indirectement une personne sont couvertes par cette loi. Les donn\u00e9es anonymes, ou les donn\u00e9es trait\u00e9es de telle sorte qu'elles ne permettent plus d'identifier les personnes concern\u00e9es, sont exclues du champ d'application de la loi. Le server side tagging peut aider \u00e0 rendre anonymes des donn\u00e9es personnelles telles que les adresses IP.   <\/p>\n\n<\/div>\n<\/div>\n<div id=\"faq-question-1706869705898\" class=\"rank-math-list-item\">\n<h3 class=\"rank-math-question \">Google Tag Manager est-il compatible avec AVG ?<\/h3>\n<div class=\"rank-math-answer \">\n\n<p>Consent ModeGoogle Tag Manager peut \u00eatre conforme aux normes AVG s'il est correctement configur\u00e9 pour collecter et traiter des donn\u00e9es personnelles uniquement avec le consentement de l'utilisateur, en utilisant .<\/p>\n\n<\/div>\n<\/div>\n<div id=\"faq-question-1706869031955\" class=\"rank-math-list-item\">\n<h3 class=\"rank-math-question \">Le server side tagging est-il l\u00e9gal ?<\/h3>\n<div class=\"rank-math-answer \">\n\n<p>Le server side tagging est l\u00e9gal \u00e0 condition qu'il soit conforme aux r\u00e8gles d'AVG. Il exige la transparence et le consentement de l'utilisateur pour la collecte et le traitement des donn\u00e9es personnelles. <\/p>\n\n<\/div>\n<\/div>\n<div id=\"faq-question-1706869714566\" class=\"rank-math-list-item\">\n<h3 class=\"rank-math-question \">La GAV peut-elle \u00eatre r\u00e9alis\u00e9e sans le consentement de l'int\u00e9ress\u00e9 ?<\/h3>\n<div class=\"rank-math-answer \">\n\n<p>AVG exige le consentement dans de nombreux cas, mais le traitement est parfois possible sans consentement \u00e0 des fins sp\u00e9cifiques telles que la n\u00e9cessit\u00e9 contractuelle ou les obligations l\u00e9gales.<\/p>\n\n<\/div>\n<\/div>\n<\/div>\n<\/div>","protected":false},"excerpt":{"rendered":"<p>Le programme AVG a chang\u00e9 beaucoup de choses pour les entrepreneurs en ligne. Il est ...<\/p>\n","protected":false},"author":10,"featured_media":31836,"parent":20802,"menu_order":0,"comment_status":"closed","ping_status":"closed","template":"","meta":{"_acf_changed":false,"footnotes":""},"class_list":["post-34324","page","type-page","status-publish","has-post-thumbnail","hentry"],"acf":[],"_links":{"self":[{"href":"https:\/\/taggrs.io\/fr\/wp-json\/wp\/v2\/pages\/34324","targetHints":{"allow":["GET"]}}],"collection":[{"href":"https:\/\/taggrs.io\/fr\/wp-json\/wp\/v2\/pages"}],"about":[{"href":"https:\/\/taggrs.io\/fr\/wp-json\/wp\/v2\/types\/page"}],"author":[{"embeddable":true,"href":"https:\/\/taggrs.io\/fr\/wp-json\/wp\/v2\/users\/10"}],"replies":[{"embeddable":true,"href":"https:\/\/taggrs.io\/fr\/wp-json\/wp\/v2\/comments?post=34324"}],"version-history":[{"count":0,"href":"https:\/\/taggrs.io\/fr\/wp-json\/wp\/v2\/pages\/34324\/revisions"}],"up":[{"embeddable":true,"href":"https:\/\/taggrs.io\/fr\/wp-json\/wp\/v2\/pages\/20802"}],"wp:featuredmedia":[{"embeddable":true,"href":"https:\/\/taggrs.io\/fr\/wp-json\/wp\/v2\/media\/31836"}],"wp:attachment":[{"href":"https:\/\/taggrs.io\/fr\/wp-json\/wp\/v2\/media?parent=34324"}],"curies":[{"name":"wp","href":"https:\/\/api.w.org\/{rel}","templated":true}]}}